{"id":29772,"date":"2021-02-21T16:03:30","date_gmt":"2021-02-21T16:03:30","guid":{"rendered":"https:\/\/www.autonvaraosahaku.fi\/?product=mahle-original-011-58-n0-mannanrenkaat"},"modified":"2021-02-21T16:03:32","modified_gmt":"2021-02-21T16:03:32","slug":"mahle-original-011-58-n0-mannanrenkaat","status":"publish","type":"product","link":"https:\/\/www.autonvaraosahaku.fi\/?product=mahle-original-011-58-n0-mannanrenkaat","title":{"rendered":"MAHLE ORIGINAL 011 58 N0 M\u00e4nn\u00e4nrenkaat"},"content":{"rendered":"<p>Sylinterin halkaisija [mm]: 86,0; Komponenttinumero: 1. R 1,5 Mo, 2. NM 1,5 P, 3. 3S 3,0 Cr; Moottorinumero: 20 NE; CHEVROLET: EPICA KL1_; OPEL: ASTRA G CC F48_, F08_,OMEGA A 16_, 17_, 19_,ASTRA G Caravan F35_,VECTRA B 36_,ASTRA F CC 53_, 54_, 58_, 59_,OMEGA B Caravan 21_, 22_, 23_,OMEGA B 25_, 26_, 27_,VECTRA B Caravan 31_,ASTRA F Caravan 51_, 52_,FRONTERA B 6B_,ASTRA G Stufenheck F69_,CALIBRA A 85_,VECTRA B CC 38_,VECTRA A 86_, 87_,ASTRA F Cabriolet 53_B,ASTRA F 56_, 57_,KADETT E CC 33_, 34_, 43_, 44_,SINTRA,FRONTERA A Sport 5_SUD2,FRONTERA A 5_MWL4,VECTRA A CC 88_, 89_,KADETT E Cabriolet 43B_,ASCONA C 81_, 86_, 87_, 88_,OMEGA A Caravan 66_, 67_,KADETT E 39_, 49_,ASCONA C CC 84_, 89_,KADETT E Caravan 35_, 36_, 45_, 46_,REKORD E; SAAB: 9000 Schr\u00e4gheck,9000; CITRO\u00cbN: XSARA N1,XSARA Coupe N0,ZX N2; PEUGEOT: 306 Schr\u00e4gheck 7A, 7C, N3, N5; VAUXHALL: CALIBRA,ASTRA Mk IV G CC,ASTRA Mk III F CC,FRONTERA Mk II B,ASTRA Mk IV G Sedan,OMEGA B,ASTRA Mk II CC,VECTRA B CC,FRONTERA Mk I A,CAVALIER Mk III 87,VECTRA B Estate,VECTRA B,FRONTERA Mk I A Sport,ASTRA Mk III F Estate,CAVALIER Mk III CC,OMEGA B Estate,CAVALIER Mk II CC,CARLTON Mk III; 0630034, 0630099, 0630109, 0630283, 0630556, 0632109, 630034, 630099, 630109, 630283, 630556, 632109, 90350499, 90351656, 90351658, 90423082, 0640J9; M\u00e4nn\u00e4nrengassarja<\/p>\n","protected":false},"excerpt":{"rendered":"<p>MAHLE ORIGINAL M\u00e4nn\u00e4nrenkaat 011 58 N0 M\u00e4nn\u00e4nrengassarja CHEVROLET,OPEL,SAAB,EPICA KL1_,ASTRA G CC F48_, F08_,OMEGA A 16_, 17_, 19_<\/p>\n","protected":false},"featured_media":0,"template":"","meta":{"site-sidebar-layout":"default","site-content-layout":"default","ast-global-header-display":"","ast-main-header-display":"","ast-hfb-above-header-display":"","ast-hfb-below-header-display":"","ast-hfb-mobile-header-display":"","site-post-title":"","ast-breadcrumbs-content":"","ast-featured-img":"","footer-sml-layout":"","theme-transparent-header-meta":"","adv-header-id-meta":"","stick-header-meta":"","header-above-stick-meta":"","header-main-stick-meta":"","header-below-stick-meta":""},"pwb-brand":[153],"product_cat":[154],"product_tag":[],"class_list":{"0":"post-29772","1":"product","2":"type-product","3":"status-publish","5":"pwb-brand-mahle-original","6":"product_cat-mannanrenkaat","7":"desktop-align-left","8":"tablet-align-left","9":"mobile-align-left","11":"first","12":"instock","13":"product-type-external"},"brands":[{"id":153,"name":"MAHLE ORIGINAL","slug":"mahle-original"}],"_links":{"self":[{"href":"https:\/\/www.autonvaraosahaku.fi\/index.php?rest_route=\/wp\/v2\/product\/29772","targetHints":{"allow":["GET"]}}],"collection":[{"href":"https:\/\/www.autonvaraosahaku.fi\/index.php?rest_route=\/wp\/v2\/product"}],"about":[{"href":"https:\/\/www.autonvaraosahaku.fi\/index.php?rest_route=\/wp\/v2\/types\/product"}],"wp:attachment":[{"href":"https:\/\/www.autonvaraosahaku.fi\/index.php?rest_route=%2Fwp%2Fv2%2Fmedia&parent=29772"}],"wp:term":[{"taxonomy":"pwb-brand","embeddable":true,"href":"https:\/\/www.autonvaraosahaku.fi\/index.php?rest_route=%2Fwp%2Fv2%2Fpwb-brand&post=29772"},{"taxonomy":"product_cat","embeddable":true,"href":"https:\/\/www.autonvaraosahaku.fi\/index.php?rest_route=%2Fwp%2Fv2%2Fproduct_cat&post=29772"},{"taxonomy":"product_tag","embeddable":true,"href":"https:\/\/www.autonvaraosahaku.fi\/index.php?rest_route=%2Fwp%2Fv2%2Fproduct_tag&post=29772"}],"curies":[{"name":"wp","href":"https:\/\/api.w.org\/{rel}","templated":true}]}}