{"id":29783,"date":"2021-02-21T16:03:35","date_gmt":"2021-02-21T16:03:35","guid":{"rendered":"https:\/\/www.autonvaraosahaku.fi\/?product=japanparts-fc-h03s-polttoainesuodatin"},"modified":"2021-02-21T16:03:36","modified_gmt":"2021-02-21T16:03:36","slug":"japanparts-fc-h03s-polttoainesuodatin","status":"publish","type":"product","link":"https:\/\/www.autonvaraosahaku.fi\/?product=japanparts-fc-h03s-polttoainesuodatin","title":{"rendered":"JAPANPARTS FC-H03S Polttoainesuodatin"},"content":{"rendered":"<p>Suodatintyyppi: Ruuvattava suodatin; Pituus (mm): 144; Ulkol\u00e4pimitta [mm]: 80; Asennusl\u00e4pimitta [mm]: 70; Sis\u00e4kierre (mm): M 16X 1,5; Sis\u00e4kierre 1 [mm]: M 10X 1,5; Valmistusvuosi alkaen: 11\/2006; KIA: SORENTO I JC,CEE&#8217;D SW ED,VENGA YN,SORENTO II XM,RIO II JB,CEE&#8217;D JD,CARENS III UN,CEE`D Sportswagon JD,CARENS IV,MAGENTIS MG,RIO II Stufenheck JB,OPTIMA,SORENTO III,OPTIMA Sportswagon; HYUNDAI: i30 FD,GETZ TB,i30 CW FD,i40 CW VF,SANTA F\u00c9 II CM,i30 GD,ix20 JC,MATRIX FC,i30 CW GD,SONATA V NF,ix55,SANTA F\u00c9 III DM,i30 Coupe,ACCENT II LC,i40 VF,H-1 Kasten,ACCENT III MC,ACCENT III Stufenheck MC,ACCENT II Stufenheck LC; 319222B900, 319222R900, 319222W000, 319223E300, 31922A9000, 31980A6900, 319222B900, 319222R900, 319229R900<\/p>\n","protected":false},"excerpt":{"rendered":"<p>JAPANPARTS Polttoainesuodatin FC-H03S  KIA,HYUNDAI,SORENTO I JC,CEE&#8217;D SW ED,VENGA YN,SORENTO II XM,RIO II JB,CEE&#8217;D JD,CARENS III UN<\/p>\n","protected":false},"featured_media":0,"template":"","meta":{"site-sidebar-layout":"default","site-content-layout":"default","ast-global-header-display":"","ast-main-header-display":"","ast-hfb-above-header-display":"","ast-hfb-below-header-display":"","ast-hfb-mobile-header-display":"","site-post-title":"","ast-breadcrumbs-content":"","ast-featured-img":"","footer-sml-layout":"","theme-transparent-header-meta":"","adv-header-id-meta":"","stick-header-meta":"","header-above-stick-meta":"","header-main-stick-meta":"","header-below-stick-meta":""},"pwb-brand":[334],"product_cat":[29],"product_tag":[],"class_list":{"0":"post-29783","1":"product","2":"type-product","3":"status-publish","5":"pwb-brand-japanparts","6":"product_cat-polttoainesuodatin","7":"desktop-align-left","8":"tablet-align-left","9":"mobile-align-left","11":"first","12":"instock","13":"product-type-external"},"brands":[{"id":334,"name":"JAPANPARTS","slug":"japanparts"}],"_links":{"self":[{"href":"https:\/\/www.autonvaraosahaku.fi\/index.php?rest_route=\/wp\/v2\/product\/29783","targetHints":{"allow":["GET"]}}],"collection":[{"href":"https:\/\/www.autonvaraosahaku.fi\/index.php?rest_route=\/wp\/v2\/product"}],"about":[{"href":"https:\/\/www.autonvaraosahaku.fi\/index.php?rest_route=\/wp\/v2\/types\/product"}],"wp:attachment":[{"href":"https:\/\/www.autonvaraosahaku.fi\/index.php?rest_route=%2Fwp%2Fv2%2Fmedia&parent=29783"}],"wp:term":[{"taxonomy":"pwb-brand","embeddable":true,"href":"https:\/\/www.autonvaraosahaku.fi\/index.php?rest_route=%2Fwp%2Fv2%2Fpwb-brand&post=29783"},{"taxonomy":"product_cat","embeddable":true,"href":"https:\/\/www.autonvaraosahaku.fi\/index.php?rest_route=%2Fwp%2Fv2%2Fproduct_cat&post=29783"},{"taxonomy":"product_tag","embeddable":true,"href":"https:\/\/www.autonvaraosahaku.fi\/index.php?rest_route=%2Fwp%2Fv2%2Fproduct_tag&post=29783"}],"curies":[{"name":"wp","href":"https:\/\/api.w.org\/{rel}","templated":true}]}}