{"id":29787,"date":"2021-02-21T16:03:35","date_gmt":"2021-02-21T16:03:35","guid":{"rendered":"https:\/\/www.autonvaraosahaku.fi\/?product=ajusa-00579600-pakosarjan-tiivisteet"},"modified":"2021-02-21T16:03:36","modified_gmt":"2021-02-21T16:03:36","slug":"ajusa-00579600-pakosarjan-tiivisteet","status":"publish","type":"product","link":"https:\/\/www.autonvaraosahaku.fi\/?product=ajusa-00579600-pakosarjan-tiivisteet","title":{"rendered":"AJUSA 00579600 Pakosarjan tiivisteet"},"content":{"rendered":"<p>Asennuspuoli: Poistopuoli; Paksuus [mm]: 1,2; Leveys (mm): 88; Pituus (mm): 92; Paino [g]: 12,201; Tarvittava kappalem\u00e4\u00e4r\u00e4: 2; BMW: 3 E46,5 E39,5 E60,3 Touring E46,5 Touring E39,3 Coupe E46,3 Compact E36,3 E36,3 Cabriolet E46,7 E38,3 Coupe E36,Z3 E36,5 E34,3 Cabriolet E36,3 Touring E36,5 Touring E34,Z3 Coupe E36; WIESMANN: MF3 Roadster; 18301716888; Tiiviste, Pakoputki<\/p>\n","protected":false},"excerpt":{"rendered":"<p>AJUSA Pakoputken Tiiviste 00579600 Tiiviste, Pakoputki BMW,WIESMANN,3 E46,5 E39,5 E60,3 Touring E46,5 Touring E39,3 Coupe E46,3 Compact E36,3 E36<\/p>\n","protected":false},"featured_media":0,"template":"","meta":{"site-sidebar-layout":"default","site-content-layout":"default","ast-global-header-display":"","ast-main-header-display":"","ast-hfb-above-header-display":"","ast-hfb-below-header-display":"","ast-hfb-mobile-header-display":"","site-post-title":"","ast-breadcrumbs-content":"","ast-featured-img":"","footer-sml-layout":"","theme-transparent-header-meta":"","adv-header-id-meta":"","stick-header-meta":"","header-above-stick-meta":"","header-main-stick-meta":"","header-below-stick-meta":""},"pwb-brand":[211],"product_cat":[123],"product_tag":[],"class_list":{"0":"post-29787","1":"product","2":"type-product","3":"status-publish","5":"pwb-brand-ajusa","6":"product_cat-pakosarjan-tiivisteet","7":"desktop-align-left","8":"tablet-align-left","9":"mobile-align-left","11":"first","12":"instock","13":"product-type-external"},"brands":[{"id":211,"name":"AJUSA","slug":"ajusa"}],"_links":{"self":[{"href":"https:\/\/www.autonvaraosahaku.fi\/index.php?rest_route=\/wp\/v2\/product\/29787","targetHints":{"allow":["GET"]}}],"collection":[{"href":"https:\/\/www.autonvaraosahaku.fi\/index.php?rest_route=\/wp\/v2\/product"}],"about":[{"href":"https:\/\/www.autonvaraosahaku.fi\/index.php?rest_route=\/wp\/v2\/types\/product"}],"wp:attachment":[{"href":"https:\/\/www.autonvaraosahaku.fi\/index.php?rest_route=%2Fwp%2Fv2%2Fmedia&parent=29787"}],"wp:term":[{"taxonomy":"pwb-brand","embeddable":true,"href":"https:\/\/www.autonvaraosahaku.fi\/index.php?rest_route=%2Fwp%2Fv2%2Fpwb-brand&post=29787"},{"taxonomy":"product_cat","embeddable":true,"href":"https:\/\/www.autonvaraosahaku.fi\/index.php?rest_route=%2Fwp%2Fv2%2Fproduct_cat&post=29787"},{"taxonomy":"product_tag","embeddable":true,"href":"https:\/\/www.autonvaraosahaku.fi\/index.php?rest_route=%2Fwp%2Fv2%2Fproduct_tag&post=29787"}],"curies":[{"name":"wp","href":"https:\/\/api.w.org\/{rel}","templated":true}]}}