{"id":29796,"date":"2021-02-21T16:03:35","date_gmt":"2021-02-21T16:03:35","guid":{"rendered":"https:\/\/www.autonvaraosahaku.fi\/?product=corteco-20015456b-kampiakselin-tiiviste"},"modified":"2021-02-21T16:03:38","modified_gmt":"2021-02-21T16:03:38","slug":"corteco-20015456b-kampiakselin-tiiviste","status":"publish","type":"product","link":"https:\/\/www.autonvaraosahaku.fi\/?product=corteco-20015456b-kampiakselin-tiiviste","title":{"rendered":"CORTECO 20015456B Kampiakselin tiiviste"},"content":{"rendered":"<p>Asennuspuoli: Etup\u00e4\u00e4; Sis\u00e4l\u00e4pimitta 1 [mm]: 42; Ulkol\u00e4pimitta 1 [mm]: 62; Korkeus 1 (mm): 7; Materiaali: FPM (fluori-kumi)\/APM (polyakryyli-kumi); Suojavaippa: Suojakumilla; Rihlamalli: Oikea kierre; Moottorinumero: B6D (XU5JA); VW: GOLF II 19E, 1G1,PASSAT 3B3,GOLF III Variant 1H5,POLO Coupe 86C, 80,TRANSPORTER III Pritsche\/Fahrgestell,DERBY 86C, 80,PASSAT 32; AUDI: A6 Avant 4B5, C5,80 8C, B4,A6 4B2, C5,80 89, 89Q, 8A, B3,80 Avant 8C, B4,90 89, 89Q, 8A, B3,100 Avant 44, 44Q, C3; SKODA: OCTAVIA 1U2,FABIA Stufenheck 6Y3,105,120 744; BMW: 3 E30,7 E38,5 E34,7 E32,02 E10,5 Touring E34,5 E28,3 E21,3 Touring E30,7 E23,5 E12,02 Cabriolet E10; SEAT: IBIZA IV 6L1,MALAGA 023A,TERRA 24; JEEP: GRAND CHEROKEE I ZJ; LADA: NIVA 2121; NISSAN: ALMERA I N15,PICK UP D21,SERENA C23M,300 ZX Z32,VANETTE Bus C22,SUNNY II Hatchback N13,LAUREL JC31; KIA: CARNIVAL II GQ,SPORTAGE K00; HONDA: CIVIC VI Hatchback EJ, EK,CONCERTO HW,INTEGRA DA; 032612, 032622, 032623, 91504836, 96014479, 96141949, 96162015, 9150483680, 9400127479, 9400326129, 9614194980, 9616201580, 2172929000, 9400127479, 9614194980, 032612, 032622, 032623, 9614194980, 032612, 1611466G00, 032612, SU00100061, SU00100084, 30757227; Akselitiiviste, Kampiakseli<\/p>\n","protected":false},"excerpt":{"rendered":"<p>CORTECO Kampiakselin Tiiviste 20015456B Akselitiiviste, Kampiakseli VW,AUDI,SKODA,GOLF II 19E, 1G1,PASSAT 3B3,GOLF III Variant 1H5,POLO Coupe 86C, 80<\/p>\n","protected":false},"featured_media":0,"template":"","meta":{"site-sidebar-layout":"default","site-content-layout":"default","ast-global-header-display":"","ast-main-header-display":"","ast-hfb-above-header-display":"","ast-hfb-below-header-display":"","ast-hfb-mobile-header-display":"","site-post-title":"","ast-breadcrumbs-content":"","ast-featured-img":"","footer-sml-layout":"","theme-transparent-header-meta":"","adv-header-id-meta":"","stick-header-meta":"","header-above-stick-meta":"","header-main-stick-meta":"","header-below-stick-meta":""},"pwb-brand":[53],"product_cat":[88],"product_tag":[],"class_list":{"0":"post-29796","1":"product","2":"type-product","3":"status-publish","5":"pwb-brand-corteco","6":"product_cat-kampiakselin-tiiviste","7":"desktop-align-left","8":"tablet-align-left","9":"mobile-align-left","11":"first","12":"instock","13":"product-type-external"},"brands":[{"id":53,"name":"CORTECO","slug":"corteco"}],"_links":{"self":[{"href":"https:\/\/www.autonvaraosahaku.fi\/index.php?rest_route=\/wp\/v2\/product\/29796","targetHints":{"allow":["GET"]}}],"collection":[{"href":"https:\/\/www.autonvaraosahaku.fi\/index.php?rest_route=\/wp\/v2\/product"}],"about":[{"href":"https:\/\/www.autonvaraosahaku.fi\/index.php?rest_route=\/wp\/v2\/types\/product"}],"wp:attachment":[{"href":"https:\/\/www.autonvaraosahaku.fi\/index.php?rest_route=%2Fwp%2Fv2%2Fmedia&parent=29796"}],"wp:term":[{"taxonomy":"pwb-brand","embeddable":true,"href":"https:\/\/www.autonvaraosahaku.fi\/index.php?rest_route=%2Fwp%2Fv2%2Fpwb-brand&post=29796"},{"taxonomy":"product_cat","embeddable":true,"href":"https:\/\/www.autonvaraosahaku.fi\/index.php?rest_route=%2Fwp%2Fv2%2Fproduct_cat&post=29796"},{"taxonomy":"product_tag","embeddable":true,"href":"https:\/\/www.autonvaraosahaku.fi\/index.php?rest_route=%2Fwp%2Fv2%2Fproduct_tag&post=29796"}],"curies":[{"name":"wp","href":"https:\/\/api.w.org\/{rel}","templated":true}]}}