{"id":29861,"date":"2021-02-21T16:03:53","date_gmt":"2021-02-21T16:03:53","guid":{"rendered":"https:\/\/www.autonvaraosahaku.fi\/?product=mahle-original-ox-69d-oljynsuodatin"},"modified":"2021-02-21T16:03:53","modified_gmt":"2021-02-21T16:03:53","slug":"mahle-original-ox-69d-oljynsuodatin","status":"publish","type":"product","link":"https:\/\/www.autonvaraosahaku.fi\/?product=mahle-original-ox-69d-oljynsuodatin","title":{"rendered":"MAHLE ORIGINAL OX 69D \u00d6ljynsuodatin"},"content":{"rendered":"<p>Suodatintyyppi: Suodatinpanos; Korkeus (mm): 270,0; Korkeus 1 (mm): 243,0; L\u00e4pimitta [mm]: 120,0; Sis\u00e4l\u00e4pimitta 1 [mm]: 56,0, 56,0; L\u00e4pimitta 3 [mm]: 64,0; L\u00e4pimitta 4 [mm]: 13,5, 13,5, 58,0, 58,0; Tiivisteen l\u00e4pimitta [mm]: 56,0, 64,0; Valmistusvuoteen: 07\/1990; MERCEDES-BENZ: ATRON,CONECTO (O 345),INTEGRO (O 550),MK,NG,O 302,O 303,O 305,O 307,O 405,O 407,O 408,OH,SK,TOURO (O 500); VAN HOOL: A-Serie,Serie 9,T-Serie; SOLARIS: URBINO; SETRA: Series 200,Series 300; PADANE: Z-Serie; NEOPLAN: Centroliner,Euroliner,Starliner,Transliner,Trendliner; MAZ: Serie 200; MAN: EL,F2000,F90,F90 Unterflur,HELICON,HOCL,LION\u00b4S CITY,LION\u00b4S COACH,LION\u00b4S COMFORT,LION\u00b4S STAR,M90,NG,NL,N\u00dc,R,SD,SG,SL,SL II,SR,S\u00dc,\u00dcL; BREDAMENARINIBUS: AVANCITY; AYATS: Bravo; 5000850, 5011426, 5011447, 5011509, 5011889, A730X6744HA, A830X6731CA, A830X6744AHA, A830X6744UA, A83OX6744AGA, EFL179, 7984923, 7984943, 9975291, 3371420R1, 51000000238, 51005040044, 51005040087, 51055040031, 51055040044, 51055040046, 51055040047, 51055040061, 51055040069, 51055040070, 51055040071, 51055040087, 51055040090, 51055040101, 51055040104, 81000000238, 81055040031, 81055040039, 81055040041, 82055040070, 82055040087, 0001801109, 0001843825, 0011840125, 0011840325, 0011840625, 0011842525, 0011843825, 0021847725, 0022847725, 11843825, 1843825, 4021800009, 4031800011, 4031840025, 4221800210, A0001801109, A0001843825, A0011840125, A0011840325, A0011840625, A0011842525, A0011843825, A0021847725, A0022847725, A11843825, A1843825, A4021800009, A4031800011, A4031840025, A4221800210, 5000243098, 5001846631, 5000043298, 5000046552, 5000243098, 5001846631<\/p>\n","protected":false},"excerpt":{"rendered":"<p>MAHLE ORIGINAL \u00d6ljynsuodatin OX 69D  MERCEDES-BENZ,VAN HOOL,SOLARIS,ATRON,CONECTO (O 345),INTEGRO (O 550),MK,NG,O 302,O 303,O 305,O 307,O 405,O 407<\/p>\n","protected":false},"featured_media":0,"template":"","meta":{"site-sidebar-layout":"default","site-content-layout":"default","ast-global-header-display":"","ast-main-header-display":"","ast-hfb-above-header-display":"","ast-hfb-below-header-display":"","ast-hfb-mobile-header-display":"","site-post-title":"","ast-breadcrumbs-content":"","ast-featured-img":"","footer-sml-layout":"","theme-transparent-header-meta":"","adv-header-id-meta":"","stick-header-meta":"","header-above-stick-meta":"","header-main-stick-meta":"","header-below-stick-meta":""},"pwb-brand":[153],"product_cat":[30],"product_tag":[],"class_list":{"0":"post-29861","1":"product","2":"type-product","3":"status-publish","5":"pwb-brand-mahle-original","6":"product_cat-oljynsuodatin","7":"desktop-align-left","8":"tablet-align-left","9":"mobile-align-left","11":"first","12":"instock","13":"product-type-external"},"brands":[{"id":153,"name":"MAHLE ORIGINAL","slug":"mahle-original"}],"_links":{"self":[{"href":"https:\/\/www.autonvaraosahaku.fi\/index.php?rest_route=\/wp\/v2\/product\/29861","targetHints":{"allow":["GET"]}}],"collection":[{"href":"https:\/\/www.autonvaraosahaku.fi\/index.php?rest_route=\/wp\/v2\/product"}],"about":[{"href":"https:\/\/www.autonvaraosahaku.fi\/index.php?rest_route=\/wp\/v2\/types\/product"}],"wp:attachment":[{"href":"https:\/\/www.autonvaraosahaku.fi\/index.php?rest_route=%2Fwp%2Fv2%2Fmedia&parent=29861"}],"wp:term":[{"taxonomy":"pwb-brand","embeddable":true,"href":"https:\/\/www.autonvaraosahaku.fi\/index.php?rest_route=%2Fwp%2Fv2%2Fpwb-brand&post=29861"},{"taxonomy":"product_cat","embeddable":true,"href":"https:\/\/www.autonvaraosahaku.fi\/index.php?rest_route=%2Fwp%2Fv2%2Fproduct_cat&post=29861"},{"taxonomy":"product_tag","embeddable":true,"href":"https:\/\/www.autonvaraosahaku.fi\/index.php?rest_route=%2Fwp%2Fv2%2Fproduct_tag&post=29861"}],"curies":[{"name":"wp","href":"https:\/\/api.w.org\/{rel}","templated":true}]}}