{"id":29876,"date":"2021-02-21T16:03:53","date_gmt":"2021-02-21T16:03:53","guid":{"rendered":"https:\/\/www.autonvaraosahaku.fi\/?product=denso-dg-177-hehkutulppa"},"modified":"2021-02-21T16:03:56","modified_gmt":"2021-02-21T16:03:56","slug":"denso-dg-177-hehkutulppa","status":"publish","type":"product","link":"https:\/\/www.autonvaraosahaku.fi\/?product=denso-dg-177-hehkutulppa","title":{"rendered":"DENSO DG-177 Hehkutulppa"},"content":{"rendered":"<p>J\u00e4nnite (V): 5; Kierremitta: M10x1.0; Vastus [Ohm]: 0,5; Kokonaispituus (mm): 96; Avainv\u00e4li: 10; Paino [g]: 25; Tarvittava kappalem\u00e4\u00e4r\u00e4: 4; VW: GOLF V 1K1,TOURAN 1T1, 1T2,PASSAT Variant 3C5,GOLF PLUS 5M1, 521,PASSAT 3C2,CADDY III Kombi 2KB, 2KJ, 2CB, 2CJ,TRANSPORTER V Bus 7HB, 7HJ, 7EB, 7EJ, 7EF,GOLF V Variant 1K5,MULTIVAN V 7HM, 7HN, 7HF, 7EF, 7EM, 7EN,CADDY III Kasten 2KA, 2KH, 2CA, 2CH,EOS 1F7, 1F8,TRANSPORTER V Kasten 7HA, 7HH, 7EA, 7EH,CRAFTER 30-50 Kasten 2E_,JETTA III 1K2,CRAFTER 30-35 Bus 2E_,TRANSPORTER V Pritsche\/Fahrgestell 7JD, 7JE, 7JL, 7JY, 7JZ,,CRAFTER 30-50 Pritsche\/Fahrgestell 2F_; AUDI: A3 8P1,A3 Sportback 8PA,A4 Avant 8ED, B7,A4 Avant 8E5, B6,A4 8E2, B6,A2 8Z0,A4 8EC, B7,A3 Cabriolet 8P7; SKODA: OCTAVIA Combi 1Z5,FABIA,FABIA Combi,ROOMSTER 5J,SUPERB Kombi 3T5,OCTAVIA 1Z3,SUPERB 3U4,SUPERB 3T4; SEAT: LEON 1P1,IBIZA V 6J5, 6P5,ALTEA 5P1,ALTEA XL 5P5, 5P8,IBIZA V SPORTCOUPE 6J1, 6P1,TOLEDO III 5P2; 10591602, 10591603, N10591602, N10591603<\/p>\n","protected":false},"excerpt":{"rendered":"<p>DENSO Hehkutulppa DG-177  VW,AUDI,SKODA,GOLF V 1K1,TOURAN 1T1, 1T2,PASSAT Variant 3C5,GOLF PLUS 5M1, 521,PASSAT 3C2,CADDY III Kombi 2KB, 2KJ, 2CB, 2CJ<\/p>\n","protected":false},"featured_media":0,"template":"","meta":{"site-sidebar-layout":"default","site-content-layout":"default","ast-global-header-display":"","ast-main-header-display":"","ast-hfb-above-header-display":"","ast-hfb-below-header-display":"","ast-hfb-mobile-header-display":"","site-post-title":"","ast-breadcrumbs-content":"","ast-featured-img":"","footer-sml-layout":"","theme-transparent-header-meta":"","adv-header-id-meta":"","stick-header-meta":"","header-above-stick-meta":"","header-main-stick-meta":"","header-below-stick-meta":""},"pwb-brand":[278],"product_cat":[52],"product_tag":[],"class_list":{"0":"post-29876","1":"product","2":"type-product","3":"status-publish","5":"pwb-brand-denso","6":"product_cat-hehkutulppa","7":"desktop-align-left","8":"tablet-align-left","9":"mobile-align-left","11":"first","12":"instock","13":"product-type-external"},"brands":[{"id":278,"name":"DENSO","slug":"denso"}],"_links":{"self":[{"href":"https:\/\/www.autonvaraosahaku.fi\/index.php?rest_route=\/wp\/v2\/product\/29876","targetHints":{"allow":["GET"]}}],"collection":[{"href":"https:\/\/www.autonvaraosahaku.fi\/index.php?rest_route=\/wp\/v2\/product"}],"about":[{"href":"https:\/\/www.autonvaraosahaku.fi\/index.php?rest_route=\/wp\/v2\/types\/product"}],"wp:attachment":[{"href":"https:\/\/www.autonvaraosahaku.fi\/index.php?rest_route=%2Fwp%2Fv2%2Fmedia&parent=29876"}],"wp:term":[{"taxonomy":"pwb-brand","embeddable":true,"href":"https:\/\/www.autonvaraosahaku.fi\/index.php?rest_route=%2Fwp%2Fv2%2Fpwb-brand&post=29876"},{"taxonomy":"product_cat","embeddable":true,"href":"https:\/\/www.autonvaraosahaku.fi\/index.php?rest_route=%2Fwp%2Fv2%2Fproduct_cat&post=29876"},{"taxonomy":"product_tag","embeddable":true,"href":"https:\/\/www.autonvaraosahaku.fi\/index.php?rest_route=%2Fwp%2Fv2%2Fproduct_tag&post=29876"}],"curies":[{"name":"wp","href":"https:\/\/api.w.org\/{rel}","templated":true}]}}