{"id":29883,"date":"2021-02-21T16:03:57","date_gmt":"2021-02-21T16:03:57","guid":{"rendered":"https:\/\/www.autonvaraosahaku.fi\/?product=trw-df2757-jarrulevyt"},"modified":"2021-02-21T16:03:58","modified_gmt":"2021-02-21T16:03:58","slug":"trw-df2757-jarrulevyt","status":"publish","type":"product","link":"https:\/\/www.autonvaraosahaku.fi\/?product=trw-df2757-jarrulevyt","title":{"rendered":"TRW DF2757 Jarrulevyt"},"content":{"rendered":"<p>Jarrulevytyyppi: Vakiomalli; Ulkol\u00e4pimitta [mm]: 278; Jarrulevyn paksuus (mm): 9; V\u00e4himm\u00e4ispaksuus (mm): 7,3; keskitt\u00e4misl\u00e4pimitta [mm]: 67; Korkeus (mm): 53,5; Reikien m\u00e4\u00e4r\u00e4: 5; Kierremitta: 13,6; Reik\u00e4ympyr\u00e4-\u00d8 [mm]: 112; Rumpul\u00e4pimitta: 164; V\u00e4ri: Musta; Pinta: Lakattu; Tarkistuskilpi: E1 90R 02 C0204\/0525; Asennuspuoli: Hinterachse; MERCEDES-BENZ: C-CLASS W203,C-CLASS W202,SLK R170,E-CLASS W210,C-CLASS Coupe CL203,Stufenheck W124,E-CLASS Kombi S210,SLK R171,CLK C208,CLK C209,C-CLASS Kombi S202,KOMBI Kombi S124,CLK Cabriolet A208,CLK Cabriolet A209,E-CLASS Kombi S124,CLC-CLASS CL203,E-CLASS Cabriolet A124,S-CLASS Coupe C140; CHRYSLER: CROSSFIRE,CROSSFIRE Roadster; 05098066AA, 5098065AA, 5098066AA, 68031811AA, 2034230012, 2034230112, 2104230112, 2104230412, 2104230912, A2034230012, A2034230112, A2104230112, A2104230412, A2104230912; Jarrulevy<\/p>\n","protected":false},"excerpt":{"rendered":"<p>TRW Jarrulevyt DF2757 Jarrulevy MERCEDES-BENZ,CHRYSLER,C-CLASS W203,C-CLASS W202,SLK R170,E-CLASS W210,C-CLASS Coupe CL203,Stufenheck W124<\/p>\n","protected":false},"featured_media":0,"template":"","meta":{"site-sidebar-layout":"default","site-content-layout":"default","ast-global-header-display":"","ast-main-header-display":"","ast-hfb-above-header-display":"","ast-hfb-below-header-display":"","ast-hfb-mobile-header-display":"","site-post-title":"","ast-breadcrumbs-content":"","ast-featured-img":"","footer-sml-layout":"","theme-transparent-header-meta":"","adv-header-id-meta":"","stick-header-meta":"","header-above-stick-meta":"","header-main-stick-meta":"","header-below-stick-meta":""},"pwb-brand":[332],"product_cat":[66],"product_tag":[],"class_list":{"0":"post-29883","1":"product","2":"type-product","3":"status-publish","5":"pwb-brand-trw","6":"product_cat-jarrulevyt","7":"desktop-align-left","8":"tablet-align-left","9":"mobile-align-left","11":"first","12":"instock","13":"product-type-external"},"brands":[{"id":332,"name":"TRW","slug":"trw"}],"_links":{"self":[{"href":"https:\/\/www.autonvaraosahaku.fi\/index.php?rest_route=\/wp\/v2\/product\/29883","targetHints":{"allow":["GET"]}}],"collection":[{"href":"https:\/\/www.autonvaraosahaku.fi\/index.php?rest_route=\/wp\/v2\/product"}],"about":[{"href":"https:\/\/www.autonvaraosahaku.fi\/index.php?rest_route=\/wp\/v2\/types\/product"}],"wp:attachment":[{"href":"https:\/\/www.autonvaraosahaku.fi\/index.php?rest_route=%2Fwp%2Fv2%2Fmedia&parent=29883"}],"wp:term":[{"taxonomy":"pwb-brand","embeddable":true,"href":"https:\/\/www.autonvaraosahaku.fi\/index.php?rest_route=%2Fwp%2Fv2%2Fpwb-brand&post=29883"},{"taxonomy":"product_cat","embeddable":true,"href":"https:\/\/www.autonvaraosahaku.fi\/index.php?rest_route=%2Fwp%2Fv2%2Fproduct_cat&post=29883"},{"taxonomy":"product_tag","embeddable":true,"href":"https:\/\/www.autonvaraosahaku.fi\/index.php?rest_route=%2Fwp%2Fv2%2Fproduct_tag&post=29883"}],"curies":[{"name":"wp","href":"https:\/\/api.w.org\/{rel}","templated":true}]}}