{"id":29890,"date":"2021-02-21T16:03:57","date_gmt":"2021-02-21T16:03:57","guid":{"rendered":"https:\/\/www.autonvaraosahaku.fi\/?product=hjs-83-23-6555-pakoputken-asennussarja"},"modified":"2021-02-21T16:03:59","modified_gmt":"2021-02-21T16:03:59","slug":"hjs-83-23-6555-pakoputken-asennussarja","status":"publish","type":"product","link":"https:\/\/www.autonvaraosahaku.fi\/?product=hjs-83-23-6555-pakoputken-asennussarja","title":{"rendered":"HJS 83 23 6555 Pakoputken asennussarja"},"content":{"rendered":"<p>Pakoputkisto: keski\u00e4\u00e4nenvaimentajalle, Pakoputkelle; Materiaali: Kumi-metalli, EPDM (eteenipropeeni-dieeni-kumi); Tarvittava kappalem\u00e4\u00e4r\u00e4: 2; RENAULT: SC\u00c9NIC II JM0\/1_,MEGANE II Kombi KM0\/1_,MEGANE II Coup\u00e9-Cabriolet EM0\/1_,MEGANE II BM0\/1_, CM0\/1_,GRAND SC\u00c9NIC II JM0\/1_,MEGANE II Stufenheck LM0\/1_; 8200035447, 8200168187; Pakoputken Kannatinkumi,Pidike, Vaimennin<\/p>\n","protected":false},"excerpt":{"rendered":"<p>HJS Pakoputken Kannatin 83 23 6555 Pakoputken Kannatinkumi,Pidike, Vaimennin RENAULT,SC\u00c9NIC II JM0\/1_,MEGANE II Kombi KM0\/1_<\/p>\n","protected":false},"featured_media":0,"template":"","meta":{"site-sidebar-layout":"default","site-content-layout":"default","ast-global-header-display":"","ast-main-header-display":"","ast-hfb-above-header-display":"","ast-hfb-below-header-display":"","ast-hfb-mobile-header-display":"","site-post-title":"","ast-breadcrumbs-content":"","ast-featured-img":"","footer-sml-layout":"","theme-transparent-header-meta":"","adv-header-id-meta":"","stick-header-meta":"","header-above-stick-meta":"","header-main-stick-meta":"","header-below-stick-meta":""},"pwb-brand":[344],"product_cat":[101],"product_tag":[],"class_list":{"0":"post-29890","1":"product","2":"type-product","3":"status-publish","5":"pwb-brand-hjs","6":"product_cat-pakoputken-asennussarja","7":"desktop-align-left","8":"tablet-align-left","9":"mobile-align-left","11":"first","12":"instock","13":"product-type-external"},"brands":[{"id":344,"name":"HJS","slug":"hjs"}],"_links":{"self":[{"href":"https:\/\/www.autonvaraosahaku.fi\/index.php?rest_route=\/wp\/v2\/product\/29890","targetHints":{"allow":["GET"]}}],"collection":[{"href":"https:\/\/www.autonvaraosahaku.fi\/index.php?rest_route=\/wp\/v2\/product"}],"about":[{"href":"https:\/\/www.autonvaraosahaku.fi\/index.php?rest_route=\/wp\/v2\/types\/product"}],"wp:attachment":[{"href":"https:\/\/www.autonvaraosahaku.fi\/index.php?rest_route=%2Fwp%2Fv2%2Fmedia&parent=29890"}],"wp:term":[{"taxonomy":"pwb-brand","embeddable":true,"href":"https:\/\/www.autonvaraosahaku.fi\/index.php?rest_route=%2Fwp%2Fv2%2Fpwb-brand&post=29890"},{"taxonomy":"product_cat","embeddable":true,"href":"https:\/\/www.autonvaraosahaku.fi\/index.php?rest_route=%2Fwp%2Fv2%2Fproduct_cat&post=29890"},{"taxonomy":"product_tag","embeddable":true,"href":"https:\/\/www.autonvaraosahaku.fi\/index.php?rest_route=%2Fwp%2Fv2%2Fproduct_tag&post=29890"}],"curies":[{"name":"wp","href":"https:\/\/api.w.org\/{rel}","templated":true}]}}