{"id":29896,"date":"2021-02-21T16:03:57","date_gmt":"2021-02-21T16:03:57","guid":{"rendered":"https:\/\/www.autonvaraosahaku.fi\/?product=febi-bilstein-03072-muut-luokat"},"modified":"2021-02-21T16:04:00","modified_gmt":"2021-02-21T16:04:00","slug":"febi-bilstein-03072-muut-luokat","status":"publish","type":"product","link":"https:\/\/www.autonvaraosahaku.fi\/?product=febi-bilstein-03072-muut-luokat","title":{"rendered":"FEBI BILSTEIN 03072 Muut luokat"},"content":{"rendered":"<p>Leveys (mm): 5,0; Paksuus [mm]: 3,5; Sis\u00e4l\u00e4pimitta [mm]: 10,2; Ulkol\u00e4pimitta [mm]: 20,0; Paino [kg]: 0,01, 0,01; Moottorinumero: C16NZ; E16NZ; OPEL: MERIVA,ASTRA G CC F48_, F08_,ASTRA G Caravan F35_,CORSA B 73_, 78_, 79_,VECTRA B 36_,ASTRA F CC 53_, 54_, 58_, 59_,VECTRA B Caravan 31_,ASTRA F Caravan 51_, 52_,ASTRA G Stufenheck F69_,VECTRA B CC 38_,COMBO Tour,VECTRA A 86_, 87_,ASTRA F Cabriolet 53_B,ASTRA F 56_, 57_,KADETT E CC 33_, 34_, 43_, 44_,CORSA A CC 93_, 94_, 98_, 99_,VECTRA A CC 88_, 89_,KADETT E Cabriolet 43B_,ASCONA C 81_, 86_, 87_, 88_,CORSA A TR 91_, 92_, 96_, 97_,KADETT D 31_-34_, 41_-44_,KADETT E 39_, 49_,CORSA B Kasten 73_,ASCONA C CC 84_, 89_,KADETT E Caravan 35_, 36_, 45_, 46_,KADETT D Caravan 35_, 36_, 45_, 46_,KADETT E Kasten 37_, 47_,KADETT E Combo 38_, 48_; VAUXHALL: CALIBRA,ASTRA Mk IV G CC,ASTRA Mk III F CC,CORSA Mk I B,ASTRA Mk IV G Sedan,MERIVA Mk I A,OMEGA B,ASTRA Mk II CC,TIGRA Convertible,VECTRA B CC,CAVALIER Mk III 87,VECTRA B,FRONTERA Mk I A Sport,ASTRA Mk III F Estate,CAVALIER Mk III CC,TIGRA Mk I F07,OMEGA B Estate,NOVA,ASTRA Mk IV G Estate,NOVA CC,CARLTON Mk III; 00607931, 00607949, 0607931, 0607949, 607931, 607949, 090067443, 090409673, 90067443, 90409673<\/p>\n","protected":false},"excerpt":{"rendered":"<p>FEBI BILSTEIN Aluslaatta, Sylinterikannen Pultit 03072  OPEL,VAUXHALL,MERIVA,ASTRA G CC F48_, F08_,ASTRA G Caravan F35_,CORSA B 73_, 78_, 79_<\/p>\n","protected":false},"featured_media":0,"template":"","meta":{"site-sidebar-layout":"default","site-content-layout":"default","ast-global-header-display":"","ast-main-header-display":"","ast-hfb-above-header-display":"","ast-hfb-below-header-display":"","ast-hfb-mobile-header-display":"","site-post-title":"","ast-breadcrumbs-content":"","ast-featured-img":"","footer-sml-layout":"","theme-transparent-header-meta":"","adv-header-id-meta":"","stick-header-meta":"","header-above-stick-meta":"","header-main-stick-meta":"","header-below-stick-meta":""},"pwb-brand":[50],"product_cat":[37],"product_tag":[],"class_list":{"0":"post-29896","1":"product","2":"type-product","3":"status-publish","5":"pwb-brand-febi-bilstein","6":"product_cat-muut-luokat","7":"desktop-align-left","8":"tablet-align-left","9":"mobile-align-left","11":"first","12":"instock","13":"product-type-external"},"brands":[{"id":50,"name":"FEBI BILSTEIN","slug":"febi-bilstein"}],"_links":{"self":[{"href":"https:\/\/www.autonvaraosahaku.fi\/index.php?rest_route=\/wp\/v2\/product\/29896","targetHints":{"allow":["GET"]}}],"collection":[{"href":"https:\/\/www.autonvaraosahaku.fi\/index.php?rest_route=\/wp\/v2\/product"}],"about":[{"href":"https:\/\/www.autonvaraosahaku.fi\/index.php?rest_route=\/wp\/v2\/types\/product"}],"wp:attachment":[{"href":"https:\/\/www.autonvaraosahaku.fi\/index.php?rest_route=%2Fwp%2Fv2%2Fmedia&parent=29896"}],"wp:term":[{"taxonomy":"pwb-brand","embeddable":true,"href":"https:\/\/www.autonvaraosahaku.fi\/index.php?rest_route=%2Fwp%2Fv2%2Fpwb-brand&post=29896"},{"taxonomy":"product_cat","embeddable":true,"href":"https:\/\/www.autonvaraosahaku.fi\/index.php?rest_route=%2Fwp%2Fv2%2Fproduct_cat&post=29896"},{"taxonomy":"product_tag","embeddable":true,"href":"https:\/\/www.autonvaraosahaku.fi\/index.php?rest_route=%2Fwp%2Fv2%2Fproduct_tag&post=29896"}],"curies":[{"name":"wp","href":"https:\/\/api.w.org\/{rel}","templated":true}]}}