{"id":29898,"date":"2021-02-21T16:03:57","date_gmt":"2021-02-21T16:03:57","guid":{"rendered":"https:\/\/www.autonvaraosahaku.fi\/?product=brembo-e-06-001-kytkimen-tyosylinteri"},"modified":"2021-02-21T16:04:00","modified_gmt":"2021-02-21T16:04:00","slug":"brembo-e-06-001-kytkimen-tyosylinteri","status":"publish","type":"product","link":"https:\/\/www.autonvaraosahaku.fi\/?product=brembo-e-06-001-kytkimen-tyosylinteri","title":{"rendered":"BREMBO E 06 001 Kytkimen ty\u00f6sylinteri"},"content":{"rendered":"<p>Reik\u00e4-\u00d8 [mm]: 20,64; Kierremitta: 10 x 1; Materiaali: Valurauta; Kiinnityrreikien et\u00e4isyys [mm]: 60; Valmistusvuosi alkaen: 04\/1981; BMW: 3 E36,3 E30,3 Cabriolet E30,5 E28,6 E24,3 E21,3 Touring E30,5 E12,Z1; 512004310, 1114537, 1116300, 1116301, 1153520, 1157212, 21521114537, 21521116300, 21521116301, 21521152102, 21521153520, 21521155036, 21521157212, 360319030010, 360319030091; Ty\u00f6sylinteri, Kytkin<\/p>\n","protected":false},"excerpt":{"rendered":"<p>BREMBO Kytkimen Ty\u00f6sylinteri E 06 001 Ty\u00f6sylinteri, Kytkin BMW,3 E36,3 E30,3 Cabriolet E30,5 E28,6 E24,3 E21,3 Touring E30,5 E12,Z1<\/p>\n","protected":false},"featured_media":0,"template":"","meta":{"site-sidebar-layout":"default","site-content-layout":"default","ast-global-header-display":"","ast-main-header-display":"","ast-hfb-above-header-display":"","ast-hfb-below-header-display":"","ast-hfb-mobile-header-display":"","site-post-title":"","ast-breadcrumbs-content":"","ast-featured-img":"","footer-sml-layout":"","theme-transparent-header-meta":"","adv-header-id-meta":"","stick-header-meta":"","header-above-stick-meta":"","header-main-stick-meta":"","header-below-stick-meta":""},"pwb-brand":[146],"product_cat":[310],"product_tag":[],"class_list":{"0":"post-29898","1":"product","2":"type-product","3":"status-publish","5":"pwb-brand-brembo","6":"product_cat-kytkimen-tyosylinteri","7":"desktop-align-left","8":"tablet-align-left","9":"mobile-align-left","11":"first","12":"instock","13":"product-type-external"},"brands":[{"id":146,"name":"BREMBO","slug":"brembo"}],"_links":{"self":[{"href":"https:\/\/www.autonvaraosahaku.fi\/index.php?rest_route=\/wp\/v2\/product\/29898","targetHints":{"allow":["GET"]}}],"collection":[{"href":"https:\/\/www.autonvaraosahaku.fi\/index.php?rest_route=\/wp\/v2\/product"}],"about":[{"href":"https:\/\/www.autonvaraosahaku.fi\/index.php?rest_route=\/wp\/v2\/types\/product"}],"wp:attachment":[{"href":"https:\/\/www.autonvaraosahaku.fi\/index.php?rest_route=%2Fwp%2Fv2%2Fmedia&parent=29898"}],"wp:term":[{"taxonomy":"pwb-brand","embeddable":true,"href":"https:\/\/www.autonvaraosahaku.fi\/index.php?rest_route=%2Fwp%2Fv2%2Fpwb-brand&post=29898"},{"taxonomy":"product_cat","embeddable":true,"href":"https:\/\/www.autonvaraosahaku.fi\/index.php?rest_route=%2Fwp%2Fv2%2Fproduct_cat&post=29898"},{"taxonomy":"product_tag","embeddable":true,"href":"https:\/\/www.autonvaraosahaku.fi\/index.php?rest_route=%2Fwp%2Fv2%2Fproduct_tag&post=29898"}],"curies":[{"name":"wp","href":"https:\/\/api.w.org\/{rel}","templated":true}]}}