{"id":29902,"date":"2021-02-21T16:04:02","date_gmt":"2021-02-21T16:04:02","guid":{"rendered":"https:\/\/www.autonvaraosahaku.fi\/?product=magneti-marelli-152071758824-oljynsuodatin"},"modified":"2021-02-21T16:04:02","modified_gmt":"2021-02-21T16:04:02","slug":"magneti-marelli-152071758824-oljynsuodatin","status":"publish","type":"product","link":"https:\/\/www.autonvaraosahaku.fi\/?product=magneti-marelli-152071758824-oljynsuodatin","title":{"rendered":"MAGNETI MARELLI 152071758824 \u00d6ljynsuodatin"},"content":{"rendered":"<p>Korkeus (mm): 92; Suodatintyyppi: Suodatinpanos; L\u00e4pimitta 1 [mm]: 31,5; L\u00e4pimitta 2 [mm]: 31,5; Ulkol\u00e4pimitta [mm]: 72; TECDOC-moottorinumero: 17478; OPEL: CORSA C F08, F68,ASTRA H Caravan L35,MERIVA,ASTRA G CC F48_, F08_,ASTRA H L48,ASTRA G Caravan F35_,ASTRA H GTC L08,COMBO Kasten\/Kombi,ASTRA G Stufenheck F69_,COMBO Tour,CORSA C Kasten F08, W5L,ASTRA H Stufenheck L69,ASTRA H Kasten L70,ASTRA G Kasten F70,ASTRA G CLASSIC Caravan F35,ASTRA G CLASSIC T98; HONDA: CIVIC VII Hatchback EU, EP, EV; VAUXHALL: ASTRA Mk V H CC,CORSA Mk II C W5L, F08,ASTRA Mk V H Estate,ASTRA Mk IV G CC,CORSAVAN Mk II C,ASTRA Mk IV G Sedan,MERIVA Mk I A,ASTRAVAN Mk V H,ASTRAVAN Mk IV G,COMBO TOUR Mk II C F25,COMBO Mk II C Kasten\/Kombi F25,ASTRA Mk IV G Estate; 15430PLZD00, 8972231870, 5650380, 650300, 95526811, 93190777, 97223218<\/p>\n","protected":false},"excerpt":{"rendered":"<p>MAGNETI MARELLI \u00d6ljynsuodatin 152071758824  OPEL,HONDA,VAUXHALL,CORSA C F08, F68,ASTRA H Caravan L35,MERIVA,ASTRA G CC F48_, F08_,ASTRA H L48<\/p>\n","protected":false},"featured_media":0,"template":"","meta":{"site-sidebar-layout":"default","site-content-layout":"default","ast-global-header-display":"","ast-main-header-display":"","ast-hfb-above-header-display":"","ast-hfb-below-header-display":"","ast-hfb-mobile-header-display":"","site-post-title":"","ast-breadcrumbs-content":"","ast-featured-img":"","footer-sml-layout":"","theme-transparent-header-meta":"","adv-header-id-meta":"","stick-header-meta":"","header-above-stick-meta":"","header-main-stick-meta":"","header-below-stick-meta":""},"pwb-brand":[34],"product_cat":[30],"product_tag":[],"class_list":{"0":"post-29902","1":"product","2":"type-product","3":"status-publish","5":"pwb-brand-magneti-marelli","6":"product_cat-oljynsuodatin","7":"desktop-align-left","8":"tablet-align-left","9":"mobile-align-left","11":"first","12":"instock","13":"product-type-external"},"brands":[{"id":34,"name":"MAGNETI MARELLI","slug":"magneti-marelli"}],"_links":{"self":[{"href":"https:\/\/www.autonvaraosahaku.fi\/index.php?rest_route=\/wp\/v2\/product\/29902","targetHints":{"allow":["GET"]}}],"collection":[{"href":"https:\/\/www.autonvaraosahaku.fi\/index.php?rest_route=\/wp\/v2\/product"}],"about":[{"href":"https:\/\/www.autonvaraosahaku.fi\/index.php?rest_route=\/wp\/v2\/types\/product"}],"wp:attachment":[{"href":"https:\/\/www.autonvaraosahaku.fi\/index.php?rest_route=%2Fwp%2Fv2%2Fmedia&parent=29902"}],"wp:term":[{"taxonomy":"pwb-brand","embeddable":true,"href":"https:\/\/www.autonvaraosahaku.fi\/index.php?rest_route=%2Fwp%2Fv2%2Fpwb-brand&post=29902"},{"taxonomy":"product_cat","embeddable":true,"href":"https:\/\/www.autonvaraosahaku.fi\/index.php?rest_route=%2Fwp%2Fv2%2Fproduct_cat&post=29902"},{"taxonomy":"product_tag","embeddable":true,"href":"https:\/\/www.autonvaraosahaku.fi\/index.php?rest_route=%2Fwp%2Fv2%2Fproduct_tag&post=29902"}],"curies":[{"name":"wp","href":"https:\/\/api.w.org\/{rel}","templated":true}]}}