{"id":29906,"date":"2021-02-21T16:04:02","date_gmt":"2021-02-21T16:04:02","guid":{"rendered":"https:\/\/www.autonvaraosahaku.fi\/?product=sasic-5400003-muut-luokat"},"modified":"2021-02-21T16:04:03","modified_gmt":"2021-02-21T16:04:03","slug":"sasic-5400003-muut-luokat","status":"publish","type":"product","link":"https:\/\/www.autonvaraosahaku.fi\/?product=sasic-5400003-muut-luokat","title":{"rendered":"SASIC 5400003 Muut luokat"},"content":{"rendered":"<p>Kytkin: ajoneuvoille hydraulisella kytkimen k\u00e4ytt\u00f6mekanismilla; OE-numerolle: 211761; Vaihteistomalli: MA; CITRO\u00cbN: C2 JM_,C3 I FC_,C4 I LC_,DS3,C3 II,C4 Coupe LA_,C3 Pluriel HB_,NEMO Kasten AA_,C4 Stufenheck L,NEMO Kombi,DS3 Cabriolet,C-ELYSEE,C3 III SX,C3 AIRCROSS II; PEUGEOT: 206 Schr\u00e4gheck 2A\/C,207 WA_, WC_,307 SW 3H,207 CC WD_,307 CC 3B,307 3A\/C,207 SW WK_,206 SW 2E\/K,208,307 Break 3E,1007 KM_,2008,BIPPER AA_,BIPPER Tepee,301; DS: DS 3,DS 3 Cabriolet; 211761, 211761, 211761<\/p>\n","protected":false},"excerpt":{"rendered":"<p>SASIC Irroitushaarukka, Kytkin 5400003  CITRO\u00cbN,PEUGEOT,DS,C2 JM_,C3 I FC_,C4 I LC_,DS3,C3 II,C4 Coupe LA_,C3 Pluriel HB_,NEMO Kasten AA_<\/p>\n","protected":false},"featured_media":0,"template":"","meta":{"site-sidebar-layout":"default","site-content-layout":"default","ast-global-header-display":"","ast-main-header-display":"","ast-hfb-above-header-display":"","ast-hfb-below-header-display":"","ast-hfb-mobile-header-display":"","site-post-title":"","ast-breadcrumbs-content":"","ast-featured-img":"","footer-sml-layout":"","theme-transparent-header-meta":"","adv-header-id-meta":"","stick-header-meta":"","header-above-stick-meta":"","header-main-stick-meta":"","header-below-stick-meta":""},"pwb-brand":[110],"product_cat":[37],"product_tag":[],"class_list":{"0":"post-29906","1":"product","2":"type-product","3":"status-publish","5":"pwb-brand-sasic","6":"product_cat-muut-luokat","7":"desktop-align-left","8":"tablet-align-left","9":"mobile-align-left","11":"first","12":"instock","13":"product-type-external"},"brands":[{"id":110,"name":"SASIC","slug":"sasic"}],"_links":{"self":[{"href":"https:\/\/www.autonvaraosahaku.fi\/index.php?rest_route=\/wp\/v2\/product\/29906","targetHints":{"allow":["GET"]}}],"collection":[{"href":"https:\/\/www.autonvaraosahaku.fi\/index.php?rest_route=\/wp\/v2\/product"}],"about":[{"href":"https:\/\/www.autonvaraosahaku.fi\/index.php?rest_route=\/wp\/v2\/types\/product"}],"wp:attachment":[{"href":"https:\/\/www.autonvaraosahaku.fi\/index.php?rest_route=%2Fwp%2Fv2%2Fmedia&parent=29906"}],"wp:term":[{"taxonomy":"pwb-brand","embeddable":true,"href":"https:\/\/www.autonvaraosahaku.fi\/index.php?rest_route=%2Fwp%2Fv2%2Fpwb-brand&post=29906"},{"taxonomy":"product_cat","embeddable":true,"href":"https:\/\/www.autonvaraosahaku.fi\/index.php?rest_route=%2Fwp%2Fv2%2Fproduct_cat&post=29906"},{"taxonomy":"product_tag","embeddable":true,"href":"https:\/\/www.autonvaraosahaku.fi\/index.php?rest_route=%2Fwp%2Fv2%2Fproduct_tag&post=29906"}],"curies":[{"name":"wp","href":"https:\/\/api.w.org\/{rel}","templated":true}]}}