{"id":29932,"date":"2021-02-21T16:04:06","date_gmt":"2021-02-21T16:04:06","guid":{"rendered":"https:\/\/www.autonvaraosahaku.fi\/?product=fa1-951-945-pakoputken-asennussarja"},"modified":"2021-02-21T16:04:08","modified_gmt":"2021-02-21T16:04:08","slug":"fa1-951-945-pakoputken-asennussarja","status":"publish","type":"product","link":"https:\/\/www.autonvaraosahaku.fi\/?product=fa1-951-945-pakoputken-asennussarja","title":{"rendered":"FA1 951-945 Pakoputken asennussarja"},"content":{"rendered":"<p>Putkiliitokset: Kiristin; L\u00e4pimitta [mm]: 45,5; Tarvittava kappalem\u00e4\u00e4r\u00e4: 2; VW: LUPO 6X1, 6E1,GOLF III 1H1,POLO 6N2,POLO 6N1,GOLF II 19E, 1G1,GOLF III Cabriolet 1E7,GOLF Mk III Cabriolet 1E7,GOLF III Variant 1H5,POLO 86C, 80,POLO Coupe 86C, 80,CADDY II Kasten 9K9A,SCIROCCO 53B,VENTO 1H2,GOLF I 17,JETTA II 19E, 1G2, 165,PASSAT Variant 32B,PASSAT 32B,SCIROCCO 53,JETTA I 16,DERBY 86C, 80,PASSAT 32,PASSAT Stufenheck 32B,PASSAT Variant 33,SANTANA 32B; AUDI: 80 81, 85, B2,COUPE 81, 85; SEAT: AROSA 6H,IBIZA II 6K1,INCA 6K9; OPEL: CORSA D,CORSA C F08, F68,CORSA D Van; LANCIA: Y10 156; FORD: KA RU8; SMART: FORFOUR 454; FIAT: PANDA 141A_,UNO 146A\/E; RENAULT: RAPID Kasten F40_, G40_; MITSUBISHI: COLT VI Z3_A, Z2_A,COLT CZC Cabriolet RG; 191253139H, 810253143, 1745216120, 191253139H, 810253143; Putkenliitin, Pakoputkisto<\/p>\n","protected":false},"excerpt":{"rendered":"<p>FA1 Pakoputken Kiristin 951-945 Putkenliitin, Pakoputkisto VW,AUDI,SEAT,LUPO 6X1, 6E1,GOLF III 1H1,POLO 6N2,POLO 6N1,GOLF II 19E, 1G1<\/p>\n","protected":false},"featured_media":0,"template":"","meta":{"site-sidebar-layout":"default","site-content-layout":"default","ast-global-header-display":"","ast-main-header-display":"","ast-hfb-above-header-display":"","ast-hfb-below-header-display":"","ast-hfb-mobile-header-display":"","site-post-title":"","ast-breadcrumbs-content":"","ast-featured-img":"","footer-sml-layout":"","theme-transparent-header-meta":"","adv-header-id-meta":"","stick-header-meta":"","header-above-stick-meta":"","header-main-stick-meta":"","header-below-stick-meta":""},"pwb-brand":[39],"product_cat":[101],"product_tag":[],"class_list":{"0":"post-29932","1":"product","2":"type-product","3":"status-publish","5":"pwb-brand-fa1","6":"product_cat-pakoputken-asennussarja","7":"desktop-align-left","8":"tablet-align-left","9":"mobile-align-left","11":"first","12":"instock","13":"product-type-external"},"brands":[{"id":39,"name":"FA1","slug":"fa1"}],"_links":{"self":[{"href":"https:\/\/www.autonvaraosahaku.fi\/index.php?rest_route=\/wp\/v2\/product\/29932","targetHints":{"allow":["GET"]}}],"collection":[{"href":"https:\/\/www.autonvaraosahaku.fi\/index.php?rest_route=\/wp\/v2\/product"}],"about":[{"href":"https:\/\/www.autonvaraosahaku.fi\/index.php?rest_route=\/wp\/v2\/types\/product"}],"wp:attachment":[{"href":"https:\/\/www.autonvaraosahaku.fi\/index.php?rest_route=%2Fwp%2Fv2%2Fmedia&parent=29932"}],"wp:term":[{"taxonomy":"pwb-brand","embeddable":true,"href":"https:\/\/www.autonvaraosahaku.fi\/index.php?rest_route=%2Fwp%2Fv2%2Fpwb-brand&post=29932"},{"taxonomy":"product_cat","embeddable":true,"href":"https:\/\/www.autonvaraosahaku.fi\/index.php?rest_route=%2Fwp%2Fv2%2Fproduct_cat&post=29932"},{"taxonomy":"product_tag","embeddable":true,"href":"https:\/\/www.autonvaraosahaku.fi\/index.php?rest_route=%2Fwp%2Fv2%2Fproduct_tag&post=29932"}],"curies":[{"name":"wp","href":"https:\/\/api.w.org\/{rel}","templated":true}]}}