{"id":29954,"date":"2021-02-21T16:04:11","date_gmt":"2021-02-21T16:04:11","guid":{"rendered":"https:\/\/www.autonvaraosahaku.fi\/?product=ridex-123b0044-jarrurumpu"},"modified":"2021-02-21T16:04:13","modified_gmt":"2021-02-21T16:04:13","slug":"ridex-123b0044-jarrurumpu","status":"publish","type":"product","link":"https:\/\/www.autonvaraosahaku.fi\/?product=ridex-123b0044-jarrurumpu","title":{"rendered":"RIDEX 123B0044 Jarrurumpu"},"content":{"rendered":"<p>Reik\u00e4lukum\u00e4\u00e4r\u00e4 2: 2; Reik\u00e4lukum\u00e4\u00e4r\u00e4 1: 4; Reik\u00e4ympyr\u00e4-\u00d8 [mm]: 52; J-rumpu ulkoleveys [mm]: 83; L\u00e4pimitta [mm]: 180,2; J-rumpu sis\u00e4leveys [mm]: 53,5; Valmistusvuosi alkaen: 07\/1996; DACIA: LOGAN LS_,LOGAN EXPRESS FS_; RENAULT: TWINGO I C06_,CLIO II BB0\/1\/2_, CB0\/1\/2_,CLIO II Kasten SB0\/1\/2_,THALIA I LB0\/1\/2_,LOGAN I Kombi KS_,LOGAN I LS_; 6001548126, 6001548126, 7700419824, 6001548126, 7700419824<\/p>\n","protected":false},"excerpt":{"rendered":"<p>RIDEX Jarrurumpu 123B0044  DACIA,RENAULT,LOGAN LS_,LOGAN EXPRESS FS_,TWINGO I C06_,CLIO II BB0\/1\/2_, CB0\/1\/2_,CLIO II Kasten SB0\/1\/2_<\/p>\n","protected":false},"featured_media":0,"template":"","meta":{"site-sidebar-layout":"default","site-content-layout":"default","ast-global-header-display":"","ast-main-header-display":"","ast-hfb-above-header-display":"","ast-hfb-below-header-display":"","ast-hfb-mobile-header-display":"","site-post-title":"","ast-breadcrumbs-content":"","ast-featured-img":"","footer-sml-layout":"","theme-transparent-header-meta":"","adv-header-id-meta":"","stick-header-meta":"","header-above-stick-meta":"","header-main-stick-meta":"","header-below-stick-meta":""},"pwb-brand":[157],"product_cat":[304],"product_tag":[],"class_list":{"0":"post-29954","1":"product","2":"type-product","3":"status-publish","5":"pwb-brand-ridex","6":"product_cat-jarrurumpu","7":"desktop-align-left","8":"tablet-align-left","9":"mobile-align-left","11":"first","12":"instock","13":"product-type-external"},"brands":[{"id":157,"name":"RIDEX","slug":"ridex"}],"_links":{"self":[{"href":"https:\/\/www.autonvaraosahaku.fi\/index.php?rest_route=\/wp\/v2\/product\/29954","targetHints":{"allow":["GET"]}}],"collection":[{"href":"https:\/\/www.autonvaraosahaku.fi\/index.php?rest_route=\/wp\/v2\/product"}],"about":[{"href":"https:\/\/www.autonvaraosahaku.fi\/index.php?rest_route=\/wp\/v2\/types\/product"}],"wp:attachment":[{"href":"https:\/\/www.autonvaraosahaku.fi\/index.php?rest_route=%2Fwp%2Fv2%2Fmedia&parent=29954"}],"wp:term":[{"taxonomy":"pwb-brand","embeddable":true,"href":"https:\/\/www.autonvaraosahaku.fi\/index.php?rest_route=%2Fwp%2Fv2%2Fpwb-brand&post=29954"},{"taxonomy":"product_cat","embeddable":true,"href":"https:\/\/www.autonvaraosahaku.fi\/index.php?rest_route=%2Fwp%2Fv2%2Fproduct_cat&post=29954"},{"taxonomy":"product_tag","embeddable":true,"href":"https:\/\/www.autonvaraosahaku.fi\/index.php?rest_route=%2Fwp%2Fv2%2Fproduct_tag&post=29954"}],"curies":[{"name":"wp","href":"https:\/\/api.w.org\/{rel}","templated":true}]}}