{"id":29973,"date":"2021-02-21T16:04:16","date_gmt":"2021-02-21T16:04:16","guid":{"rendered":"https:\/\/www.autonvaraosahaku.fi\/?product=ridex-82b0221-jarrulevyt"},"modified":"2021-02-21T16:04:18","modified_gmt":"2021-02-21T16:04:18","slug":"ridex-82b0221-jarrulevyt","status":"publish","type":"product","link":"https:\/\/www.autonvaraosahaku.fi\/?product=ridex-82b0221-jarrulevyt","title":{"rendered":"RIDEX 82B0221 Jarrulevyt"},"content":{"rendered":"<p>Asennuspuoli: Etuakseli, Vorderachse; Jarrulevytyyppi: Tuuletettu; L\u00e4pimitta [mm]: 258; Jarrulevyn paksuus (mm): 24; Reikien m\u00e4\u00e4r\u00e4: 5; Reik\u00e4ympyr\u00e4-\u00d8 [mm]: 114; M\u00e4\u00e4r\u00e4tty kiertosuunta: ; ei sidoksissa kulkusuuntaan: ; V\u00e4himm\u00e4ispaksuus (mm): 22; keskitt\u00e4misl\u00e4pimitta [mm]: 72; Korkeus (mm): 48,7; Kierremitta: 13; V\u00e4ri: Musta; Sis\u00e4l\u00e4pimitta [mm]: 142,5; MAZDA: 323 F VI BJ,PREMACY CP,626 V Hatchback GF,626 V GF,626 V Station Wagon GW,626 IV Hatchback GE,FAMILIA VI BJ,XEDOS 6 CA,626 IV GE,MX-6 GE,MX-6 GD; FORD USA: PROBE II ECP; 1023099, 3395510, 3898529, 3958455, 4146389, F32Z1125A, YS8J2C502AA, YS8J2C502AA, C00Y3325X, GA1Y3325X, GA2Y3325X, GA2Y3325XA, GA3Y3325X, GA4Y3325X, GA4Y3325XA, GA4Y3325XC, GA4Y3325XD, GA4Y3325XG, GA4Y3325XH, GA4Y3325XJ, GA5Y3325X, GA5Y3325XA, GA5Y3325XC, GA5Y3325XD, GA5Y3325XE, GADY3325XE; Jarrulevy<\/p>\n","protected":false},"excerpt":{"rendered":"<p>RIDEX Jarrulevyt 82B0221 Jarrulevy MAZDA,FORD USA,323 F VI BJ,PREMACY CP,626 V Hatchback GF,626 V GF,626 V Station Wagon GW,626 IV Hatchback GE<\/p>\n","protected":false},"featured_media":0,"template":"","meta":{"site-sidebar-layout":"default","site-content-layout":"default","ast-global-header-display":"","ast-main-header-display":"","ast-hfb-above-header-display":"","ast-hfb-below-header-display":"","ast-hfb-mobile-header-display":"","site-post-title":"","ast-breadcrumbs-content":"","ast-featured-img":"","footer-sml-layout":"","theme-transparent-header-meta":"","adv-header-id-meta":"","stick-header-meta":"","header-above-stick-meta":"","header-main-stick-meta":"","header-below-stick-meta":""},"pwb-brand":[157],"product_cat":[66],"product_tag":[],"class_list":{"0":"post-29973","1":"product","2":"type-product","3":"status-publish","5":"pwb-brand-ridex","6":"product_cat-jarrulevyt","7":"desktop-align-left","8":"tablet-align-left","9":"mobile-align-left","11":"first","12":"instock","13":"product-type-external"},"brands":[{"id":157,"name":"RIDEX","slug":"ridex"}],"_links":{"self":[{"href":"https:\/\/www.autonvaraosahaku.fi\/index.php?rest_route=\/wp\/v2\/product\/29973","targetHints":{"allow":["GET"]}}],"collection":[{"href":"https:\/\/www.autonvaraosahaku.fi\/index.php?rest_route=\/wp\/v2\/product"}],"about":[{"href":"https:\/\/www.autonvaraosahaku.fi\/index.php?rest_route=\/wp\/v2\/types\/product"}],"wp:attachment":[{"href":"https:\/\/www.autonvaraosahaku.fi\/index.php?rest_route=%2Fwp%2Fv2%2Fmedia&parent=29973"}],"wp:term":[{"taxonomy":"pwb-brand","embeddable":true,"href":"https:\/\/www.autonvaraosahaku.fi\/index.php?rest_route=%2Fwp%2Fv2%2Fpwb-brand&post=29973"},{"taxonomy":"product_cat","embeddable":true,"href":"https:\/\/www.autonvaraosahaku.fi\/index.php?rest_route=%2Fwp%2Fv2%2Fproduct_cat&post=29973"},{"taxonomy":"product_tag","embeddable":true,"href":"https:\/\/www.autonvaraosahaku.fi\/index.php?rest_route=%2Fwp%2Fv2%2Fproduct_tag&post=29973"}],"curies":[{"name":"wp","href":"https:\/\/api.w.org\/{rel}","templated":true}]}}