{"id":30008,"date":"2021-02-21T16:04:25","date_gmt":"2021-02-21T16:04:25","guid":{"rendered":"https:\/\/www.autonvaraosahaku.fi\/?product=meyle-100-412-0004-hd-jousijalan-tukilaakeri"},"modified":"2021-02-21T16:04:27","modified_gmt":"2021-02-21T16:04:27","slug":"meyle-100-412-0004-hd-jousijalan-tukilaakeri","status":"publish","type":"product","link":"https:\/\/www.autonvaraosahaku.fi\/?product=meyle-100-412-0004-hd-jousijalan-tukilaakeri","title":{"rendered":"MEYLE 100 412 0004\/HD Jousijalan tukilaakeri"},"content":{"rendered":"<p>Asennuspuoli: Etuakseli; Korvaava tuote\/korvaava tiedote 2: Kuulalaakerilla; Vahvistettu malli: ; lis\u00e4tieto: Quality; VW: PASSAT Variant 32B,PASSAT 32B,PASSAT 32,PASSAT Stufenheck 32B,PASSAT Variant 33,SANTANA 32B; AUDI: 80 8C, B4,80 89, 89Q, 8A, B3,CABRIOLET 8G7, B4,80 Avant 8C, B4,COUPE 89, 8B,80 81, 85, B2,90 89, 89Q, 8A, B3,COUPE 81, 85,90 81, 85, B2; 811412323C, 811412323D, 8A0412323B, 8A0412323D, 811412323C, 811412323D, 8A0412323B, 8A0412323D; Iskarin Yl\u00e4p\u00e4\u00e4,Iskunvaimentimen Yl\u00e4p\u00e4\u00e4<\/p>\n","protected":false},"excerpt":{"rendered":"<p>MEYLE Jousijalan Tukilaakeri 100 412 0004\/HD Iskarin Yl\u00e4p\u00e4\u00e4,Iskunvaimentimen Yl\u00e4p\u00e4\u00e4 VW,AUDI,PASSAT Variant 32B,PASSAT 32B,PASSAT 32<\/p>\n","protected":false},"featured_media":0,"template":"","meta":{"site-sidebar-layout":"default","site-content-layout":"default","ast-global-header-display":"","ast-main-header-display":"","ast-hfb-above-header-display":"","ast-hfb-below-header-display":"","ast-hfb-mobile-header-display":"","site-post-title":"","ast-breadcrumbs-content":"","ast-featured-img":"","footer-sml-layout":"","theme-transparent-header-meta":"","adv-header-id-meta":"","stick-header-meta":"","header-above-stick-meta":"","header-main-stick-meta":"","header-below-stick-meta":""},"pwb-brand":[84],"product_cat":[45],"product_tag":[],"class_list":{"0":"post-30008","1":"product","2":"type-product","3":"status-publish","5":"pwb-brand-meyle","6":"product_cat-jousijalan-tukilaakeri","7":"desktop-align-left","8":"tablet-align-left","9":"mobile-align-left","11":"first","12":"instock","13":"product-type-external"},"brands":[{"id":84,"name":"MEYLE","slug":"meyle"}],"_links":{"self":[{"href":"https:\/\/www.autonvaraosahaku.fi\/index.php?rest_route=\/wp\/v2\/product\/30008","targetHints":{"allow":["GET"]}}],"collection":[{"href":"https:\/\/www.autonvaraosahaku.fi\/index.php?rest_route=\/wp\/v2\/product"}],"about":[{"href":"https:\/\/www.autonvaraosahaku.fi\/index.php?rest_route=\/wp\/v2\/types\/product"}],"wp:attachment":[{"href":"https:\/\/www.autonvaraosahaku.fi\/index.php?rest_route=%2Fwp%2Fv2%2Fmedia&parent=30008"}],"wp:term":[{"taxonomy":"pwb-brand","embeddable":true,"href":"https:\/\/www.autonvaraosahaku.fi\/index.php?rest_route=%2Fwp%2Fv2%2Fpwb-brand&post=30008"},{"taxonomy":"product_cat","embeddable":true,"href":"https:\/\/www.autonvaraosahaku.fi\/index.php?rest_route=%2Fwp%2Fv2%2Fproduct_cat&post=30008"},{"taxonomy":"product_tag","embeddable":true,"href":"https:\/\/www.autonvaraosahaku.fi\/index.php?rest_route=%2Fwp%2Fv2%2Fproduct_tag&post=30008"}],"curies":[{"name":"wp","href":"https:\/\/api.w.org\/{rel}","templated":true}]}}