{"id":30016,"date":"2021-02-21T16:04:25","date_gmt":"2021-02-21T16:04:25","guid":{"rendered":"https:\/\/www.autonvaraosahaku.fi\/?product=mahle-original-ox-982d-oljynsuodatin"},"modified":"2021-02-21T16:04:28","modified_gmt":"2021-02-21T16:04:28","slug":"mahle-original-ox-982d-oljynsuodatin","status":"publish","type":"product","link":"https:\/\/www.autonvaraosahaku.fi\/?product=mahle-original-ox-982d-oljynsuodatin","title":{"rendered":"MAHLE ORIGINAL OX 982D \u00d6ljynsuodatin"},"content":{"rendered":"<p>Suodatintyyppi: Suodatinpanos; Korkeus (mm): 86,5; Korkeus 1 (mm): 76,0; L\u00e4pimitta [mm]: 71,0; Ulkol\u00e4pimitta 1 [mm]: 65,0; Sis\u00e4l\u00e4pimitta 1 [mm]: 33,5; L\u00e4pimitta 3 [mm]: 28,6; L\u00e4pimitta 4 [mm]: 28,6; Tiivisteen l\u00e4pimitta [mm]: 33,5; Korkeus (tuumaa): 3,78; Leveys (tuumaa): 2,83; Pituus (tuumaa): 2,83; Moottorinumero: M 274.910; MERCEDES-BENZ: C-CLASS W204,C-CLASS T-Model S204,E-CLASS W212,B-CLASS W246, W242,E-CLASS T-Model S212,GLK-CLASS X204,A-CLASS W176,E-CLASS Coupe C207,CLA Coupe C117,C-CLASS Coupe C204,SLK R172,E-CLASS Cabriolet A207,C-CLASS T-Model S205,C-CLASS W205,V-CLASS W447,GLA-CLASS X156,E-CLASS W213,CLA Shooting Brake X117,GLC X253,E-CLASS T-Model S213,C-CLASS Coupe C205,GLC Coupe C253,SLC R172,C-CLASS Cabriolet A205,E-CLASS Coupe C238,E-CLASS Cabriolet A238,CLS C257; INFINITI: Q50,Q30,QX30,Q60 Coupe; 15208HG00D, 2701800009, 2701800109, 2701840025, 2701840125, A2701800009, A2701800109, A2701840025, A2701840125, 15208HG00D<\/p>\n","protected":false},"excerpt":{"rendered":"<p>MAHLE ORIGINAL \u00d6ljynsuodatin OX 982D  MERCEDES-BENZ,INFINITI,C-CLASS W204,C-CLASS T-Model S204,E-CLASS W212,B-CLASS W246, W242,E-CLASS T-Model S212<\/p>\n","protected":false},"featured_media":0,"template":"","meta":{"site-sidebar-layout":"default","site-content-layout":"default","ast-global-header-display":"","ast-main-header-display":"","ast-hfb-above-header-display":"","ast-hfb-below-header-display":"","ast-hfb-mobile-header-display":"","site-post-title":"","ast-breadcrumbs-content":"","ast-featured-img":"","footer-sml-layout":"","theme-transparent-header-meta":"","adv-header-id-meta":"","stick-header-meta":"","header-above-stick-meta":"","header-main-stick-meta":"","header-below-stick-meta":""},"pwb-brand":[153],"product_cat":[30],"product_tag":[],"class_list":{"0":"post-30016","1":"product","2":"type-product","3":"status-publish","5":"pwb-brand-mahle-original","6":"product_cat-oljynsuodatin","7":"desktop-align-left","8":"tablet-align-left","9":"mobile-align-left","11":"first","12":"instock","13":"product-type-external"},"brands":[{"id":153,"name":"MAHLE ORIGINAL","slug":"mahle-original"}],"_links":{"self":[{"href":"https:\/\/www.autonvaraosahaku.fi\/index.php?rest_route=\/wp\/v2\/product\/30016","targetHints":{"allow":["GET"]}}],"collection":[{"href":"https:\/\/www.autonvaraosahaku.fi\/index.php?rest_route=\/wp\/v2\/product"}],"about":[{"href":"https:\/\/www.autonvaraosahaku.fi\/index.php?rest_route=\/wp\/v2\/types\/product"}],"wp:attachment":[{"href":"https:\/\/www.autonvaraosahaku.fi\/index.php?rest_route=%2Fwp%2Fv2%2Fmedia&parent=30016"}],"wp:term":[{"taxonomy":"pwb-brand","embeddable":true,"href":"https:\/\/www.autonvaraosahaku.fi\/index.php?rest_route=%2Fwp%2Fv2%2Fpwb-brand&post=30016"},{"taxonomy":"product_cat","embeddable":true,"href":"https:\/\/www.autonvaraosahaku.fi\/index.php?rest_route=%2Fwp%2Fv2%2Fproduct_cat&post=30016"},{"taxonomy":"product_tag","embeddable":true,"href":"https:\/\/www.autonvaraosahaku.fi\/index.php?rest_route=%2Fwp%2Fv2%2Fproduct_tag&post=30016"}],"curies":[{"name":"wp","href":"https:\/\/api.w.org\/{rel}","templated":true}]}}