{"id":30042,"date":"2021-02-21T16:04:34","date_gmt":"2021-02-21T16:04:34","guid":{"rendered":"https:\/\/www.autonvaraosahaku.fi\/?product=ridex-83b0069-jarruletku"},"modified":"2021-02-21T16:04:35","modified_gmt":"2021-02-21T16:04:35","slug":"ridex-83b0069-jarruletku","status":"publish","type":"product","link":"https:\/\/www.autonvaraosahaku.fi\/?product=ridex-83b0069-jarruletku","title":{"rendered":"RIDEX 83B0069 Jarruletku"},"content":{"rendered":"<p>Pituus (mm): 207; Sis\u00e4kierre (mm): M10x1; Sis\u00e4kierre 2 [mm]: M10x1; Asennuspuoli: Taka-akseli, Hinterachse; CITRO\u00cbN: BX XB-_,BX Break XB-_,C15 VD-_,C15 Kombi; PEUGEOT: 305 II Break 581E,305 I 581A,305 I Break 581D; 481626, 91500635, 96169410, 481626, 91500635, 96169410, GBH752<\/p>\n","protected":false},"excerpt":{"rendered":"<p>RIDEX Jarruletku 83B0069  CITRO\u00cbN,PEUGEOT,BX XB-_,BX Break XB-_,C15 VD-_,C15 Kombi,305 II Break 581E,305 I 581A,305 I Break 581D<\/p>\n","protected":false},"featured_media":0,"template":"","meta":{"site-sidebar-layout":"default","site-content-layout":"default","ast-global-header-display":"","ast-main-header-display":"","ast-hfb-above-header-display":"","ast-hfb-below-header-display":"","ast-hfb-mobile-header-display":"","site-post-title":"","ast-breadcrumbs-content":"","ast-featured-img":"","footer-sml-layout":"","theme-transparent-header-meta":"","adv-header-id-meta":"","stick-header-meta":"","header-above-stick-meta":"","header-main-stick-meta":"","header-below-stick-meta":""},"pwb-brand":[157],"product_cat":[70],"product_tag":[],"class_list":{"0":"post-30042","1":"product","2":"type-product","3":"status-publish","5":"pwb-brand-ridex","6":"product_cat-jarruletku","7":"desktop-align-left","8":"tablet-align-left","9":"mobile-align-left","11":"first","12":"instock","13":"product-type-external"},"brands":[{"id":157,"name":"RIDEX","slug":"ridex"}],"_links":{"self":[{"href":"https:\/\/www.autonvaraosahaku.fi\/index.php?rest_route=\/wp\/v2\/product\/30042","targetHints":{"allow":["GET"]}}],"collection":[{"href":"https:\/\/www.autonvaraosahaku.fi\/index.php?rest_route=\/wp\/v2\/product"}],"about":[{"href":"https:\/\/www.autonvaraosahaku.fi\/index.php?rest_route=\/wp\/v2\/types\/product"}],"wp:attachment":[{"href":"https:\/\/www.autonvaraosahaku.fi\/index.php?rest_route=%2Fwp%2Fv2%2Fmedia&parent=30042"}],"wp:term":[{"taxonomy":"pwb-brand","embeddable":true,"href":"https:\/\/www.autonvaraosahaku.fi\/index.php?rest_route=%2Fwp%2Fv2%2Fpwb-brand&post=30042"},{"taxonomy":"product_cat","embeddable":true,"href":"https:\/\/www.autonvaraosahaku.fi\/index.php?rest_route=%2Fwp%2Fv2%2Fproduct_cat&post=30042"},{"taxonomy":"product_tag","embeddable":true,"href":"https:\/\/www.autonvaraosahaku.fi\/index.php?rest_route=%2Fwp%2Fv2%2Fproduct_tag&post=30042"}],"curies":[{"name":"wp","href":"https:\/\/api.w.org\/{rel}","templated":true}]}}