{"id":30048,"date":"2021-02-21T16:04:34","date_gmt":"2021-02-21T16:04:34","guid":{"rendered":"https:\/\/www.autonvaraosahaku.fi\/?product=ridex-13d0027-vetoakseli"},"modified":"2021-02-21T16:04:36","modified_gmt":"2021-02-21T16:04:36","slug":"ridex-13d0027-vetoakseli","status":"publish","type":"product","link":"https:\/\/www.autonvaraosahaku.fi\/?product=ridex-13d0027-vetoakseli","title":{"rendered":"RIDEX 13D0027 Vetoakseli"},"content":{"rendered":"<p>Ulkohammastus, py\u00f6r\u00e4npuoli: 38; Pituus (mm): 632,50; Hammasluku, ABS-keh\u00e4: 45; Tiivisteen l\u00e4pimitta [mm]: 59,50; Nivelen l\u00e4pimitta py\u00f6r\u00e4puoli [mm]: 98,00; Nivelen l\u00e4pimitta vaihteistopuoli [mm]: 130,00; Kierremitta: M16x1,5; Reik\u00e4-\u00d8 [mm]: 10,50; Reikien m\u00e4\u00e4r\u00e4: 6; Reik\u00e4ympyr\u00e4-\u00d8 [mm]: 114,00; Vaihto-osa: ; Valmistusvuoteen: 07\/1998; VW: PASSAT Variant 3B6,PASSAT Variant 3B5,PASSAT 3B2,PASSAT 3B3; AUDI: A4 8D2, B5,A4 Avant 8D5, B5; SKODA: SUPERB 3U4; 3B0407272M, 8D0407272AJ, 8D0407272BB, 8D0407272DT, 8D0407272EF, 8D0407452CV, 8D0407452CX, 8D0407454CV, 8D0407454CX, 3B0407272M, 8D0407272AJ, 8D0407272BB, 8D0407272DT, 8D0407272EF, 8D0407452CV, 8D0407452CX, 8D0407454CV, 8D0407454CX, 3B0407272M, 8D0407272AJ, 8D0407272BB, 8D0407272DT, 8D0407272EF, 8D0407452CV, 8D0407452CX, 8D0407454CV, 8D0407454CX, 3B0407272M, 8D0407272AJ, 8D0407272BB, 8D0407272DT, 8D0407272EC, 8D0407272EF, 8D0407452CV, 8D0407452CX, 8D0407452LX, 8D0407454CV, 8D0407454CX, JZW407452BX<\/p>\n","protected":false},"excerpt":{"rendered":"<p>RIDEX Vetoakseli 13D0027  VW,AUDI,SKODA,PASSAT Variant 3B6,PASSAT Variant 3B5,PASSAT 3B2,PASSAT 3B3,A4 8D2, B5,A4 Avant 8D5, B5,SUPERB 3U4<\/p>\n","protected":false},"featured_media":0,"template":"","meta":{"site-sidebar-layout":"default","site-content-layout":"default","ast-global-header-display":"","ast-main-header-display":"","ast-hfb-above-header-display":"","ast-hfb-below-header-display":"","ast-hfb-mobile-header-display":"","site-post-title":"","ast-breadcrumbs-content":"","ast-featured-img":"","footer-sml-layout":"","theme-transparent-header-meta":"","adv-header-id-meta":"","stick-header-meta":"","header-above-stick-meta":"","header-main-stick-meta":"","header-below-stick-meta":""},"pwb-brand":[157],"product_cat":[215],"product_tag":[],"class_list":{"0":"post-30048","1":"product","2":"type-product","3":"status-publish","5":"pwb-brand-ridex","6":"product_cat-vetoakseli","7":"desktop-align-left","8":"tablet-align-left","9":"mobile-align-left","11":"first","12":"instock","13":"product-type-external"},"brands":[{"id":157,"name":"RIDEX","slug":"ridex"}],"_links":{"self":[{"href":"https:\/\/www.autonvaraosahaku.fi\/index.php?rest_route=\/wp\/v2\/product\/30048","targetHints":{"allow":["GET"]}}],"collection":[{"href":"https:\/\/www.autonvaraosahaku.fi\/index.php?rest_route=\/wp\/v2\/product"}],"about":[{"href":"https:\/\/www.autonvaraosahaku.fi\/index.php?rest_route=\/wp\/v2\/types\/product"}],"wp:attachment":[{"href":"https:\/\/www.autonvaraosahaku.fi\/index.php?rest_route=%2Fwp%2Fv2%2Fmedia&parent=30048"}],"wp:term":[{"taxonomy":"pwb-brand","embeddable":true,"href":"https:\/\/www.autonvaraosahaku.fi\/index.php?rest_route=%2Fwp%2Fv2%2Fpwb-brand&post=30048"},{"taxonomy":"product_cat","embeddable":true,"href":"https:\/\/www.autonvaraosahaku.fi\/index.php?rest_route=%2Fwp%2Fv2%2Fproduct_cat&post=30048"},{"taxonomy":"product_tag","embeddable":true,"href":"https:\/\/www.autonvaraosahaku.fi\/index.php?rest_route=%2Fwp%2Fv2%2Fproduct_tag&post=30048"}],"curies":[{"name":"wp","href":"https:\/\/api.w.org\/{rel}","templated":true}]}}