{"id":30050,"date":"2021-02-21T16:04:34","date_gmt":"2021-02-21T16:04:34","guid":{"rendered":"https:\/\/www.autonvaraosahaku.fi\/?product=ridex-7o0122-oljynsuodatin"},"modified":"2021-02-21T16:04:36","modified_gmt":"2021-02-21T16:04:36","slug":"ridex-7o0122-oljynsuodatin","status":"publish","type":"product","link":"https:\/\/www.autonvaraosahaku.fi\/?product=ridex-7o0122-oljynsuodatin","title":{"rendered":"RIDEX 7O0122 \u00d6ljynsuodatin"},"content":{"rendered":"<p>Korkeus (mm): 132,0; Kierremitta: 1-12 UNF; Sis\u00e4l\u00e4pimitta [mm]: 71,5; Ulkol\u00e4pimitta [mm]: 93,0; Suodatintyyppi: Ruuvattava suodatin; Moottorimalli: f\u00fcr Motoren mit Abgasr\u00fcckf\u00fchrung; NISSAN: PRIMERA P11,TERRANO II R20,PRIMERA Traveller WP11,PRIMERA Hatchback P11,PATROL GR II Wagon Y61,ALMERA I Hatchback N15,PATHFINDER R50,ALMERA I N15,PICK UP D21,SERENA C23M,PATROL GR I Y60, GR,PRIMERA P10,TERRANO I WD21,PATROL Hardtop K160,PATROL Station Wagon W260,PATROL Hardtop K260,SUNNY III N14,PULSAR V Schr\u00e4gheck N14,SUNNY III Liftback N14,PRIMERA Hatchback P10,PRIMERA Traveller W10,PATROL Station Wagon W160,NAVARA Pick-up D21,SUNNY III Traveller Y10,VANETTE CARGO Kasten HC 23,TERRANO Van R20,VANETTE CARGO Bus HC 23,SUNNY Kasten Y10,TRADE Pritsche\/Fahrgestell; LAND ROVER: 88\/109,88\/109 Hardtop; LANCIA: GAMMA Coupe; FORD: MAVERICK UDS, UNS; PORSCHE: 911,911 964,911 Targa,911 Cabriolet,911 Cabriolet 964; LAMBORGHINI: URRACO; 1952899, 1520820N00, 1520820N01, 1520820N02, 1520820N03, 1520820N10, 1520820N1A, 1520820W10, 1520840L00, 1520840L02<\/p>\n","protected":false},"excerpt":{"rendered":"<p>RIDEX \u00d6ljynsuodatin 7O0122  NISSAN,LAND ROVER,LANCIA,PRIMERA P11,TERRANO II R20,PRIMERA Traveller WP11,PRIMERA Hatchback P11,PATROL GR II Wagon Y61<\/p>\n","protected":false},"featured_media":0,"template":"","meta":{"site-sidebar-layout":"default","site-content-layout":"default","ast-global-header-display":"","ast-main-header-display":"","ast-hfb-above-header-display":"","ast-hfb-below-header-display":"","ast-hfb-mobile-header-display":"","site-post-title":"","ast-breadcrumbs-content":"","ast-featured-img":"","footer-sml-layout":"","theme-transparent-header-meta":"","adv-header-id-meta":"","stick-header-meta":"","header-above-stick-meta":"","header-main-stick-meta":"","header-below-stick-meta":""},"pwb-brand":[157],"product_cat":[30],"product_tag":[],"class_list":{"0":"post-30050","1":"product","2":"type-product","3":"status-publish","5":"pwb-brand-ridex","6":"product_cat-oljynsuodatin","7":"desktop-align-left","8":"tablet-align-left","9":"mobile-align-left","11":"first","12":"instock","13":"product-type-external"},"brands":[{"id":157,"name":"RIDEX","slug":"ridex"}],"_links":{"self":[{"href":"https:\/\/www.autonvaraosahaku.fi\/index.php?rest_route=\/wp\/v2\/product\/30050","targetHints":{"allow":["GET"]}}],"collection":[{"href":"https:\/\/www.autonvaraosahaku.fi\/index.php?rest_route=\/wp\/v2\/product"}],"about":[{"href":"https:\/\/www.autonvaraosahaku.fi\/index.php?rest_route=\/wp\/v2\/types\/product"}],"wp:attachment":[{"href":"https:\/\/www.autonvaraosahaku.fi\/index.php?rest_route=%2Fwp%2Fv2%2Fmedia&parent=30050"}],"wp:term":[{"taxonomy":"pwb-brand","embeddable":true,"href":"https:\/\/www.autonvaraosahaku.fi\/index.php?rest_route=%2Fwp%2Fv2%2Fpwb-brand&post=30050"},{"taxonomy":"product_cat","embeddable":true,"href":"https:\/\/www.autonvaraosahaku.fi\/index.php?rest_route=%2Fwp%2Fv2%2Fproduct_cat&post=30050"},{"taxonomy":"product_tag","embeddable":true,"href":"https:\/\/www.autonvaraosahaku.fi\/index.php?rest_route=%2Fwp%2Fv2%2Fproduct_tag&post=30050"}],"curies":[{"name":"wp","href":"https:\/\/api.w.org\/{rel}","templated":true}]}}