{"id":30078,"date":"2021-02-21T16:04:39","date_gmt":"2021-02-21T16:04:39","guid":{"rendered":"https:\/\/www.autonvaraosahaku.fi\/?product=elring-786-500-kierretulppa"},"modified":"2021-02-21T16:04:42","modified_gmt":"2021-02-21T16:04:42","slug":"elring-786-500-kierretulppa","status":"publish","type":"product","link":"https:\/\/www.autonvaraosahaku.fi\/?product=elring-786-500-kierretulppa","title":{"rendered":"ELRING 786.500 Kierretulppa"},"content":{"rendered":"<p>Ulkol\u00e4pimitta [mm]: 22; Sis\u00e4l\u00e4pimitta [mm]: 14,5; Paksuus [mm]: 2; Muoto: A-muoto; Materiaali: Nailon; Vaihtoehtoinen korjaussarja: 017.736, 505.550, 505.540; TECDOC-moottorinumero: 12084; MAZDA: 121 III JASM, JBSM; FORD: GALAXY WGR,FIESTA IV JA_, JB_,KA RB_,MONDEO II Kombi BNP,FIESTA III GFJ,TRANSIT Kasten FA_ _,TRANSIT Bus FD_ _, FB_ _, FS_ _, FZ_ _, FC_ _,MONDEO II BAP,RANGER ER, EQ,PUMA EC_,TRANSIT Pritsche\/Fahrgestell FM_ _, FN_ _,ESCORT VII GAL, AAL, ABL,ESCORT IV Cabriolet ALF,MONDEO II Stufenheck BFP,MONDEO I Kombi BNP,SIERRA GBG, GB4,MONDEO I GBP,ESCORT VII Kombi GAL, ANL,TRANSIT  MK-5 Bus E_ _,ESCORT VII Cabriolet ALL,ESCORT VI Cabriolet ALL,ESCORT VI GAL,SCORPIO II GFR, GGR,SIERRA Schr\u00e4gheck GBC, GBG,TRANSIT Kasten T_ _,TRANSIT MK-5 Pritsche\/Fahrgestell E_ _,FIESTA I GFBT,ESCORT IV GAF, AWF, ABFT,FIESTA II FBD,TRANSIT Bus V_ _,SCORPIO I GAE, GGE,ESCORT V Cabriolet ALL,TRANSIT Bus T_ _,MONDEO I Stufenheck GBP,TRANSIT Bus MK-4 E_ _,CAPRI III GECP,SIERRA Schr\u00e4gheck GBC,TRANSIT MK-5 Kasten E_ _,ESCORT &#8217;95 Express AVL,ESCORT II ATH,TRANSIT MK-4 Pritsche\/Fahrgestell E_ _,ESCORT III GAA,FIESTA Kasten J5_, J3_,SCORPIO II Kombi GNR, GGR,SCORPIO I Stufenheck GGE,ESCORT I AFH, AT; MORGAN: PLUS FOUR,FOUR FOUR; 1454118, 1663816, 70TM6734AA, 928M6734AA, 1E0310403, 8810400; Tiiviste, \u00d6ljynlaskutulppa<\/p>\n","protected":false},"excerpt":{"rendered":"<p>ELRING \u00d6ljytulpan Tiiviste 786.500 Tiiviste, \u00d6ljynlaskutulppa MAZDA,FORD,MORGAN,121 III JASM, JBSM,GALAXY WGR,FIESTA IV JA_, JB_,KA RB_<\/p>\n","protected":false},"featured_media":0,"template":"","meta":{"site-sidebar-layout":"default","site-content-layout":"default","ast-global-header-display":"","ast-main-header-display":"","ast-hfb-above-header-display":"","ast-hfb-below-header-display":"","ast-hfb-mobile-header-display":"","site-post-title":"","ast-breadcrumbs-content":"","ast-featured-img":"","footer-sml-layout":"","theme-transparent-header-meta":"","adv-header-id-meta":"","stick-header-meta":"","header-above-stick-meta":"","header-main-stick-meta":"","header-below-stick-meta":""},"pwb-brand":[26],"product_cat":[40],"product_tag":[],"class_list":{"0":"post-30078","1":"product","2":"type-product","3":"status-publish","5":"pwb-brand-elring","6":"product_cat-kierretulppa","7":"desktop-align-left","8":"tablet-align-left","9":"mobile-align-left","11":"first","12":"instock","13":"product-type-external"},"brands":[{"id":26,"name":"ELRING","slug":"elring"}],"_links":{"self":[{"href":"https:\/\/www.autonvaraosahaku.fi\/index.php?rest_route=\/wp\/v2\/product\/30078","targetHints":{"allow":["GET"]}}],"collection":[{"href":"https:\/\/www.autonvaraosahaku.fi\/index.php?rest_route=\/wp\/v2\/product"}],"about":[{"href":"https:\/\/www.autonvaraosahaku.fi\/index.php?rest_route=\/wp\/v2\/types\/product"}],"wp:attachment":[{"href":"https:\/\/www.autonvaraosahaku.fi\/index.php?rest_route=%2Fwp%2Fv2%2Fmedia&parent=30078"}],"wp:term":[{"taxonomy":"pwb-brand","embeddable":true,"href":"https:\/\/www.autonvaraosahaku.fi\/index.php?rest_route=%2Fwp%2Fv2%2Fpwb-brand&post=30078"},{"taxonomy":"product_cat","embeddable":true,"href":"https:\/\/www.autonvaraosahaku.fi\/index.php?rest_route=%2Fwp%2Fv2%2Fproduct_cat&post=30078"},{"taxonomy":"product_tag","embeddable":true,"href":"https:\/\/www.autonvaraosahaku.fi\/index.php?rest_route=%2Fwp%2Fv2%2Fproduct_tag&post=30078"}],"curies":[{"name":"wp","href":"https:\/\/api.w.org\/{rel}","templated":true}]}}