{"id":30080,"date":"2021-02-21T16:04:43","date_gmt":"2021-02-21T16:04:43","guid":{"rendered":"https:\/\/www.autonvaraosahaku.fi\/?product=hella-2sk-964-596-021-takavalot"},"modified":"2021-02-21T16:04:44","modified_gmt":"2021-02-21T16:04:44","slug":"hella-2sk-964-596-021-takavalot","status":"publish","type":"product","link":"https:\/\/www.autonvaraosahaku.fi\/?product=hella-2sk-964-596-021-takavalot","title":{"rendered":"HELLA 2SK 964 596-021 Takavalot"},"content":{"rendered":"<p>Asennuspuoli: Oikea; Korvaava tuote\/korvaava tiedote 2: polttimoilla; Lis\u00e4tarvike\/lis\u00e4tieto: Lampun kannalla; Lyhdyn muoto: Hehkulankatekniikka; Tarkistuskilpi: E1 1480, ECE, CCC; Nimellisj\u00e4nnite (V): 12; Lyhtytoimintojen m\u00e4\u00e4r\u00e4: 5; Lamppumalli: P21\/5W, P21W, PY21W; Valotoiminto: vilkkuvalolla, jarruvalolla, Sumutakavalolla, peruutusvalolla, Takavalolla; Lasin v\u00e4ri: Lasinkirkas, Punainen; parilliset tuotenumerot: 2SK 964 596-011; Valmistusvuoteen: 08\/2010; MERCEDES-BENZ: VIANO W639,VITO Bus W639,VITO \/ MIXTO Kasten W639; 6398200264, A6398200264; Takavalo<\/p>\n","protected":false},"excerpt":{"rendered":"<p>HELLA Takavalot 2SK 964 596-021 Takavalo MERCEDES-BENZ,VIANO W639,VITO Bus W639,VITO \/ MIXTO Kasten W639<\/p>\n","protected":false},"featured_media":0,"template":"","meta":{"site-sidebar-layout":"default","site-content-layout":"default","ast-global-header-display":"","ast-main-header-display":"","ast-hfb-above-header-display":"","ast-hfb-below-header-display":"","ast-hfb-mobile-header-display":"","site-post-title":"","ast-breadcrumbs-content":"","ast-featured-img":"","footer-sml-layout":"","theme-transparent-header-meta":"","adv-header-id-meta":"","stick-header-meta":"","header-above-stick-meta":"","header-main-stick-meta":"","header-below-stick-meta":""},"pwb-brand":[24],"product_cat":[159],"product_tag":[],"class_list":{"0":"post-30080","1":"product","2":"type-product","3":"status-publish","5":"pwb-brand-hella","6":"product_cat-takavalot","7":"desktop-align-left","8":"tablet-align-left","9":"mobile-align-left","11":"first","12":"instock","13":"product-type-external"},"brands":[{"id":24,"name":"HELLA","slug":"hella"}],"_links":{"self":[{"href":"https:\/\/www.autonvaraosahaku.fi\/index.php?rest_route=\/wp\/v2\/product\/30080","targetHints":{"allow":["GET"]}}],"collection":[{"href":"https:\/\/www.autonvaraosahaku.fi\/index.php?rest_route=\/wp\/v2\/product"}],"about":[{"href":"https:\/\/www.autonvaraosahaku.fi\/index.php?rest_route=\/wp\/v2\/types\/product"}],"wp:attachment":[{"href":"https:\/\/www.autonvaraosahaku.fi\/index.php?rest_route=%2Fwp%2Fv2%2Fmedia&parent=30080"}],"wp:term":[{"taxonomy":"pwb-brand","embeddable":true,"href":"https:\/\/www.autonvaraosahaku.fi\/index.php?rest_route=%2Fwp%2Fv2%2Fpwb-brand&post=30080"},{"taxonomy":"product_cat","embeddable":true,"href":"https:\/\/www.autonvaraosahaku.fi\/index.php?rest_route=%2Fwp%2Fv2%2Fproduct_cat&post=30080"},{"taxonomy":"product_tag","embeddable":true,"href":"https:\/\/www.autonvaraosahaku.fi\/index.php?rest_route=%2Fwp%2Fv2%2Fproduct_tag&post=30080"}],"curies":[{"name":"wp","href":"https:\/\/api.w.org\/{rel}","templated":true}]}}