{"id":30105,"date":"2021-02-21T16:04:48","date_gmt":"2021-02-21T16:04:48","guid":{"rendered":"https:\/\/www.autonvaraosahaku.fi\/?product=brembo-s-85-501-jarrukengat"},"modified":"2021-02-21T16:04:49","modified_gmt":"2021-02-21T16:04:49","slug":"brembo-s-85-501-jarrukengat","status":"publish","type":"product","link":"https:\/\/www.autonvaraosahaku.fi\/?product=brembo-s-85-501-jarrukengat","title":{"rendered":"BREMBO S 85 501 Jarrukeng\u00e4t"},"content":{"rendered":"<p>L\u00e4pimitta [mm]: 230; Leveys (mm): 40; Jarruj\u00e4rjestelm\u00e4: VAG; Asennuspuoli: Hinterachse; VW: KAEFER,KAEFER Cabriolet 15,SAFARI,ILTIS 183; PORSCHE: 924; 477609537, 477609537A, 477609537B, 477609537C, 477609537D, 477609537E, 111609537M, 111698073, 111698075, 111698075B, 113609237, 113609237A, 113609237B, 113609237C, 113609537C, 113609537CV, 113609537CX, 113609538C, 113698075, 113698237C, 113698537, 113698537C, 113698537CV, 113698537CX, 113698537QV, 113698537QX, 131609237B, 131609237C, 131609237CV, 131609237CX, 131698237CV, 131698237CX, 131698237QV, 131698237QX, 181609237B, 181609237E, 183698151A, 193609537C, 211609237A, 431698075, 477609537B, 477609537C, 477609537D, 481609537C, 481698075, 111609537M, 111698073, 111698075, 111698075B, 113609237, 113609237A, 113609237B, 113609237C, 113609537C, 113609537CV, 113609537CX, 113609538C, 113698075, 113698237C, 113698537, 113698537C, 113698537CV, 113698537CX, 113698537QV, 113698537QX, 131609237B, 131609237C, 131609237CV, 131609237CX, 131698237CV, 131698237CX, 131698237QV, 131698237QX, 181609237B, 181609237E, 183698151A, 193609537C, 211609237A, 431698075, 477609537B, 477609537C, 477609537D, 4816&#8230;; Jarrukenk\u00e4sarja<\/p>\n","protected":false},"excerpt":{"rendered":"<p>BREMBO Jarrukeng\u00e4t S 85 501 Jarrukenk\u00e4sarja VW,PORSCHE,KAEFER,KAEFER Cabriolet 15,SAFARI,ILTIS 183,924<\/p>\n","protected":false},"featured_media":0,"template":"","meta":{"site-sidebar-layout":"default","site-content-layout":"default","ast-global-header-display":"","ast-main-header-display":"","ast-hfb-above-header-display":"","ast-hfb-below-header-display":"","ast-hfb-mobile-header-display":"","site-post-title":"","ast-breadcrumbs-content":"","ast-featured-img":"","footer-sml-layout":"","theme-transparent-header-meta":"","adv-header-id-meta":"","stick-header-meta":"","header-above-stick-meta":"","header-main-stick-meta":"","header-below-stick-meta":""},"pwb-brand":[146],"product_cat":[176],"product_tag":[],"class_list":{"0":"post-30105","1":"product","2":"type-product","3":"status-publish","5":"pwb-brand-brembo","6":"product_cat-jarrukengat","7":"desktop-align-left","8":"tablet-align-left","9":"mobile-align-left","11":"first","12":"instock","13":"product-type-external"},"brands":[{"id":146,"name":"BREMBO","slug":"brembo"}],"_links":{"self":[{"href":"https:\/\/www.autonvaraosahaku.fi\/index.php?rest_route=\/wp\/v2\/product\/30105","targetHints":{"allow":["GET"]}}],"collection":[{"href":"https:\/\/www.autonvaraosahaku.fi\/index.php?rest_route=\/wp\/v2\/product"}],"about":[{"href":"https:\/\/www.autonvaraosahaku.fi\/index.php?rest_route=\/wp\/v2\/types\/product"}],"wp:attachment":[{"href":"https:\/\/www.autonvaraosahaku.fi\/index.php?rest_route=%2Fwp%2Fv2%2Fmedia&parent=30105"}],"wp:term":[{"taxonomy":"pwb-brand","embeddable":true,"href":"https:\/\/www.autonvaraosahaku.fi\/index.php?rest_route=%2Fwp%2Fv2%2Fpwb-brand&post=30105"},{"taxonomy":"product_cat","embeddable":true,"href":"https:\/\/www.autonvaraosahaku.fi\/index.php?rest_route=%2Fwp%2Fv2%2Fproduct_cat&post=30105"},{"taxonomy":"product_tag","embeddable":true,"href":"https:\/\/www.autonvaraosahaku.fi\/index.php?rest_route=%2Fwp%2Fv2%2Fproduct_tag&post=30105"}],"curies":[{"name":"wp","href":"https:\/\/api.w.org\/{rel}","templated":true}]}}