{"id":30111,"date":"2021-02-21T16:04:48","date_gmt":"2021-02-21T16:04:48","guid":{"rendered":"https:\/\/www.autonvaraosahaku.fi\/?product=trw-jar929-raidetangon-sisapaa"},"modified":"2021-02-21T16:04:50","modified_gmt":"2021-02-21T16:04:50","slug":"trw-jar929-raidetangon-sisapaa","status":"publish","type":"product","link":"https:\/\/www.autonvaraosahaku.fi\/?product=trw-jar929-raidetangon-sisapaa","title":{"rendered":"TRW JAR929 Raidetangon sis\u00e4p\u00e4\u00e4"},"content":{"rendered":"<p>Pituus (mm): 310; Kierre 1: M14x1,5; kierre 2: M14x1,5; Lis\u00e4tarvike\/lis\u00e4tieto: Tarvikkeilla; OE-numerolle: 48001AX702, 48001BC43A, 48001AY612, 48001BC46A; Huomioi tekniset tiedot: ; Asennuspuoli: Vorderachse beidseitig; RENAULT: CLIO III BR0\/1, CR0\/1,MODUS \/ GRAND MODUS F\/JP0_,CLIO Grandtour KR0\/1_,CLIO III Kasten SB_, SR_; NISSAN: MICRA III K12,MICRA C+C K12; 48001AX702, 48001AY612, 48001BC43A, 48001BC46A, 7701475841; Raidetangon P\u00e4\u00e4 Sisempi,Raidetangon P\u00e4\u00e4, Suora<\/p>\n","protected":false},"excerpt":{"rendered":"<p>TRW Raidetangon Sis\u00e4p\u00e4\u00e4 JAR929 Raidetangon P\u00e4\u00e4 Sisempi,Raidetangon P\u00e4\u00e4, Suora RENAULT,NISSAN,CLIO III BR0\/1, CR0\/1,MODUS \/ GRAND MODUS F\/JP0_<\/p>\n","protected":false},"featured_media":0,"template":"","meta":{"site-sidebar-layout":"default","site-content-layout":"default","ast-global-header-display":"","ast-main-header-display":"","ast-hfb-above-header-display":"","ast-hfb-below-header-display":"","ast-hfb-mobile-header-display":"","site-post-title":"","ast-breadcrumbs-content":"","ast-featured-img":"","footer-sml-layout":"","theme-transparent-header-meta":"","adv-header-id-meta":"","stick-header-meta":"","header-above-stick-meta":"","header-main-stick-meta":"","header-below-stick-meta":""},"pwb-brand":[332],"product_cat":[208],"product_tag":[],"class_list":{"0":"post-30111","1":"product","2":"type-product","3":"status-publish","5":"pwb-brand-trw","6":"product_cat-raidetangon-sisapaa","7":"desktop-align-left","8":"tablet-align-left","9":"mobile-align-left","11":"first","12":"instock","13":"product-type-external"},"brands":[{"id":332,"name":"TRW","slug":"trw"}],"_links":{"self":[{"href":"https:\/\/www.autonvaraosahaku.fi\/index.php?rest_route=\/wp\/v2\/product\/30111","targetHints":{"allow":["GET"]}}],"collection":[{"href":"https:\/\/www.autonvaraosahaku.fi\/index.php?rest_route=\/wp\/v2\/product"}],"about":[{"href":"https:\/\/www.autonvaraosahaku.fi\/index.php?rest_route=\/wp\/v2\/types\/product"}],"wp:attachment":[{"href":"https:\/\/www.autonvaraosahaku.fi\/index.php?rest_route=%2Fwp%2Fv2%2Fmedia&parent=30111"}],"wp:term":[{"taxonomy":"pwb-brand","embeddable":true,"href":"https:\/\/www.autonvaraosahaku.fi\/index.php?rest_route=%2Fwp%2Fv2%2Fpwb-brand&post=30111"},{"taxonomy":"product_cat","embeddable":true,"href":"https:\/\/www.autonvaraosahaku.fi\/index.php?rest_route=%2Fwp%2Fv2%2Fproduct_cat&post=30111"},{"taxonomy":"product_tag","embeddable":true,"href":"https:\/\/www.autonvaraosahaku.fi\/index.php?rest_route=%2Fwp%2Fv2%2Fproduct_tag&post=30111"}],"curies":[{"name":"wp","href":"https:\/\/api.w.org\/{rel}","templated":true}]}}