{"id":30135,"date":"2021-02-21T16:04:53","date_gmt":"2021-02-21T16:04:53","guid":{"rendered":"https:\/\/www.autonvaraosahaku.fi\/?product=magneti-marelli-062000611304-sytytystulpat"},"modified":"2021-02-21T16:04:55","modified_gmt":"2021-02-21T16:04:55","slug":"magneti-marelli-062000611304-sytytystulpat","status":"publish","type":"product","link":"https:\/\/www.autonvaraosahaku.fi\/?product=magneti-marelli-062000611304-sytytystulpat","title":{"rendered":"MAGNETI MARELLI 062000611304 Sytytystulpat"},"content":{"rendered":"<p>Sytytystulppa: 1-maaelektroodi, Vastuksella; K\u00e4rkiv\u00e4li (mm): 0,7; Kierremitta: M14; Kierteen pituus (mm): 12,7; Avainv\u00e4li: 20,8; Korvaava tuote\/korvaava tiedote 2: suoralla istukalla; TECDOC-moottorinumero: 5029; VW: TRANSPORTER II Bus,1500,1600 Variant 36,1500,1600 31,KARMANN GHIA Coupe 14, 34,1500,1600 Schr\u00e4gheck 31,TRANSPORTER II Kasten,TRANSPORTER II Pritsche\/Fahrgestell; SKODA: 110,110 Coupe; FIAT: 500; CITRO\u00cbN: 2 CV,MEHARI; 1171632200, 9004851021, 99906850P9003, 99906910P9002, 5099748, 5099933, 810F12405LA, 92OF12405AMA, 9807656716, 9807656728, 980765672802, 9807656740, 9807656741, 1S3, 4113022, 4401586, 0001591203, 0031596203, A0001591203, A0031596203, 1214018, 1171632200, 5416222D, DX2127B, 1928865, 99902080210, 7700659262, 820541812, 0948200058, 0948200088, 0948200095, 0948200190, 0948200338, 0948200534, 9900079682, 9900079683, 9009870024, N0178011, N01780113; Tulpat,Sytytystulppa<\/p>\n","protected":false},"excerpt":{"rendered":"<p>MAGNETI MARELLI Sytytystulpat 062000611304 Tulpat,Sytytystulppa VW,SKODA,FIAT,TRANSPORTER II Bus,1500,1600 Variant 36,1500,1600 31<\/p>\n","protected":false},"featured_media":0,"template":"","meta":{"site-sidebar-layout":"default","site-content-layout":"default","ast-global-header-display":"","ast-main-header-display":"","ast-hfb-above-header-display":"","ast-hfb-below-header-display":"","ast-hfb-mobile-header-display":"","site-post-title":"","ast-breadcrumbs-content":"","ast-featured-img":"","footer-sml-layout":"","theme-transparent-header-meta":"","adv-header-id-meta":"","stick-header-meta":"","header-above-stick-meta":"","header-main-stick-meta":"","header-below-stick-meta":""},"pwb-brand":[34],"product_cat":[165],"product_tag":[],"class_list":{"0":"post-30135","1":"product","2":"type-product","3":"status-publish","5":"pwb-brand-magneti-marelli","6":"product_cat-sytytystulpat","7":"desktop-align-left","8":"tablet-align-left","9":"mobile-align-left","11":"first","12":"instock","13":"product-type-external"},"brands":[{"id":34,"name":"MAGNETI MARELLI","slug":"magneti-marelli"}],"_links":{"self":[{"href":"https:\/\/www.autonvaraosahaku.fi\/index.php?rest_route=\/wp\/v2\/product\/30135","targetHints":{"allow":["GET"]}}],"collection":[{"href":"https:\/\/www.autonvaraosahaku.fi\/index.php?rest_route=\/wp\/v2\/product"}],"about":[{"href":"https:\/\/www.autonvaraosahaku.fi\/index.php?rest_route=\/wp\/v2\/types\/product"}],"wp:attachment":[{"href":"https:\/\/www.autonvaraosahaku.fi\/index.php?rest_route=%2Fwp%2Fv2%2Fmedia&parent=30135"}],"wp:term":[{"taxonomy":"pwb-brand","embeddable":true,"href":"https:\/\/www.autonvaraosahaku.fi\/index.php?rest_route=%2Fwp%2Fv2%2Fpwb-brand&post=30135"},{"taxonomy":"product_cat","embeddable":true,"href":"https:\/\/www.autonvaraosahaku.fi\/index.php?rest_route=%2Fwp%2Fv2%2Fproduct_cat&post=30135"},{"taxonomy":"product_tag","embeddable":true,"href":"https:\/\/www.autonvaraosahaku.fi\/index.php?rest_route=%2Fwp%2Fv2%2Fproduct_tag&post=30135"}],"curies":[{"name":"wp","href":"https:\/\/api.w.org\/{rel}","templated":true}]}}