{"id":30178,"date":"2021-02-21T16:05:02","date_gmt":"2021-02-21T16:05:02","guid":{"rendered":"https:\/\/www.autonvaraosahaku.fi\/?product=trw-df6627-jarrulevyt"},"modified":"2021-02-21T16:05:05","modified_gmt":"2021-02-21T16:05:05","slug":"trw-df6627-jarrulevyt","status":"publish","type":"product","link":"https:\/\/www.autonvaraosahaku.fi\/?product=trw-df6627-jarrulevyt","title":{"rendered":"TRW DF6627 Jarrulevyt"},"content":{"rendered":"<p>Jarrulevytyyppi: Vakiomalli; Reikien m\u00e4\u00e4r\u00e4: 5; Ulkol\u00e4pimitta [mm]: 262; keskitt\u00e4misl\u00e4pimitta [mm]: 76; Korkeus (mm): 45,1; Jarrulevyn paksuus (mm): 10; V\u00e4himm\u00e4ispaksuus (mm): 8,4; Reik\u00e4ympyr\u00e4-\u00d8 [mm]: 114,3; Kierre 1: 12,5; V\u00e4ri: Musta; Pinta: Lakattu; Tarkistuskilpi: E1 90R-02 C0190\/0537; Asennuspuoli: Hinterachse; KIA: CEE&#8217;D JD,CEE`D Sportswagon JD,PRO CEE\u00b4D JD,SOUL II PS,CERATO KOUP TD,CERATO YD Stufenheck; HYUNDAI: i30 GD,i30 CW GD,i30 Coupe,VELOSTER FS,ELANTRA Stufenheck MD, UD,KONA OS,ELANTRA Stufenheck AD,CRETA; 584113X300, 58411A6300, 584113X300, 58411A6300; Jarrulevy<\/p>\n","protected":false},"excerpt":{"rendered":"<p>TRW Jarrulevyt DF6627 Jarrulevy KIA,HYUNDAI,CEE&#8217;D JD,CEE`D Sportswagon JD,PRO CEE\u00b4D JD,SOUL II PS,CERATO KOUP TD,CERATO YD Stufenheck,i30 GD<\/p>\n","protected":false},"featured_media":0,"template":"","meta":{"site-sidebar-layout":"default","site-content-layout":"default","ast-global-header-display":"","ast-main-header-display":"","ast-hfb-above-header-display":"","ast-hfb-below-header-display":"","ast-hfb-mobile-header-display":"","site-post-title":"","ast-breadcrumbs-content":"","ast-featured-img":"","footer-sml-layout":"","theme-transparent-header-meta":"","adv-header-id-meta":"","stick-header-meta":"","header-above-stick-meta":"","header-main-stick-meta":"","header-below-stick-meta":""},"pwb-brand":[332],"product_cat":[66],"product_tag":[],"class_list":{"0":"post-30178","1":"product","2":"type-product","3":"status-publish","5":"pwb-brand-trw","6":"product_cat-jarrulevyt","7":"desktop-align-left","8":"tablet-align-left","9":"mobile-align-left","11":"first","12":"instock","13":"product-type-external"},"brands":[{"id":332,"name":"TRW","slug":"trw"}],"_links":{"self":[{"href":"https:\/\/www.autonvaraosahaku.fi\/index.php?rest_route=\/wp\/v2\/product\/30178","targetHints":{"allow":["GET"]}}],"collection":[{"href":"https:\/\/www.autonvaraosahaku.fi\/index.php?rest_route=\/wp\/v2\/product"}],"about":[{"href":"https:\/\/www.autonvaraosahaku.fi\/index.php?rest_route=\/wp\/v2\/types\/product"}],"wp:attachment":[{"href":"https:\/\/www.autonvaraosahaku.fi\/index.php?rest_route=%2Fwp%2Fv2%2Fmedia&parent=30178"}],"wp:term":[{"taxonomy":"pwb-brand","embeddable":true,"href":"https:\/\/www.autonvaraosahaku.fi\/index.php?rest_route=%2Fwp%2Fv2%2Fpwb-brand&post=30178"},{"taxonomy":"product_cat","embeddable":true,"href":"https:\/\/www.autonvaraosahaku.fi\/index.php?rest_route=%2Fwp%2Fv2%2Fproduct_cat&post=30178"},{"taxonomy":"product_tag","embeddable":true,"href":"https:\/\/www.autonvaraosahaku.fi\/index.php?rest_route=%2Fwp%2Fv2%2Fproduct_tag&post=30178"}],"curies":[{"name":"wp","href":"https:\/\/api.w.org\/{rel}","templated":true}]}}