{"id":30184,"date":"2021-02-21T16:05:07","date_gmt":"2021-02-21T16:05:07","guid":{"rendered":"https:\/\/www.autonvaraosahaku.fi\/?product=ridex-4272s0017-anturit-sensorit"},"modified":"2021-02-21T16:05:08","modified_gmt":"2021-02-21T16:05:08","slug":"ridex-4272s0017-anturit-sensorit","status":"publish","type":"product","link":"https:\/\/www.autonvaraosahaku.fi\/?product=ridex-4272s0017-anturit-sensorit","title":{"rendered":"RIDEX 4272S0017 Anturit (sensorit)"},"content":{"rendered":"<p>Napojen m\u00e4\u00e4r\u00e4: 3; Pistokkeen kotelon muoto: D-muoto; johtojen lukum\u00e4\u00e4r\u00e4: 2; Ulkol\u00e4pimitta 1 [mm]: 8; Ulkol\u00e4pimitta 2 [mm]: 6; Paine alkaen [kPA]: 0; Paine korkeintaan [kPa]: 100; Valmistusvuosi alkaen: 06\/2006; VW: GOLF V 1K1,POLO 9N_,TOURAN 1T1, 1T2,GOLF VI 5K1,PASSAT Variant 3C5,GOLF PLUS 5M1, 521,PASSAT Variant 3B6,PASSAT 3C2,TIGUAN 5N_,SHARAN 7M8, 7M9, 7M6,CADDY III Kombi 2KB, 2KJ, 2CB, 2CJ,TRANSPORTER V Bus 7HB, 7HJ, 7EB, 7EJ, 7EF,TOUAREG 7LA, 7L6, 7L7,GOLF VI Variant AJ5,GOLF V Variant 1K5,MULTIVAN V 7HM, 7HN, 7HF, 7EF, 7EM, 7EN,CADDY III Kasten 2KA, 2KH, 2CA, 2CH,EOS 1F7, 1F8,SCIROCCO 137, 138,TRANSPORTER V Kasten 7HA, 7HH, 7EA, 7EH,PASSAT CC 357,PASSAT 3B3,PHAETON 3D_,CRAFTER 30-50 Kasten 2E_,JETTA III 1K2,CRAFTER 30-35 Bus 2E_,TRANSPORTER V Pritsche\/Fahrgestell 7JD, 7JE, 7JL, 7JY, 7JZ,,CRAFTER 30-50 Pritsche\/Fahrgestell 2F_; AUDI: A6 Avant 4F5, C6,A3 8P1,A3 Sportback 8PA,A4 Avant 8ED, B7,A6 4F2, C6,A4 Cabriolet 8H7, B6, 8HE, B7,A4 8EC, B7,Q7 4L,A8 4E_,TT 8J3,A6 Allroad 4FH, C6,TT Roadster 8J9; SKODA: OCTAVIA Combi 1Z5,FABIA,FABIA Combi,ROOMSTER 5J,YETI 5L,SUPERB 3U4,ROOMSTER Praktik 5J; SEAT: IBIZA IV 6L1,LEON 1P1,IBIZA V 6J5, 6P5,ALTEA 5P1,ALHAMBRA 7V8, 7V9,ALTEA XL 5P5, 5P8,IBIZA V SPORTCOUPE 6J1, 6P1,CORDOBA 6L2,TOLEDO III 5P2; MITSUBISHI: GRANDIS NA_W,LANCER SPORTBACK CX_A,LANCER Stufenheck CY\/Z_A; 03G906051, 03G906051A, 076906051A, 076906051C, 07Z906051, 07Z906051A, 1865A119, 03G906051, 03G906051A, 076906051A, 076906051C, 07Z906051, 07Z906051A, 03G906051, 03G906051A, 076906051A, 076906051C, 07Z906051, 07Z906051A, 03G906051, 03G906051A, 076906051A, 076906051C, 07Z906051, 07Z906051A; Sensori Pakokaasupaine<\/p>\n","protected":false},"excerpt":{"rendered":"<p>RIDEX DPF Paine-Eroanturi 4272S0017 Sensori Pakokaasupaine VW,AUDI,SKODA,GOLF V 1K1,POLO 9N_,TOURAN 1T1, 1T2,GOLF VI 5K1,PASSAT Variant 3C5<\/p>\n","protected":false},"featured_media":0,"template":"","meta":{"site-sidebar-layout":"default","site-content-layout":"default","ast-global-header-display":"","ast-main-header-display":"","ast-hfb-above-header-display":"","ast-hfb-below-header-display":"","ast-hfb-mobile-header-display":"","site-post-title":"","ast-breadcrumbs-content":"","ast-featured-img":"","footer-sml-layout":"","theme-transparent-header-meta":"","adv-header-id-meta":"","stick-header-meta":"","header-above-stick-meta":"","header-main-stick-meta":"","header-below-stick-meta":""},"pwb-brand":[157],"product_cat":[98],"product_tag":[],"class_list":{"0":"post-30184","1":"product","2":"type-product","3":"status-publish","5":"pwb-brand-ridex","6":"product_cat-anturit-sensorit","7":"desktop-align-left","8":"tablet-align-left","9":"mobile-align-left","11":"first","12":"instock","13":"product-type-external"},"brands":[{"id":157,"name":"RIDEX","slug":"ridex"}],"_links":{"self":[{"href":"https:\/\/www.autonvaraosahaku.fi\/index.php?rest_route=\/wp\/v2\/product\/30184","targetHints":{"allow":["GET"]}}],"collection":[{"href":"https:\/\/www.autonvaraosahaku.fi\/index.php?rest_route=\/wp\/v2\/product"}],"about":[{"href":"https:\/\/www.autonvaraosahaku.fi\/index.php?rest_route=\/wp\/v2\/types\/product"}],"wp:attachment":[{"href":"https:\/\/www.autonvaraosahaku.fi\/index.php?rest_route=%2Fwp%2Fv2%2Fmedia&parent=30184"}],"wp:term":[{"taxonomy":"pwb-brand","embeddable":true,"href":"https:\/\/www.autonvaraosahaku.fi\/index.php?rest_route=%2Fwp%2Fv2%2Fpwb-brand&post=30184"},{"taxonomy":"product_cat","embeddable":true,"href":"https:\/\/www.autonvaraosahaku.fi\/index.php?rest_route=%2Fwp%2Fv2%2Fproduct_cat&post=30184"},{"taxonomy":"product_tag","embeddable":true,"href":"https:\/\/www.autonvaraosahaku.fi\/index.php?rest_route=%2Fwp%2Fv2%2Fproduct_tag&post=30184"}],"curies":[{"name":"wp","href":"https:\/\/api.w.org\/{rel}","templated":true}]}}