{"id":30231,"date":"2021-02-21T16:05:16","date_gmt":"2021-02-21T16:05:16","guid":{"rendered":"https:\/\/www.autonvaraosahaku.fi\/?product=beru-evl094-virranjakajan-pyorija"},"modified":"2021-02-21T16:05:18","modified_gmt":"2021-02-21T16:05:18","slug":"beru-evl094-virranjakajan-pyorija","status":"publish","type":"product","link":"https:\/\/www.autonvaraosahaku.fi\/?product=beru-evl094-virranjakajan-pyorija","title":{"rendered":"BERU EVL094 Virranjakajan py\u00f6rij\u00e4"},"content":{"rendered":"<p>Valmistaja rajaus: System DUCELLIER; Materiaali: Polyesteri; L\u00e4pimitta sis\u00e4\u00e4notto [mm]: 10; Virranjakaja: H\u00e4iri\u00f6npoisto, 5 k-ohm; Valmistusvuosi alkaen: 06\/1986; FIAT: PANDA 141A_,PANDA Van 141_; CITRO\u00cbN: AX ZA-_,ZX N2,BX XB-_,C25 Bus 280_, 290_,XM Y3,CX II,CX I MA,C25 Pritsche\/Fahrgestell 280_, 290_,BX Break XB-_,C25 Kasten 280_, 290_,C15 VD-_,CX II Break,XM Break Y3,CX I Break MA,GS,GS Break; PEUGEOT: 106 I 1A, 1C,205 II 20A\/C,205 I Cabriolet 741B, 20D,309 II 3C, 3A,205 I 741A\/C,405 I 15B,605 6B,309 I 10C, 10A,505 551A,104,405 I Break 15E,305 II 581M,505 Break 551D,104 Coupe,305 II Break 581E; RENAULT: TWINGO I C06_,ESPACE II J\/S63_,SUPER 5 B\/C40_,RAPID Kasten F40_, G40_,19 I B\/C53_,9 L42_,ESPACE I J11_,11 B\/C37_,21 Stufenheck L48_,25 B29_,19 I Chamade L53_,18 134_,21 Kombi K48_,FUEGO 136_,21 B48_; TALBOT: SAMBA Cabriolet 51E,HORIZON,SAMBA 51A,1307-1510; 95559241, 593728, 7701026824, 43129<\/p>\n","protected":false},"excerpt":{"rendered":"<p>BERU Virranjakajan Py\u00f6rij\u00e4 EVL094  FIAT,CITRO\u00cbN,PEUGEOT,PANDA 141A_,PANDA Van 141_,AX ZA-_,ZX N2,BX XB-_,C25 Bus 280_, 290_,XM Y3,CX II,CX I MA<\/p>\n","protected":false},"featured_media":0,"template":"","meta":{"site-sidebar-layout":"default","site-content-layout":"default","ast-global-header-display":"","ast-main-header-display":"","ast-hfb-above-header-display":"","ast-hfb-below-header-display":"","ast-hfb-mobile-header-display":"","site-post-title":"","ast-breadcrumbs-content":"","ast-featured-img":"","footer-sml-layout":"","theme-transparent-header-meta":"","adv-header-id-meta":"","stick-header-meta":"","header-above-stick-meta":"","header-main-stick-meta":"","header-below-stick-meta":""},"pwb-brand":[327],"product_cat":[94],"product_tag":[],"class_list":{"0":"post-30231","1":"product","2":"type-product","3":"status-publish","5":"pwb-brand-beru","6":"product_cat-virranjakajan-pyorija","7":"desktop-align-left","8":"tablet-align-left","9":"mobile-align-left","11":"first","12":"instock","13":"product-type-external"},"brands":[{"id":327,"name":"BERU","slug":"beru"}],"_links":{"self":[{"href":"https:\/\/www.autonvaraosahaku.fi\/index.php?rest_route=\/wp\/v2\/product\/30231","targetHints":{"allow":["GET"]}}],"collection":[{"href":"https:\/\/www.autonvaraosahaku.fi\/index.php?rest_route=\/wp\/v2\/product"}],"about":[{"href":"https:\/\/www.autonvaraosahaku.fi\/index.php?rest_route=\/wp\/v2\/types\/product"}],"wp:attachment":[{"href":"https:\/\/www.autonvaraosahaku.fi\/index.php?rest_route=%2Fwp%2Fv2%2Fmedia&parent=30231"}],"wp:term":[{"taxonomy":"pwb-brand","embeddable":true,"href":"https:\/\/www.autonvaraosahaku.fi\/index.php?rest_route=%2Fwp%2Fv2%2Fpwb-brand&post=30231"},{"taxonomy":"product_cat","embeddable":true,"href":"https:\/\/www.autonvaraosahaku.fi\/index.php?rest_route=%2Fwp%2Fv2%2Fproduct_cat&post=30231"},{"taxonomy":"product_tag","embeddable":true,"href":"https:\/\/www.autonvaraosahaku.fi\/index.php?rest_route=%2Fwp%2Fv2%2Fproduct_tag&post=30231"}],"curies":[{"name":"wp","href":"https:\/\/api.w.org\/{rel}","templated":true}]}}