{"id":30235,"date":"2021-02-21T16:05:16","date_gmt":"2021-02-21T16:05:16","guid":{"rendered":"https:\/\/www.autonvaraosahaku.fi\/?product=elring-147-660-tiivisteet"},"modified":"2021-02-21T16:05:19","modified_gmt":"2021-02-21T16:05:19","slug":"elring-147-660-tiivisteet","status":"publish","type":"product","link":"https:\/\/www.autonvaraosahaku.fi\/?product=elring-147-660-tiivisteet","title":{"rendered":"ELRING 147.660 Tiivisteet"},"content":{"rendered":"<p>Asennuspuoli: Yl\u00e4puolella; Valmistusvuoteen: 09\/1998; LAND ROVER: DEFENDER Station Wagon LD,DEFENDER Pick-up LD_; BMW: 5 E39,3 Touring E46,5 Touring E39,3 Compact E36,3 E36,7 E38,3 Coupe E36,Z3 E36,5 E34,3 Cabriolet E36,3 Touring E36,5 Touring E34,Z3 Coupe E36; WIESMANN: MF3 Roadster; 11361740838, 11361740839, 11361740840, 1748625, 1748990; Tiivistesarja Jakop\u00e4\u00e4nkotelo<\/p>\n","protected":false},"excerpt":{"rendered":"<p>ELRING Tiiviste Jakop\u00e4\u00e4nkotelo 147.660 Tiivistesarja Jakop\u00e4\u00e4nkotelo LAND ROVER,BMW,WIESMANN,DEFENDER Station Wagon LD,DEFENDER Pick-up LD_,5 E39<\/p>\n","protected":false},"featured_media":0,"template":"","meta":{"site-sidebar-layout":"default","site-content-layout":"default","ast-global-header-display":"","ast-main-header-display":"","ast-hfb-above-header-display":"","ast-hfb-below-header-display":"","ast-hfb-mobile-header-display":"","site-post-title":"","ast-breadcrumbs-content":"","ast-featured-img":"","footer-sml-layout":"","theme-transparent-header-meta":"","adv-header-id-meta":"","stick-header-meta":"","header-above-stick-meta":"","header-main-stick-meta":"","header-below-stick-meta":""},"pwb-brand":[26],"product_cat":[27],"product_tag":[],"class_list":{"0":"post-30235","1":"product","2":"type-product","3":"status-publish","5":"pwb-brand-elring","6":"product_cat-tiivisteet","7":"desktop-align-left","8":"tablet-align-left","9":"mobile-align-left","11":"first","12":"instock","13":"product-type-external"},"brands":[{"id":26,"name":"ELRING","slug":"elring"}],"_links":{"self":[{"href":"https:\/\/www.autonvaraosahaku.fi\/index.php?rest_route=\/wp\/v2\/product\/30235","targetHints":{"allow":["GET"]}}],"collection":[{"href":"https:\/\/www.autonvaraosahaku.fi\/index.php?rest_route=\/wp\/v2\/product"}],"about":[{"href":"https:\/\/www.autonvaraosahaku.fi\/index.php?rest_route=\/wp\/v2\/types\/product"}],"wp:attachment":[{"href":"https:\/\/www.autonvaraosahaku.fi\/index.php?rest_route=%2Fwp%2Fv2%2Fmedia&parent=30235"}],"wp:term":[{"taxonomy":"pwb-brand","embeddable":true,"href":"https:\/\/www.autonvaraosahaku.fi\/index.php?rest_route=%2Fwp%2Fv2%2Fpwb-brand&post=30235"},{"taxonomy":"product_cat","embeddable":true,"href":"https:\/\/www.autonvaraosahaku.fi\/index.php?rest_route=%2Fwp%2Fv2%2Fproduct_cat&post=30235"},{"taxonomy":"product_tag","embeddable":true,"href":"https:\/\/www.autonvaraosahaku.fi\/index.php?rest_route=%2Fwp%2Fv2%2Fproduct_tag&post=30235"}],"curies":[{"name":"wp","href":"https:\/\/api.w.org\/{rel}","templated":true}]}}