{"id":30238,"date":"2021-02-21T16:05:16","date_gmt":"2021-02-21T16:05:16","guid":{"rendered":"https:\/\/www.autonvaraosahaku.fi\/?product=vaico-v10-0336-polttoainesuodatin"},"modified":"2021-02-21T16:05:19","modified_gmt":"2021-02-21T16:05:19","slug":"vaico-v10-0336-polttoainesuodatin","status":"publish","type":"product","link":"https:\/\/www.autonvaraosahaku.fi\/?product=vaico-v10-0336-polttoainesuodatin","title":{"rendered":"VAICO V10-0336 Polttoainesuodatin"},"content":{"rendered":"<p>Polttoaine: Bensiini; Ulostulon l\u00e4pimitta [mm]: 8; Ulkol\u00e4pimitta 1 [mm]: 81; Korkeus (mm): 163,5; Ulkol\u00e4pimitta [mm]: 74; Sis\u00e4\u00e4ntulol\u00e4pimitta [mm]: 8; Paino [kg]: 0,323; Pakkausleveys [cm]: 8,8; Pakkauskorkeus [mm]: 16,5; Pakkaussyvyys [cm]: 8,8; lis\u00e4tieto: CST99; Moottorinumero: AAV\/NZ; VW: PASSAT Variant 3B6,TRANSPORTER IV Bus 70XB, 70XC, 7DB, 7DW,GOLF III 1H1,SHARAN 7M8, 7M9, 7M6,GOLF II 19E, 1G1,PASSAT Variant 3B5,PASSAT Variant 3A5, 35I,PASSAT 3B2,GOLF I Cabriolet 155,GOLF III Cabriolet 1E7,TRANSPORTER IV Kasten 70XA,PASSAT 3B3,GOLF Mk III Cabriolet 1E7,GOLF III Variant 1H5,TRANSPORTER III Bus,POLO 86C, 80,KAEFER,POLO Coupe 86C, 80,PASSAT 3A2, 35I,CORRADO 53I,TRANSPORTER IV Pritsche\/Fahrgestell 70XD,SCIROCCO 53B,VENTO 1H2,GOLF I 17,CADDY I 14,JETTA II 19E, 1G2, 165,TRANSPORTER III Kasten,POLO CLASSIC 86C, 80,TRANSPORTER III Pritsche\/Fahrgestell,POLO Kasten 86CF,GOLF II Van 19E, 1G1,GOLF III Van 1H1; AUDI: A4 8D2, B5,A6 Avant 4B5, C5,A4 Avant 8D5, B5,A6 4B2, C5,CABRIOLET 8G7, B4,A6 Avant 4A, C4; SKODA: SUPERB 3U4; SEAT: ALHAMBRA 7V8, 7V9,TOLEDO I 1L,MARBELLA 28,IBIZA I 021A,MALAGA 023A; FORD: GALAXY WGR; ZASTAVA: YUGO,YUGO FLORIDA; 1H0201511, 1H0201511A, 251201511A, 251201511H, 3051335111, 1256492, 13321256492, 1485678, 7212351, 95VW9155BA, 95VW9155CA, 021104653A, 1H0201511, 1H0201511A, 251201511A, 251201511H, 1H0201511, 1H0201511A, 251201511A, 251201511H, 1H0201511, 1H0201511A, 251201511A, 251201511H, 3051335111<\/p>\n","protected":false},"excerpt":{"rendered":"<p>VAICO Polttoainesuodatin V10-0336  VW,AUDI,SKODA,PASSAT Variant 3B6,TRANSPORTER IV Bus 70XB, 70XC, 7DB, 7DW,GOLF III 1H1,SHARAN 7M8, 7M9, 7M6<\/p>\n","protected":false},"featured_media":0,"template":"","meta":{"site-sidebar-layout":"default","site-content-layout":"default","ast-global-header-display":"","ast-main-header-display":"","ast-hfb-above-header-display":"","ast-hfb-below-header-display":"","ast-hfb-mobile-header-display":"","site-post-title":"","ast-breadcrumbs-content":"","ast-featured-img":"","footer-sml-layout":"","theme-transparent-header-meta":"","adv-header-id-meta":"","stick-header-meta":"","header-above-stick-meta":"","header-main-stick-meta":"","header-below-stick-meta":""},"pwb-brand":[330],"product_cat":[29],"product_tag":[],"class_list":{"0":"post-30238","1":"product","2":"type-product","3":"status-publish","5":"pwb-brand-vaico","6":"product_cat-polttoainesuodatin","7":"desktop-align-left","8":"tablet-align-left","9":"mobile-align-left","11":"first","12":"instock","13":"product-type-external"},"brands":[{"id":330,"name":"VAICO","slug":"vaico"}],"_links":{"self":[{"href":"https:\/\/www.autonvaraosahaku.fi\/index.php?rest_route=\/wp\/v2\/product\/30238","targetHints":{"allow":["GET"]}}],"collection":[{"href":"https:\/\/www.autonvaraosahaku.fi\/index.php?rest_route=\/wp\/v2\/product"}],"about":[{"href":"https:\/\/www.autonvaraosahaku.fi\/index.php?rest_route=\/wp\/v2\/types\/product"}],"wp:attachment":[{"href":"https:\/\/www.autonvaraosahaku.fi\/index.php?rest_route=%2Fwp%2Fv2%2Fmedia&parent=30238"}],"wp:term":[{"taxonomy":"pwb-brand","embeddable":true,"href":"https:\/\/www.autonvaraosahaku.fi\/index.php?rest_route=%2Fwp%2Fv2%2Fpwb-brand&post=30238"},{"taxonomy":"product_cat","embeddable":true,"href":"https:\/\/www.autonvaraosahaku.fi\/index.php?rest_route=%2Fwp%2Fv2%2Fproduct_cat&post=30238"},{"taxonomy":"product_tag","embeddable":true,"href":"https:\/\/www.autonvaraosahaku.fi\/index.php?rest_route=%2Fwp%2Fv2%2Fproduct_tag&post=30238"}],"curies":[{"name":"wp","href":"https:\/\/api.w.org\/{rel}","templated":true}]}}