{"id":30261,"date":"2021-02-21T16:05:25","date_gmt":"2021-02-21T16:05:25","guid":{"rendered":"https:\/\/www.autonvaraosahaku.fi\/?product=optimal-g1-091-raidetangon-paa"},"modified":"2021-02-21T16:05:26","modified_gmt":"2021-02-21T16:05:26","slug":"optimal-g1-091-raidetangon-paa","status":"publish","type":"product","link":"https:\/\/www.autonvaraosahaku.fi\/?product=optimal-g1-091-raidetangon-paa","title":{"rendered":"OPTIMAL G1-091 Raidetangon p\u00e4\u00e4"},"content":{"rendered":"<p>Asennuspuoli: Molemminpuolin, Ulompi, Etuakseli; Pituus (mm): 90,8; Kartiomitta (mm): 12,1; Ulkokierre 1 [mm]: M10 x 1,25 RHT M; Ulkokierre 2 [mm]: M14 x 1,50 RHT M; Tarvittava kappalem\u00e4\u00e4r\u00e4: 2; Organisaationumerosta: 10311; PEUGEOT: 307 SW 3H,307 CC 3B,307 3A\/C,307 Break 3E,306 Schr\u00e4gheck 7A, 7C, N3, N5,306 Cabriolet 7D, N3, N5,PARTNER Combispace 5F,205 II 20A\/C,PARTNER Kasten 5,306 Break 7E, N3, N5,306 7B, N3, N5,205 I Cabriolet 741B, 20D,309 II 3C, 3A,205 I 741A\/C,304 Cabriolet _04B_,504 A_, M_,504 Cabriolet,309 I 10C, 10A,505 551A,504 Coupe,104,305 II 581M,505 Break 551D,604 561A_,504 Break D_, F_,504 Pick-up E_,304 _04M_,104 Coupe,305 II Break 581E,305 I 581A,205 Kasten,304 Coupe _04C_,304 Break _04D_,305 I Break 581D; CITRO\u00cbN: BERLINGO MF,XSARA PICASSO N68,C4 I LC_,BERLINGO Kasten M_,XSARA N1,C4 Coupe LA_,XSARA Break N2,XSARA Coupe N0,C4 Stufenheck L,ZX N2,ZX Break N2,C15 VD-_,VISA Cabriolet,C15 Kombi; TALBOT: SAMBA Cabriolet 51E,SAMBA 51A,TAGORA; 381709, 381710, 381718, 381750, 9471000965, 9471003465, 95493208, 95590802, 381709, 381710, 381718, 381750, 381709, 381710, 381718, 381750, 7943010217, 9403817389<\/p>\n","protected":false},"excerpt":{"rendered":"<p>OPTIMAL Raidetangon P\u00e4\u00e4 G1-091  PEUGEOT,CITRO\u00cbN,TALBOT,307 SW 3H,307 CC 3B,307 3A\/C,307 Break 3E,306 Schr\u00e4gheck 7A, 7C, N3, N5<\/p>\n","protected":false},"featured_media":0,"template":"","meta":{"site-sidebar-layout":"default","site-content-layout":"default","ast-global-header-display":"","ast-main-header-display":"","ast-hfb-above-header-display":"","ast-hfb-below-header-display":"","ast-hfb-mobile-header-display":"","site-post-title":"","ast-breadcrumbs-content":"","ast-featured-img":"","footer-sml-layout":"","theme-transparent-header-meta":"","adv-header-id-meta":"","stick-header-meta":"","header-above-stick-meta":"","header-main-stick-meta":"","header-below-stick-meta":""},"pwb-brand":[307],"product_cat":[96],"product_tag":[],"class_list":{"0":"post-30261","1":"product","2":"type-product","3":"status-publish","5":"pwb-brand-optimal","6":"product_cat-raidetangon-paa","7":"desktop-align-left","8":"tablet-align-left","9":"mobile-align-left","11":"first","12":"instock","13":"product-type-external"},"brands":[{"id":307,"name":"OPTIMAL","slug":"optimal"}],"_links":{"self":[{"href":"https:\/\/www.autonvaraosahaku.fi\/index.php?rest_route=\/wp\/v2\/product\/30261","targetHints":{"allow":["GET"]}}],"collection":[{"href":"https:\/\/www.autonvaraosahaku.fi\/index.php?rest_route=\/wp\/v2\/product"}],"about":[{"href":"https:\/\/www.autonvaraosahaku.fi\/index.php?rest_route=\/wp\/v2\/types\/product"}],"wp:attachment":[{"href":"https:\/\/www.autonvaraosahaku.fi\/index.php?rest_route=%2Fwp%2Fv2%2Fmedia&parent=30261"}],"wp:term":[{"taxonomy":"pwb-brand","embeddable":true,"href":"https:\/\/www.autonvaraosahaku.fi\/index.php?rest_route=%2Fwp%2Fv2%2Fpwb-brand&post=30261"},{"taxonomy":"product_cat","embeddable":true,"href":"https:\/\/www.autonvaraosahaku.fi\/index.php?rest_route=%2Fwp%2Fv2%2Fproduct_cat&post=30261"},{"taxonomy":"product_tag","embeddable":true,"href":"https:\/\/www.autonvaraosahaku.fi\/index.php?rest_route=%2Fwp%2Fv2%2Fproduct_tag&post=30261"}],"curies":[{"name":"wp","href":"https:\/\/api.w.org\/{rel}","templated":true}]}}