{"id":30262,"date":"2021-02-21T16:05:25","date_gmt":"2021-02-21T16:05:25","guid":{"rendered":"https:\/\/www.autonvaraosahaku.fi\/?product=magneti-marelli-351873080000-iskunvaimennin"},"modified":"2021-02-21T16:05:26","modified_gmt":"2021-02-21T16:05:26","slug":"magneti-marelli-351873080000-iskunvaimennin","status":"publish","type":"product","link":"https:\/\/www.autonvaraosahaku.fi\/?product=magneti-marelli-351873080000-iskunvaimennin","title":{"rendered":"MAGNETI MARELLI 351873080000 Iskunvaimennin"},"content":{"rendered":"<p>Asennuspuoli: Etuakseli; Pituus (mm): 467; Pituus 2 (mm): 316; Iskunvaimennin malli: Joustintuki; Iskunvaimennin asennustapa: Tappi ylh\u00e4\u00e4ll\u00e4; Iskunvaimennusj\u00e4rjestelm\u00e4: Kaksiputki; Iskunvaimennin tyyppi: \u00d6ljypaine; L\u00e4pimitta 1 [mm]: 45; L\u00e4pimitta 2 [mm]: 30; OPEL: CORSA B 73_, 78_, 79_,CORSA A CC 93_, 94_, 98_, 99_,COMBO 71_,CORSA A TR 91_, 92_, 96_, 97_,CORSA B Kasten 73_,CORSA A Kasten; VAUXHALL: CORSA Mk I B,COMBO Mk I B; 22008163, 22051307, 22051308, 22054850, 22061693, 22061738, 22080909, 22080910, 22081647, 22118174, 22118285, 22169726, 22169884, 344131, 344132, 344143, 344144, 344166, 344194, 344195, 344196, 344209, 344210, 344211, 344223, 344224, 344225, 344233, 344234, 344235, 344237, 344255, 344256, 344276, 344277, 344279, 344280, 344290, 344308, 344315, 344316, 344317, 344322, 344562, 72061511, 72080909, 72117770, 72117776, 72118174, 72118285, 72118286, 72118795, 72119025, 72119026, 72119027, 72119035, 90009929, 90009930, 9003300, 9003301, 90166395, 90166421, 90223020, 90297253, 90421630, 90421632, 90421633, 90445211, 90445212, 90445213, 90445376, 90445377, 90445378, 90445379, 90496023, 90496081, 90496082, 905112292, 90512292, 90512294, 90538713, 90539996, SA344317, SA344325, 22008163, 22054850, 90009929, 90009930, 9003300, 9003301, 90166395, 90166421, 90445376, 90445377; Iskarit,Iskunvaimennin<\/p>\n","protected":false},"excerpt":{"rendered":"<p>MAGNETI MARELLI Iskunvaimentimet 351873080000 Iskarit,Iskunvaimennin OPEL,VAUXHALL,CORSA B 73_, 78_, 79_,CORSA A CC 93_, 94_, 98_, 99_,COMBO 71_<\/p>\n","protected":false},"featured_media":0,"template":"","meta":{"site-sidebar-layout":"default","site-content-layout":"default","ast-global-header-display":"","ast-main-header-display":"","ast-hfb-above-header-display":"","ast-hfb-below-header-display":"","ast-hfb-mobile-header-display":"","site-post-title":"","ast-breadcrumbs-content":"","ast-featured-img":"","footer-sml-layout":"","theme-transparent-header-meta":"","adv-header-id-meta":"","stick-header-meta":"","header-above-stick-meta":"","header-main-stick-meta":"","header-below-stick-meta":""},"pwb-brand":[34],"product_cat":[80],"product_tag":[],"class_list":{"0":"post-30262","1":"product","2":"type-product","3":"status-publish","5":"pwb-brand-magneti-marelli","6":"product_cat-iskunvaimennin","7":"desktop-align-left","8":"tablet-align-left","9":"mobile-align-left","11":"first","12":"instock","13":"product-type-external"},"brands":[{"id":34,"name":"MAGNETI MARELLI","slug":"magneti-marelli"}],"_links":{"self":[{"href":"https:\/\/www.autonvaraosahaku.fi\/index.php?rest_route=\/wp\/v2\/product\/30262","targetHints":{"allow":["GET"]}}],"collection":[{"href":"https:\/\/www.autonvaraosahaku.fi\/index.php?rest_route=\/wp\/v2\/product"}],"about":[{"href":"https:\/\/www.autonvaraosahaku.fi\/index.php?rest_route=\/wp\/v2\/types\/product"}],"wp:attachment":[{"href":"https:\/\/www.autonvaraosahaku.fi\/index.php?rest_route=%2Fwp%2Fv2%2Fmedia&parent=30262"}],"wp:term":[{"taxonomy":"pwb-brand","embeddable":true,"href":"https:\/\/www.autonvaraosahaku.fi\/index.php?rest_route=%2Fwp%2Fv2%2Fpwb-brand&post=30262"},{"taxonomy":"product_cat","embeddable":true,"href":"https:\/\/www.autonvaraosahaku.fi\/index.php?rest_route=%2Fwp%2Fv2%2Fproduct_cat&post=30262"},{"taxonomy":"product_tag","embeddable":true,"href":"https:\/\/www.autonvaraosahaku.fi\/index.php?rest_route=%2Fwp%2Fv2%2Fproduct_tag&post=30262"}],"curies":[{"name":"wp","href":"https:\/\/api.w.org\/{rel}","templated":true}]}}