{"id":30304,"date":"2021-02-21T16:05:34","date_gmt":"2021-02-21T16:05:34","guid":{"rendered":"https:\/\/www.autonvaraosahaku.fi\/?product=monroe-l10620-koiranluu"},"modified":"2021-02-21T16:05:35","modified_gmt":"2021-02-21T16:05:35","slug":"monroe-l10620-koiranluu","status":"publish","type":"product","link":"https:\/\/www.autonvaraosahaku.fi\/?product=monroe-l10620-koiranluu","title":{"rendered":"MONROE L10620 Koiranluu"},"content":{"rendered":"<p>Pituus (mm): 298; Paino [kg]: 0,410; Tarvittava kappalem\u00e4\u00e4r\u00e4: 2; Tanko \/ tuki: Yhdystanko; Pakkauspituus [cm]: 43,5; Pakkausleveys [cm]: 7,5; Pakkauskorkeus [mm]: 4; Asennuspuoli: Vorderachse; ABARTH: PUNTO 199_,PUNTO EVO 199_; OPEL: CORSA D,CORSA D Van; ALFA ROMEO: GIULIETTA 940,MITO 955; FIAT: GRANDE PUNTO 199,PUNTO EVO 199,PUNTO 199,500L,PUNTO Van 199,GRANDE PUNTO Van 199_,PUNTO EVO Van 199_; VAUXHALL: CORSA Mk III D L_8,CORSAVAN Mk III D; 50515276, 50531823, 51805870, 55700753, 50515276, 50531823, 51515276, 51805870, 55700753, 50515276, 50531823, 51805870, 55700753, 13321280, 350175, 350616, 55700753, 13321280, 55700753; Kallistuksenvakaajan Yhdystanko,Tanko, Kallistuksenvaimennin<\/p>\n","protected":false},"excerpt":{"rendered":"<p>MONROE Koiranluu L10620 Kallistuksenvakaajan Yhdystanko,Tanko, Kallistuksenvaimennin ABARTH,OPEL,ALFA ROMEO,PUNTO 199_,PUNTO EVO 199_,CORSA D<\/p>\n","protected":false},"featured_media":0,"template":"","meta":{"site-sidebar-layout":"default","site-content-layout":"default","ast-global-header-display":"","ast-main-header-display":"","ast-hfb-above-header-display":"","ast-hfb-below-header-display":"","ast-hfb-mobile-header-display":"","site-post-title":"","ast-breadcrumbs-content":"","ast-featured-img":"","footer-sml-layout":"","theme-transparent-header-meta":"","adv-header-id-meta":"","stick-header-meta":"","header-above-stick-meta":"","header-main-stick-meta":"","header-below-stick-meta":""},"pwb-brand":[79],"product_cat":[38],"product_tag":[],"class_list":{"0":"post-30304","1":"product","2":"type-product","3":"status-publish","5":"pwb-brand-monroe","6":"product_cat-koiranluu","7":"desktop-align-left","8":"tablet-align-left","9":"mobile-align-left","11":"first","12":"instock","13":"product-type-external"},"brands":[{"id":79,"name":"MONROE","slug":"monroe"}],"_links":{"self":[{"href":"https:\/\/www.autonvaraosahaku.fi\/index.php?rest_route=\/wp\/v2\/product\/30304","targetHints":{"allow":["GET"]}}],"collection":[{"href":"https:\/\/www.autonvaraosahaku.fi\/index.php?rest_route=\/wp\/v2\/product"}],"about":[{"href":"https:\/\/www.autonvaraosahaku.fi\/index.php?rest_route=\/wp\/v2\/types\/product"}],"wp:attachment":[{"href":"https:\/\/www.autonvaraosahaku.fi\/index.php?rest_route=%2Fwp%2Fv2%2Fmedia&parent=30304"}],"wp:term":[{"taxonomy":"pwb-brand","embeddable":true,"href":"https:\/\/www.autonvaraosahaku.fi\/index.php?rest_route=%2Fwp%2Fv2%2Fpwb-brand&post=30304"},{"taxonomy":"product_cat","embeddable":true,"href":"https:\/\/www.autonvaraosahaku.fi\/index.php?rest_route=%2Fwp%2Fv2%2Fproduct_cat&post=30304"},{"taxonomy":"product_tag","embeddable":true,"href":"https:\/\/www.autonvaraosahaku.fi\/index.php?rest_route=%2Fwp%2Fv2%2Fproduct_tag&post=30304"}],"curies":[{"name":"wp","href":"https:\/\/api.w.org\/{rel}","templated":true}]}}