{"id":30337,"date":"2021-02-21T16:05:39","date_gmt":"2021-02-21T16:05:39","guid":{"rendered":"https:\/\/www.autonvaraosahaku.fi\/?product=vaico-v20-80042-jarrulevyt"},"modified":"2021-02-21T16:05:42","modified_gmt":"2021-02-21T16:05:42","slug":"vaico-v20-80042-jarrulevyt","status":"publish","type":"product","link":"https:\/\/www.autonvaraosahaku.fi\/?product=vaico-v20-80042-jarrulevyt","title":{"rendered":"VAICO V20-80042 Jarrulevyt"},"content":{"rendered":"<p>Asennuspuoli: Taka-akseli, Taka-akseli; Vanne, aukkoja: 5; Korkeus (mm): 60,3; Jarrulevytyyppi: Tuuletettu; Jarrulevyn paksuus (mm): 19; V\u00e4himm\u00e4ispaksuus (mm): 17,4; Ulkol\u00e4pimitta [mm]: 276; keskitt\u00e4misl\u00e4pimitta [mm]: 75; Reik\u00e4ympyr\u00e4-\u00d8 [mm]: 120; Jarrulevyn navan korkeus [mm]: 41; Pakkausleveys [cm]: 28, 28; Pakkauskorkeus [mm]: 12, 12; Pakkaussyvyys [cm]: 28, 28; Reik\u00e4-\u00d8 1 [mm]: 14,65; Reik\u00e4-\u00d8 2 [mm]: 12,7; Paino [kg]: 6,298; lis\u00e4tieto: CST99; Kantavuus: f\u00fcr erh\u00f6hte Nutzlast; BMW: 3 E46,3 Touring E46,3 Compact E46,3 Coupe E46,3 E36,3 Cabriolet E46,3 Coupe E36,3 Cabriolet E36,3 Touring E36; 1162315, 1165211, 34211162315, 34211165211, 34216855155, 34216864903, 6855155, 6864903; Jarrulevy<\/p>\n","protected":false},"excerpt":{"rendered":"<p>VAICO Jarrulevyt V20-80042 Jarrulevy BMW,3 E46,3 Touring E46,3 Compact E46,3 Coupe E46,3 E36,3 Cabriolet E46,3 Coupe E36,3 Cabriolet E36,3 Touring E36<\/p>\n","protected":false},"featured_media":0,"template":"","meta":{"site-sidebar-layout":"default","site-content-layout":"default","ast-global-header-display":"","ast-main-header-display":"","ast-hfb-above-header-display":"","ast-hfb-below-header-display":"","ast-hfb-mobile-header-display":"","site-post-title":"","ast-breadcrumbs-content":"","ast-featured-img":"","footer-sml-layout":"","theme-transparent-header-meta":"","adv-header-id-meta":"","stick-header-meta":"","header-above-stick-meta":"","header-main-stick-meta":"","header-below-stick-meta":""},"pwb-brand":[330],"product_cat":[66],"product_tag":[],"class_list":{"0":"post-30337","1":"product","2":"type-product","3":"status-publish","5":"pwb-brand-vaico","6":"product_cat-jarrulevyt","7":"desktop-align-left","8":"tablet-align-left","9":"mobile-align-left","11":"first","12":"instock","13":"product-type-external"},"brands":[{"id":330,"name":"VAICO","slug":"vaico"}],"_links":{"self":[{"href":"https:\/\/www.autonvaraosahaku.fi\/index.php?rest_route=\/wp\/v2\/product\/30337","targetHints":{"allow":["GET"]}}],"collection":[{"href":"https:\/\/www.autonvaraosahaku.fi\/index.php?rest_route=\/wp\/v2\/product"}],"about":[{"href":"https:\/\/www.autonvaraosahaku.fi\/index.php?rest_route=\/wp\/v2\/types\/product"}],"wp:attachment":[{"href":"https:\/\/www.autonvaraosahaku.fi\/index.php?rest_route=%2Fwp%2Fv2%2Fmedia&parent=30337"}],"wp:term":[{"taxonomy":"pwb-brand","embeddable":true,"href":"https:\/\/www.autonvaraosahaku.fi\/index.php?rest_route=%2Fwp%2Fv2%2Fpwb-brand&post=30337"},{"taxonomy":"product_cat","embeddable":true,"href":"https:\/\/www.autonvaraosahaku.fi\/index.php?rest_route=%2Fwp%2Fv2%2Fproduct_cat&post=30337"},{"taxonomy":"product_tag","embeddable":true,"href":"https:\/\/www.autonvaraosahaku.fi\/index.php?rest_route=%2Fwp%2Fv2%2Fproduct_tag&post=30337"}],"curies":[{"name":"wp","href":"https:\/\/api.w.org\/{rel}","templated":true}]}}