{"id":30338,"date":"2021-02-21T16:05:39","date_gmt":"2021-02-21T16:05:39","guid":{"rendered":"https:\/\/www.autonvaraosahaku.fi\/?product=vaico-v60-0016-automaattivaihteistooljy"},"modified":"2021-02-21T16:05:42","modified_gmt":"2021-02-21T16:05:42","slug":"vaico-v60-0016-automaattivaihteistooljy","status":"publish","type":"product","link":"https:\/\/www.autonvaraosahaku.fi\/?product=vaico-v60-0016-automaattivaihteistooljy","title":{"rendered":"VAICO V60-0016 Automaattivaihteisto\u00f6ljy"},"content":{"rendered":"<p>Leveys (mm): 115; Korkeus (mm): 225; Erittely: GM Dexron II D, Renk Doromat, ZF TE-ML 03D, ZF TE-ML 11A, CAT TO-2, Voith 55,6335,32, ZF TE-ML 14A, ZF TE-ML 17C, Allison C-4, MAN 339 Typ Z-1\/V-1, Mercedes Benz 236,1, ZF TE-ML 04D; Huomioi ajoneuvovalmistajan vaatimukset: ; Vaihteistomalli: automaattivaihteistolle; Pituus (mm): 60; Tilavuus (litra): 1; Huomioi j\u00e4rjestelm\u00e4-t\u00e4ytt\u00f6m\u00e4\u00e4r\u00e4: ; Paino [kg]: 0,93; Pakkaustyyppi: Kanisteri; Viskositeettiluokka SAE: ATF II; Suositellun erikoisty\u00f6kalun tuotenumero: V99-1017; V\u00e4ri: Punainen; Kemialliset ominaisuudet: Mineraali\u00f6ljypitoinen; lis\u00e4tieto: CST96; V\u00e4rimerkint\u00e4: schwarz; VW: TRANSPORTER IV Bus 70XB, 70XC, 7DB, 7DW,GOLF II 19E, 1G1,PASSAT Variant 3A5, 35I,TRANSPORTER IV Kasten 70XA,TRANSPORTER III Bus,TRANSPORTER IV Pritsche\/Fahrgestell 70XD,VENTO 1H2,JETTA II 19E, 1G2, 165,PASSAT Variant 32B,TRANSPORTER III Kasten,TRANSPORTER III Pritsche\/Fahrgestell,PASSAT 32B,PASSAT Stufenheck 32B; AUDI: 100 44, 44Q, C3; MAZDA: 626 IV Hatchback GE,323 C IV BG,FAMILIA IV BF,121 III JASM, JBSM,626 IV GE,121 II DB,FAMILIA IV BG,626 III Hatchback GD,626 III Coupe GD,626 III Station Wagon GV; BMW: 5 E39,5 Touring E39,3 E36,X5 E53,7 E32; DAEWOO: NEXIA KLETN,NEXIA Stufenheck KLETN; IVECO: EUROCARGO I-III,EUROTECH MH; KIA: SEPHIA Stufenheck FA,SEPHIA FA; HONDA: CIVIC VI Fastback MA, MB,CRX III EH, EG,CRX II ED, EE,CIVIC V Hatchback EG,CIVIC IV Hatchback EC, ED, EE,CIVIC V Coupe EJ,CIVIC V Stufenheck EG, EH,CIVIC IV Stufenheck ED; LAND ROVER: DISCOVERY II LJ, LT,RANGE ROVER I AE, AN, HAA, HAB, HAM, HBM, RE, RN; HYUNDAI: GETZ TB,MATRIX FC,TERRACAN HP,ATOS MX,ACCENT II LC,ACCENT III MC,ACCENT III Stufenheck MC,ACCENT II Stufenheck LC,LANTRA II Wagon J-2,LANTRA II J-2,LANTRA I J-1; 2305396, 2305397, 81229400272, 81229400272S1, 83222305396, 83222305397, 83229407858, 9400272, 9407858, 52107891AA, 339D, 339TypV1, 339V1, 0009896503, 0009896503S1, 0009899203, 0009899203S1, 2361, 2363, A0009896503, A0009896503S1, A0009899203, A0009899203S1, 83229407860, 1940700, 1940700S1, GMDexron, 1940184, 1940700, 1161744, 1161744SK<\/p>\n","protected":false},"excerpt":{"rendered":"<p>VAICO Automaattivaihteisto\u00f6ljy V60-0016  VW,AUDI,MAZDA,TRANSPORTER IV Bus 70XB, 70XC, 7DB, 7DW,GOLF II 19E, 1G1,PASSAT Variant 3A5, 35I<\/p>\n","protected":false},"featured_media":0,"template":"","meta":{"site-sidebar-layout":"default","site-content-layout":"default","ast-global-header-display":"","ast-main-header-display":"","ast-hfb-above-header-display":"","ast-hfb-below-header-display":"","ast-hfb-mobile-header-display":"","site-post-title":"","ast-breadcrumbs-content":"","ast-featured-img":"","footer-sml-layout":"","theme-transparent-header-meta":"","adv-header-id-meta":"","stick-header-meta":"","header-above-stick-meta":"","header-main-stick-meta":"","header-below-stick-meta":""},"pwb-brand":[330],"product_cat":[143],"product_tag":[],"class_list":{"0":"post-30338","1":"product","2":"type-product","3":"status-publish","5":"pwb-brand-vaico","6":"product_cat-automaattivaihteistooljy","7":"desktop-align-left","8":"tablet-align-left","9":"mobile-align-left","11":"first","12":"instock","13":"product-type-external"},"brands":[{"id":330,"name":"VAICO","slug":"vaico"}],"_links":{"self":[{"href":"https:\/\/www.autonvaraosahaku.fi\/index.php?rest_route=\/wp\/v2\/product\/30338","targetHints":{"allow":["GET"]}}],"collection":[{"href":"https:\/\/www.autonvaraosahaku.fi\/index.php?rest_route=\/wp\/v2\/product"}],"about":[{"href":"https:\/\/www.autonvaraosahaku.fi\/index.php?rest_route=\/wp\/v2\/types\/product"}],"wp:attachment":[{"href":"https:\/\/www.autonvaraosahaku.fi\/index.php?rest_route=%2Fwp%2Fv2%2Fmedia&parent=30338"}],"wp:term":[{"taxonomy":"pwb-brand","embeddable":true,"href":"https:\/\/www.autonvaraosahaku.fi\/index.php?rest_route=%2Fwp%2Fv2%2Fpwb-brand&post=30338"},{"taxonomy":"product_cat","embeddable":true,"href":"https:\/\/www.autonvaraosahaku.fi\/index.php?rest_route=%2Fwp%2Fv2%2Fproduct_cat&post=30338"},{"taxonomy":"product_tag","embeddable":true,"href":"https:\/\/www.autonvaraosahaku.fi\/index.php?rest_route=%2Fwp%2Fv2%2Fproduct_tag&post=30338"}],"curies":[{"name":"wp","href":"https:\/\/api.w.org\/{rel}","templated":true}]}}