{"id":30341,"date":"2021-02-21T16:05:43","date_gmt":"2021-02-21T16:05:43","guid":{"rendered":"https:\/\/www.autonvaraosahaku.fi\/?product=vaico-v25-80008-jarrulevyt"},"modified":"2021-02-21T16:05:44","modified_gmt":"2021-02-21T16:05:44","slug":"vaico-v25-80008-jarrulevyt","status":"publish","type":"product","link":"https:\/\/www.autonvaraosahaku.fi\/?product=vaico-v25-80008-jarrulevyt","title":{"rendered":"VAICO V25-80008 Jarrulevyt"},"content":{"rendered":"<p>Asennuspuoli: Etuakseli; Jarrulevyn navan korkeus [mm]: 24,2; Vanne, aukkoja: 5; Korkeus (mm): 52; Jarrulevytyyppi: Tuuletettu; Jarrulevyn paksuus (mm): 28; V\u00e4himm\u00e4ispaksuus (mm): 26; Ulkol\u00e4pimitta [mm]: 300; keskitt\u00e4misl\u00e4pimitta [mm]: 63,5; Reik\u00e4ympyr\u00e4-\u00d8 [mm]: 108; Pakkausleveys [cm]: 32, 32; Pakkauskorkeus [mm]: 11, 11; Pakkaussyvyys [cm]: 32, 32; Paino [kg]: 9,166; lis\u00e4tieto: CST99; Valmistusvuosi alkaen: 11\/2010; LAND ROVER: FREELANDER 2 FA_,RANGE ROVER EVOQUE LV,RANGE ROVER EVOQUE Cabriolet LV_; VOLVO: V70 III BW,V60,XC70 II,S80 II AS,S60 II; FORD: S-MAX WA6,GALAXY WA6,GALAXY; 1379965, 1384689, 1405510, 1420600, 1420601, 1469084, 1469085, 1500158, 1500159, 1514427, 1517696, 1517969, 6G912C375CB, 6G912C375CC, 6G912C375CD, 6G912C375F1B, 6G912C375FA, 6G912C375FB, 7G911125AA, 7G911125BA, 7G911125EA, 6G912C375C1D, LR000571, LR007055, LR000571, 30736311, 30769056, 31202327, 31202331, 31341382; Jarrulevy<\/p>\n","protected":false},"excerpt":{"rendered":"<p>VAICO Jarrulevyt V25-80008 Jarrulevy LAND ROVER,VOLVO,FORD,FREELANDER 2 FA_,RANGE ROVER EVOQUE LV,RANGE ROVER EVOQUE Cabriolet LV_,V70 III BW,V60<\/p>\n","protected":false},"featured_media":0,"template":"","meta":{"site-sidebar-layout":"default","site-content-layout":"default","ast-global-header-display":"","ast-main-header-display":"","ast-hfb-above-header-display":"","ast-hfb-below-header-display":"","ast-hfb-mobile-header-display":"","site-post-title":"","ast-breadcrumbs-content":"","ast-featured-img":"","footer-sml-layout":"","theme-transparent-header-meta":"","adv-header-id-meta":"","stick-header-meta":"","header-above-stick-meta":"","header-main-stick-meta":"","header-below-stick-meta":""},"pwb-brand":[330],"product_cat":[66],"product_tag":[],"class_list":{"0":"post-30341","1":"product","2":"type-product","3":"status-publish","5":"pwb-brand-vaico","6":"product_cat-jarrulevyt","7":"desktop-align-left","8":"tablet-align-left","9":"mobile-align-left","11":"first","12":"instock","13":"product-type-external"},"brands":[{"id":330,"name":"VAICO","slug":"vaico"}],"_links":{"self":[{"href":"https:\/\/www.autonvaraosahaku.fi\/index.php?rest_route=\/wp\/v2\/product\/30341","targetHints":{"allow":["GET"]}}],"collection":[{"href":"https:\/\/www.autonvaraosahaku.fi\/index.php?rest_route=\/wp\/v2\/product"}],"about":[{"href":"https:\/\/www.autonvaraosahaku.fi\/index.php?rest_route=\/wp\/v2\/types\/product"}],"wp:attachment":[{"href":"https:\/\/www.autonvaraosahaku.fi\/index.php?rest_route=%2Fwp%2Fv2%2Fmedia&parent=30341"}],"wp:term":[{"taxonomy":"pwb-brand","embeddable":true,"href":"https:\/\/www.autonvaraosahaku.fi\/index.php?rest_route=%2Fwp%2Fv2%2Fpwb-brand&post=30341"},{"taxonomy":"product_cat","embeddable":true,"href":"https:\/\/www.autonvaraosahaku.fi\/index.php?rest_route=%2Fwp%2Fv2%2Fproduct_cat&post=30341"},{"taxonomy":"product_tag","embeddable":true,"href":"https:\/\/www.autonvaraosahaku.fi\/index.php?rest_route=%2Fwp%2Fv2%2Fproduct_tag&post=30341"}],"curies":[{"name":"wp","href":"https:\/\/api.w.org\/{rel}","templated":true}]}}