{"id":30345,"date":"2021-02-21T16:05:43","date_gmt":"2021-02-21T16:05:43","guid":{"rendered":"https:\/\/www.autonvaraosahaku.fi\/?product=meyle-014-698-0006-s-jarrusatula-korjaussarja"},"modified":"2021-02-21T16:05:45","modified_gmt":"2021-02-21T16:05:45","slug":"meyle-014-698-0006-s-jarrusatula-korjaussarja","status":"publish","type":"product","link":"https:\/\/www.autonvaraosahaku.fi\/?product=meyle-014-698-0006-s-jarrusatula-korjaussarja","title":{"rendered":"MEYLE 014 698 0006\/S Jarrusatula korjaussarja"},"content":{"rendered":"<p>Asennuspuoli: Etuakseli; Jarruj\u00e4rjestelm\u00e4: ATE; Lis\u00e4tarvike\/lis\u00e4tieto: Ohjaustapilla; lis\u00e4tieto: ORIGINAL Quality; Jarru-\/ajodynamiikka: f\u00fcr Fahrzeuge ohne SCS; VW: GOLF IV 1J1,TRANSPORTER IV Bus 70XB, 70XC, 7DB, 7DW,GOLF III 1H1,SHARAN 7M8, 7M9, 7M6,PASSAT Variant 3A5, 35I,TRANSPORTER IV Kasten 70XA,GOLF III Variant 1H5,PASSAT 3A2, 35I,TRANSPORTER IV Pritsche\/Fahrgestell 70XD,VENTO 1H2; AUDI: A4 8D2, B5,A4 Avant 8D5, B5,80 89, 89Q, 8A, B3,100 44, 44Q, C3,A6 Avant 4A, C4,A6 4A, C4,COUPE 89, 8B,90 89, 89Q, 8A, B3,100 Avant 44, 44Q, C3; MERCEDES-BENZ: E-CLASS W211,C-CLASS W202,E-CLASS T-Model S211,SLK R170,E-CLASS W210,E-CLASS W212,M-CLASS W164,E-CLASS T-Model S212,E-CLASS Kombi S210,CLK C208,C-CLASS Kombi S202,S-CLASS W221,CLS C219,SL R230,R-CLASS W251, V251,VITO Bus 638,CLK Cabriolet A208,SPRINTER 3-t Kasten 903,SPRINTER 2-t Bus 901, 902,V-CLASS 638\/2,GL-CLASS X164,SPRINTER 2-t Kasten 901, 902,SPRINTER 3-t Bus 903,SPRINTER 3-t Pritsche\/Fahrgestell 903,VITO Kasten 638,S-CLASS Coupe C216,SPRINTER 4-t Pritsche\/Fahrgestell 904,SPRINTER 2-t Pritsche\/Fahrgestell 901, 902,SPRINTER 4-t Kasten 904,SPRINTER 4-t Bus 904; OPEL: CORSA C F08, F68,ZAFIRA B A05,MERIVA,ZAFIRA A F75_,ASTRA G CC F48_, F08_,OMEGA A 16_, 17_, 19_,ASTRA H L48,ASTRA G Caravan F35_,CORSA B 73_, 78_, 79_,VECTRA C Caravan,ASTRA H GTC L08,SIGNUM,VECTRA B 36_,ASTRA F CC 53_, 54_, 58_, 59_,OMEGA B Caravan 21_, 22_, 23_,OMEGA B 25_, 26_, 27_,VECTRA B Caravan 31_,ASTRA G Cabriolet F67,ASTRA F Caravan 51_, 52_,ASTRA G Coupe F07_,COMBO Kasten\/Kombi,ASTRA G Stufenheck F69_,CALIBRA A 85_,VECTRA B CC 38_,COMBO Tour,VECTRA A 86_, 87_,ASTRA F Cabriolet 53_B,ASTRA F 56_, 57_,TIGRA 95_,CORSA A CC 93_, 94_, 98_, 99_,VECTRA A CC 88_, 89_,COMBO 71_,ASCONA C 81_, 86_, 87_, 88_,SENATOR B 29_,OMEGA A Caravan 66_, 67_,CORSA A TR 91_, 92_, 96_, 97_,CORSA B Kasten 73_,ASCONA C CC 84_, 89_,ASTRA G Kasten F70,ASTRA F Van 55_,CORSA A Kasten; FORD: FIESTA V JH_, JD_,FOCUS II Kombi DA_,MONDEO IV Turnier BA7,FOCUS Kombi DNW,FOCUS II DA_,FOCUS DAW, DBW,GALAXY WGR,FIESTA IV JA_, JB_,GALAXY WA6,KUGA I,FUSION JU_,KA RB_,C-MAX DM2,MONDEO IV BA7,FOCUS Stufenheck DFW,STREET KA RL2,MONDEO II Kombi BNP,FIESTA III GFJ,TRANSIT CONNECT P65_, P70_, P80_,FOCUS II Stufenheck DA_,FOCUS II Cabriolet,COUGAR EC_,MONDEO II BAP,TOURNEO CONNECT,PUMA EC_,MONDEO IV Stufenheck BA7,ESCORT VII GAL, AAL, ABL,ESCORT IV Cabriolet ALF,MONDEO II Stufenheck BFP,MONDEO I Kombi BNP,SIERRA GBG, GB4,MONDEO I GBP,ESCORT VII Cabriolet ALL,ESCORT VI GAL,SCORPIO II GFR, GGR,SIERRA Schr\u00e4gheck GBC, GBG,FIESTA I GFBT,ESCORT IV GAF, AWF, ABFT,FIESTA II FBD,SCORPIO I GAE, GGE,ESCORT V Cabriolet ALL,MONDEO I Stufenheck GBP,SIERRA Schr\u00e4gheck GBC,ESCORT III GAA,FIESTA Kasten J5_, J3_,SCORPIO II Kombi GNR, GGR,SCORPIO I Stufenheck GGE,ESCORT V GAL,FIESTA Kasten JV_,SIERRA Kombi BNG,ESCORT III Cabriolet ALD,ESCORT VI Kombi GAL,FIESTA Kasten F3L, F5L,S; RENAULT: SC\u00c9NIC II JM0\/1_,ESPACE IV JK0\/1_,LAGUNA II Grandtour KG0\/1_,MEGANE II Kombi KM0\/1_,MEGANE II Coup\u00e9-Cabriolet EM0\/1_,LAGUNA II BG0\/1_,MEGANE II BM0\/1_, CM0\/1_,GRAND SC\u00c9NIC II JM0\/1_,MEGANE II Stufenheck LM0\/1_,VEL SATIS BJ0_; FIAT: ULYSSE 220; PEUGEOT: 106 II 1,306 Schr\u00e4gheck 7A, 7C, N3, N5,306 Cabriolet 7D, N3, N5,106 I 1A, 1C,205 II 20A\/C,306 Break 7E, N3, N5,806 221,306 7B, N3, N5,605 6B,205 Kasten; TOYOTA: YARIS SCP9_, NSP9_, KSP9_, NCP9_, ZSP9_,AVENSIS _T22_,AVENSIS Station Wagon _T22_,AVENSIS Liftback _T22_; CITRO\u00cbN: C5 III Break TD_,SAXO S0, S1,C5 III RD_,XSARA N1,XSARA Break N2,XSARA Coupe N0,EVASION 22, U6; 4D0698647, 443914, 11010154072, 9404439148, 6186923, 6669777, 7201659, 88AB2L526AA, 93BB2L526AA, 95VW2L526AA, 45007SAEE01, JLM12124, JLM2194, 0K20A3325Z, 1E0033686, 0004200076, 411399F525, 411429F525, 1605658, 1605747, 1605905, 443914, 92835194900, 4467064, 8955445, 8969107, 0495105010, 1605658, 1605747, 1605905, 271584, 4D0698647; Ohjainhylsysarja, Jarrusatula<\/p>\n","protected":false},"excerpt":{"rendered":"<p>MEYLE Ohjaustappi 014 698 0006\/S Ohjainhylsysarja, Jarrusatula VW,AUDI,MERCEDES-BENZ,GOLF IV 1J1,TRANSPORTER IV Bus 70XB, 70XC, 7DB, 7DW,GOLF III 1H1<\/p>\n","protected":false},"featured_media":0,"template":"","meta":{"site-sidebar-layout":"default","site-content-layout":"default","ast-global-header-display":"","ast-main-header-display":"","ast-hfb-above-header-display":"","ast-hfb-below-header-display":"","ast-hfb-mobile-header-display":"","site-post-title":"","ast-breadcrumbs-content":"","ast-featured-img":"","footer-sml-layout":"","theme-transparent-header-meta":"","adv-header-id-meta":"","stick-header-meta":"","header-above-stick-meta":"","header-main-stick-meta":"","header-below-stick-meta":""},"pwb-brand":[84],"product_cat":[57],"product_tag":[],"class_list":{"0":"post-30345","1":"product","2":"type-product","3":"status-publish","5":"pwb-brand-meyle","6":"product_cat-jarrusatula-korjaussarja","7":"desktop-align-left","8":"tablet-align-left","9":"mobile-align-left","11":"first","12":"instock","13":"product-type-external"},"brands":[{"id":84,"name":"MEYLE","slug":"meyle"}],"_links":{"self":[{"href":"https:\/\/www.autonvaraosahaku.fi\/index.php?rest_route=\/wp\/v2\/product\/30345","targetHints":{"allow":["GET"]}}],"collection":[{"href":"https:\/\/www.autonvaraosahaku.fi\/index.php?rest_route=\/wp\/v2\/product"}],"about":[{"href":"https:\/\/www.autonvaraosahaku.fi\/index.php?rest_route=\/wp\/v2\/types\/product"}],"wp:attachment":[{"href":"https:\/\/www.autonvaraosahaku.fi\/index.php?rest_route=%2Fwp%2Fv2%2Fmedia&parent=30345"}],"wp:term":[{"taxonomy":"pwb-brand","embeddable":true,"href":"https:\/\/www.autonvaraosahaku.fi\/index.php?rest_route=%2Fwp%2Fv2%2Fpwb-brand&post=30345"},{"taxonomy":"product_cat","embeddable":true,"href":"https:\/\/www.autonvaraosahaku.fi\/index.php?rest_route=%2Fwp%2Fv2%2Fproduct_cat&post=30345"},{"taxonomy":"product_tag","embeddable":true,"href":"https:\/\/www.autonvaraosahaku.fi\/index.php?rest_route=%2Fwp%2Fv2%2Fproduct_tag&post=30345"}],"curies":[{"name":"wp","href":"https:\/\/api.w.org\/{rel}","templated":true}]}}