{"id":30346,"date":"2021-02-21T16:05:43","date_gmt":"2021-02-21T16:05:43","guid":{"rendered":"https:\/\/www.autonvaraosahaku.fi\/?product=japanparts-fo-498s-oljynsuodatin"},"modified":"2021-02-21T16:05:45","modified_gmt":"2021-02-21T16:05:45","slug":"japanparts-fo-498s-oljynsuodatin","status":"publish","type":"product","link":"https:\/\/www.autonvaraosahaku.fi\/?product=japanparts-fo-498s-oljynsuodatin","title":{"rendered":"JAPANPARTS FO-498S \u00d6ljynsuodatin"},"content":{"rendered":"<p>Suodatintyyppi: Ruuvattava suodatin; Pituus (mm): 92; Ulkol\u00e4pimitta [mm]: 76; Asennusl\u00e4pimitta [mm]: 62; Sis\u00e4kierre (mm): M20 x 1,5; MAZDA: 5 CR19,3 BK,6 Station Wagon GY,6 Kombi GH,323 F VI BJ,PREMACY CP,CX-7 ER,6 Hatchback GG,6 GG,3 BL,6 Schr\u00e4gheck GH,626 V Hatchback GF,3 Stufenheck BK,6 GH,MPV II LW,626 V GF,626 V Station Wagon GW,323 P V BA,3 Stufenheck BL,FAMILIA VI BJ,323 C IV BG,FAMILIA V BG8,323 III Hatchback BF,FAMILIA IV BG,E-SERIE Kasten SR2,323 III BF,323 III Station Wagon BW,323 II Hatchback BD,323 I FA,323 II BD,323 I Station Wagon FA; KIA: SORENTO I JC,SPORTAGE SL,CEE&#8217;D SW ED,CEE&#8217;D Schr\u00e4gheck ED,SPORTAGE JE_, KM_,VENGA YN,SORENTO II XM,CARENS II FJ,RIO III UB,RIO II JB,CEE&#8217;D JD,CARENS III UN,CARNIVAL II GQ,CARNIVAL \/ GRAND CARNIVAL III VQ,CEE`D Sportswagon JD,PRO CEE&#8217;D ED,SOUL AM,CERATO LD,MAGENTIS GD,MAGENTIS MG,PRO CEE\u00b4D JD,OPIRUS GH,CERATO Stufenheck LD,RIO II Stufenheck JB,JOICE,RIO III Stufenheck UB,CARNIVAL I UP,SPORTAGE QL,CERATO II Stufenheck TD; HONDA: JAZZ II GD,CIVIC VII Hatchback EU, EP, EV,CIVIC VI Hatchback EJ, EK,ACCORD VI CG, CK,CIVIC VI Fastback MA, MB,CRX III EH, EG,LOGO GA3,CIVIC VI Aerodeck MB, MC,CR-V I RD,HR-V GH,CRX II ED, EE,CIVIC V Hatchback EG,PRELUDE V BB,ACCORD VI Hatchback CH,ACCORD VI Coupe CG,S2000 AP,CIVIC IV Hatchback EC, ED, EE,ACCORD V CE, CF,CIVIC VI Stufenheck EJ, EK,PRELUDE IV BB,CIVIC VI Coupe EJ, EM1,SHUTTLE RA,INTEGRA Coupe DC2, DC4,CIVIC V Coupe EJ,CIVIC VII Stufenheck ES,ACCORD IV CB,CIVIC V Stufenheck EG, EH,ACCORD V Aerodeck CE,ACCORD V CC, CD,LEGEND III KA9,ACCORD V Coupe CD,CONCERTO HW,ACCORD IV Aerodeck CB,CONCERTO Stufenheck HWW,ACCORD IV Coupe CB, CC; SUBARU: LEGACY IV Station Wagon BL, BP, B13_,FORESTER SJ,XV,LEGACY IV BL, BP,LIBERO Bus E10, E12,OUTBACK BM, BR,BRZ,TRIBECA B9,JUSTY I KAD,SVX CX,REX II; OPEL: CAMPO TF_,MONTEREY A UBS_,MONTEREY B; TOYOTA: GT 86 Coupe ZN6_; ROVER: 600 RH,CABRIOLET XW,200 Hatchback XW,200 Coupe XW,400 Tourer XW,400 XW; HYUNDAI: i30 FD,GETZ TB,i20 PB, PBT,TUCSON JM,i30 CW FD,SANTA F\u00c9 I SM,SANTA F\u00c9 II CM,ix20 JC,MATRIX FC,TERRACAN HP,COUPE GK,TRAJET FO,SONATA V NF,GALLOPER II JK-01,SONATA IV EF,GENESIS Coupe,ACCENT II LC,COUPE RD,VELOSTER FS,H-1 Kasten,ACCENT III MC,H-1 \/ STAREX,ELANTRA XD,ACCENT III Stufenheck MC,ELANTRA Stufenheck XD,ACCENT I X-3,ACCENT II Stufenheck LC,XG XG,LANTRA II Wagon J-2,LANTRA II J-2,SANTAMO,ACCENT Stufenheck X-3,SONATA III Y-3,PONY X-2,LANTRA I J-1,S COUPE SLC,ELANTRA Stufenheck MD, UD,H100 Bus P,PONY \/ EXCEL Stufenheck X-2,SONATA II Y-2,ACCENT IV Stufenheck RB; MITSUBISHI: PAJERO III V7_W, V6_W,PAJERO IV V8_W, V9_W,PAJERO II V3_W, V2_W, V4_W,PAJERO SPORT K90,GALLOPER JK-01,3000 GT Z16A,SIGMA F2_A, F1_A,GALANT V Stufenheck E5_A, E7_A, E8_A,SIGMA Station Wagon F0_W,GALANT V E5_A, E7_A, E8_A,PAJERO II Canvas Top V2_W, V4_W; LOTUS: ELAN; 15400PH1F01, 15400PH1F02, 15400PH1F03<\/p>\n","protected":false},"excerpt":{"rendered":"<p>JAPANPARTS \u00d6ljynsuodatin FO-498S  MAZDA,KIA,HONDA,5 CR19,3 BK,6 Station Wagon GY,6 Kombi GH,323 F VI BJ,PREMACY CP,CX-7 ER,6 Hatchback GG,6 GG,3 BL<\/p>\n","protected":false},"featured_media":0,"template":"","meta":{"site-sidebar-layout":"default","site-content-layout":"default","ast-global-header-display":"","ast-main-header-display":"","ast-hfb-above-header-display":"","ast-hfb-below-header-display":"","ast-hfb-mobile-header-display":"","site-post-title":"","ast-breadcrumbs-content":"","ast-featured-img":"","footer-sml-layout":"","theme-transparent-header-meta":"","adv-header-id-meta":"","stick-header-meta":"","header-above-stick-meta":"","header-main-stick-meta":"","header-below-stick-meta":""},"pwb-brand":[334],"product_cat":[30],"product_tag":[],"class_list":{"0":"post-30346","1":"product","2":"type-product","3":"status-publish","5":"pwb-brand-japanparts","6":"product_cat-oljynsuodatin","7":"desktop-align-left","8":"tablet-align-left","9":"mobile-align-left","11":"first","12":"instock","13":"product-type-external"},"brands":[{"id":334,"name":"JAPANPARTS","slug":"japanparts"}],"_links":{"self":[{"href":"https:\/\/www.autonvaraosahaku.fi\/index.php?rest_route=\/wp\/v2\/product\/30346","targetHints":{"allow":["GET"]}}],"collection":[{"href":"https:\/\/www.autonvaraosahaku.fi\/index.php?rest_route=\/wp\/v2\/product"}],"about":[{"href":"https:\/\/www.autonvaraosahaku.fi\/index.php?rest_route=\/wp\/v2\/types\/product"}],"wp:attachment":[{"href":"https:\/\/www.autonvaraosahaku.fi\/index.php?rest_route=%2Fwp%2Fv2%2Fmedia&parent=30346"}],"wp:term":[{"taxonomy":"pwb-brand","embeddable":true,"href":"https:\/\/www.autonvaraosahaku.fi\/index.php?rest_route=%2Fwp%2Fv2%2Fpwb-brand&post=30346"},{"taxonomy":"product_cat","embeddable":true,"href":"https:\/\/www.autonvaraosahaku.fi\/index.php?rest_route=%2Fwp%2Fv2%2Fproduct_cat&post=30346"},{"taxonomy":"product_tag","embeddable":true,"href":"https:\/\/www.autonvaraosahaku.fi\/index.php?rest_route=%2Fwp%2Fv2%2Fproduct_tag&post=30346"}],"curies":[{"name":"wp","href":"https:\/\/api.w.org\/{rel}","templated":true}]}}