{"id":30390,"date":"2021-02-21T16:05:53","date_gmt":"2021-02-21T16:05:53","guid":{"rendered":"https:\/\/www.autonvaraosahaku.fi\/?product=vaico-v42-0450-ilmansuodatin"},"modified":"2021-02-21T16:05:55","modified_gmt":"2021-02-21T16:05:55","slug":"vaico-v42-0450-ilmansuodatin","status":"publish","type":"product","link":"https:\/\/www.autonvaraosahaku.fi\/?product=vaico-v42-0450-ilmansuodatin","title":{"rendered":"VAICO V42-0450 Ilmansuodatin"},"content":{"rendered":"<p>Sis\u00e4l\u00e4pimitta [mm]: 120; Ulkol\u00e4pimitta [mm]: 168; Sis\u00e4l\u00e4pimitta 1 [mm]: 120; Korkeus (mm): 124; Paino [kg]: 0,142; Pakkausleveys [cm]: 16,8; Pakkauskorkeus [mm]: 12,4; Pakkaussyvyys [cm]: 16,8; lis\u00e4tieto: CST99; Valmistusvuosi alkaen: 03\/1987; LADA: NIVA 2121; CITRO\u00cbN: BERLINGO MF,BERLINGO Kasten M_,XSARA N1,XSARA Break N2,XSARA Coupe N0,ZX N2,BX XB-_,ZX Break N2,BX Break XB-_,C15 VD-_,C15 Kombi,XSARA Kasten,XSARA Kasten\/Schr\u00e4gheck; PEUGEOT: 306 Schr\u00e4gheck 7A, 7C, N3, N5,PARTNER Combispace 5F,205 II 20A\/C,PARTNER Kasten 5,306 Break 7E, N3, N5,306 7B, N3, N5,309 II 3C, 3A,205 I 741A\/C,309 I 10C, 10A,306 Van N_, 7_,505 551A,305 II 581M,305 II Break 581E,305 I 581A,205 Kasten,305 I Break 581D,306 Kasten\/Schr\u00e4gheck; TALBOT: HORIZON; 1444F5, 9401444848, 95605128, E147008, 144484, 1444F5, 1444VF, 9401444848, E147008<\/p>\n","protected":false},"excerpt":{"rendered":"<p>VAICO Ilmansuodatin V42-0450  LADA,CITRO\u00cbN,PEUGEOT,NIVA 2121,BERLINGO MF,BERLINGO Kasten M_,XSARA N1,XSARA Break N2,XSARA Coupe N0,ZX N2,BX XB-_<\/p>\n","protected":false},"featured_media":0,"template":"","meta":{"site-sidebar-layout":"default","site-content-layout":"default","ast-global-header-display":"","ast-main-header-display":"","ast-hfb-above-header-display":"","ast-hfb-below-header-display":"","ast-hfb-mobile-header-display":"","site-post-title":"","ast-breadcrumbs-content":"","ast-featured-img":"","footer-sml-layout":"","theme-transparent-header-meta":"","adv-header-id-meta":"","stick-header-meta":"","header-above-stick-meta":"","header-main-stick-meta":"","header-below-stick-meta":""},"pwb-brand":[330],"product_cat":[31],"product_tag":[],"class_list":{"0":"post-30390","1":"product","2":"type-product","3":"status-publish","5":"pwb-brand-vaico","6":"product_cat-ilmansuodatin","7":"desktop-align-left","8":"tablet-align-left","9":"mobile-align-left","11":"first","12":"instock","13":"product-type-external"},"brands":[{"id":330,"name":"VAICO","slug":"vaico"}],"_links":{"self":[{"href":"https:\/\/www.autonvaraosahaku.fi\/index.php?rest_route=\/wp\/v2\/product\/30390","targetHints":{"allow":["GET"]}}],"collection":[{"href":"https:\/\/www.autonvaraosahaku.fi\/index.php?rest_route=\/wp\/v2\/product"}],"about":[{"href":"https:\/\/www.autonvaraosahaku.fi\/index.php?rest_route=\/wp\/v2\/types\/product"}],"wp:attachment":[{"href":"https:\/\/www.autonvaraosahaku.fi\/index.php?rest_route=%2Fwp%2Fv2%2Fmedia&parent=30390"}],"wp:term":[{"taxonomy":"pwb-brand","embeddable":true,"href":"https:\/\/www.autonvaraosahaku.fi\/index.php?rest_route=%2Fwp%2Fv2%2Fpwb-brand&post=30390"},{"taxonomy":"product_cat","embeddable":true,"href":"https:\/\/www.autonvaraosahaku.fi\/index.php?rest_route=%2Fwp%2Fv2%2Fproduct_cat&post=30390"},{"taxonomy":"product_tag","embeddable":true,"href":"https:\/\/www.autonvaraosahaku.fi\/index.php?rest_route=%2Fwp%2Fv2%2Fproduct_tag&post=30390"}],"curies":[{"name":"wp","href":"https:\/\/api.w.org\/{rel}","templated":true}]}}