{"id":30400,"date":"2021-02-21T16:05:57","date_gmt":"2021-02-21T16:05:57","guid":{"rendered":"https:\/\/www.autonvaraosahaku.fi\/?product=vaico-v20-1871-huohotin"},"modified":"2021-02-21T16:05:58","modified_gmt":"2021-02-21T16:05:58","slug":"vaico-v20-1871-huohotin","status":"publish","type":"product","link":"https:\/\/www.autonvaraosahaku.fi\/?product=vaico-v20-1871-huohotin","title":{"rendered":"VAICO V20-1871 Huohotin"},"content":{"rendered":"<p>T\u00e4yssarja: ; K\u00e4ytt\u00f6: paineohjattu; Venttiilimalli: Ilmanpoistoventtiili, Kalvonventtiili; Lis\u00e4tarvike\/lis\u00e4tieto: Letkulla; M\u00e4\u00e4r\u00e4yksikk\u00f6: Sarja; Lis\u00e4ksi tarvittavat tuotteet ks. tarvikeluettelo: ; Kotelomateriaali: Polyamidi 6.6; Ilmastovy\u00f6hykkeet: Ei kylmille ilmastovy\u00f6hykkeille, f\u00fcr kalte Klimazonen; Suositeltu vaihtov\u00e4li [km]: 60000; Huomioi huolto-ohjeet: ; Asennuspuoli: Sylinterikansi; Huomioi tekniset tiedot: ; Suositeltu vaihtov\u00e4li [vuotta]: 3; Huomioi ajoneuvovalmistajan vaatimukset: ; Paino [kg]: 0,58; Pakkausleveys [cm]: 16,2; Pakkauskorkeus [mm]: 10,8; Pakkaussyvyys [cm]: 31; BMW: 3 E46,5 E39,5 E60,5 Touring E61,3 Touring E46,X3 E83,5 Touring E39,3 Compact E46,3 Coupe E46,3 Cabriolet E46,Z3 E36,Z4 E85,7 E65, E66, E67,Z3 Coupe E36; 11617501566kit<\/p>\n","protected":false},"excerpt":{"rendered":"<p>VAICO Korjaussarja, Kampikammiotuuletus V20-1871  BMW,3 E46,5 E39,5 E60,5 Touring E61,3 Touring E46,X3 E83,5 Touring E39,3 Compact E46,3 Coupe E46<\/p>\n","protected":false},"featured_media":0,"template":"","meta":{"site-sidebar-layout":"default","site-content-layout":"default","ast-global-header-display":"","ast-main-header-display":"","ast-hfb-above-header-display":"","ast-hfb-below-header-display":"","ast-hfb-mobile-header-display":"","site-post-title":"","ast-breadcrumbs-content":"","ast-featured-img":"","footer-sml-layout":"","theme-transparent-header-meta":"","adv-header-id-meta":"","stick-header-meta":"","header-above-stick-meta":"","header-main-stick-meta":"","header-below-stick-meta":""},"pwb-brand":[330],"product_cat":[125],"product_tag":[],"class_list":{"0":"post-30400","1":"product","2":"type-product","3":"status-publish","5":"pwb-brand-vaico","6":"product_cat-huohotin","7":"desktop-align-left","8":"tablet-align-left","9":"mobile-align-left","11":"first","12":"instock","13":"product-type-external"},"brands":[{"id":330,"name":"VAICO","slug":"vaico"}],"_links":{"self":[{"href":"https:\/\/www.autonvaraosahaku.fi\/index.php?rest_route=\/wp\/v2\/product\/30400","targetHints":{"allow":["GET"]}}],"collection":[{"href":"https:\/\/www.autonvaraosahaku.fi\/index.php?rest_route=\/wp\/v2\/product"}],"about":[{"href":"https:\/\/www.autonvaraosahaku.fi\/index.php?rest_route=\/wp\/v2\/types\/product"}],"wp:attachment":[{"href":"https:\/\/www.autonvaraosahaku.fi\/index.php?rest_route=%2Fwp%2Fv2%2Fmedia&parent=30400"}],"wp:term":[{"taxonomy":"pwb-brand","embeddable":true,"href":"https:\/\/www.autonvaraosahaku.fi\/index.php?rest_route=%2Fwp%2Fv2%2Fpwb-brand&post=30400"},{"taxonomy":"product_cat","embeddable":true,"href":"https:\/\/www.autonvaraosahaku.fi\/index.php?rest_route=%2Fwp%2Fv2%2Fproduct_cat&post=30400"},{"taxonomy":"product_tag","embeddable":true,"href":"https:\/\/www.autonvaraosahaku.fi\/index.php?rest_route=%2Fwp%2Fv2%2Fproduct_tag&post=30400"}],"curies":[{"name":"wp","href":"https:\/\/api.w.org\/{rel}","templated":true}]}}