{"id":30412,"date":"2021-02-21T16:05:57","date_gmt":"2021-02-21T16:05:57","guid":{"rendered":"https:\/\/www.autonvaraosahaku.fi\/?product=topran-205-457-muut-luokat"},"modified":"2021-02-21T16:05:59","modified_gmt":"2021-02-21T16:05:59","slug":"topran-205-457-muut-luokat","status":"publish","type":"product","link":"https:\/\/www.autonvaraosahaku.fi\/?product=topran-205-457-muut-luokat","title":{"rendered":"TOPRAN 205 457 Muut luokat"},"content":{"rendered":"<p>Asennuspuoli: Taka-akseli, molemminpuolinen; Asennusl\u00e4pimitta [mm]: 40; Korkeus (mm): 30; Materiaali: Ter\u00e4s; Moottorinumero: LY1\/1.3NB; OPEL: CORSA B 73_, 78_, 79_,VECTRA A 86_, 87_,KADETT E CC 33_, 34_, 43_, 44_,TIGRA 95_,CORSA A CC 93_, 94_, 98_, 99_,VECTRA A CC 88_, 89_,KADETT E Cabriolet 43B_,ASCONA C 81_, 86_, 87_, 88_,CORSA A TR 91_, 92_, 96_, 97_,KADETT E 39_, 49_,CORSA B Kasten 73_,ASCONA C CC 84_, 89_,KADETT E Caravan 35_, 36_, 45_, 46_,CORSA B Kombi F35,CORSA A Kasten,KADETT E Kasten 37_, 47_; VAUXHALL: CORSA Mk I B,ASTRA Mk II CC,CAVALIER Mk III 87,CAVALIER Mk III CC,TIGRA Mk I F07,CAVALIER Mk II CC,NOVA,NOVA CC; 0330388, 330388, 06696899<\/p>\n","protected":false},"excerpt":{"rendered":"<p>TOPRAN Suojap\u00e4\u00e4llys, Py\u00f6r\u00e4nnapa 205 457  OPEL,VAUXHALL,CORSA B 73_, 78_, 79_,VECTRA A 86_, 87_,KADETT E CC 33_, 34_, 43_, 44_,TIGRA 95_<\/p>\n","protected":false},"featured_media":0,"template":"","meta":{"site-sidebar-layout":"default","site-content-layout":"default","ast-global-header-display":"","ast-main-header-display":"","ast-hfb-above-header-display":"","ast-hfb-below-header-display":"","ast-hfb-mobile-header-display":"","site-post-title":"","ast-breadcrumbs-content":"","ast-featured-img":"","footer-sml-layout":"","theme-transparent-header-meta":"","adv-header-id-meta":"","stick-header-meta":"","header-above-stick-meta":"","header-main-stick-meta":"","header-below-stick-meta":""},"pwb-brand":[18],"product_cat":[37],"product_tag":[],"class_list":{"0":"post-30412","1":"product","2":"type-product","3":"status-publish","5":"pwb-brand-topran","6":"product_cat-muut-luokat","7":"desktop-align-left","8":"tablet-align-left","9":"mobile-align-left","11":"first","12":"instock","13":"product-type-external"},"brands":[{"id":18,"name":"TOPRAN","slug":"topran"}],"_links":{"self":[{"href":"https:\/\/www.autonvaraosahaku.fi\/index.php?rest_route=\/wp\/v2\/product\/30412","targetHints":{"allow":["GET"]}}],"collection":[{"href":"https:\/\/www.autonvaraosahaku.fi\/index.php?rest_route=\/wp\/v2\/product"}],"about":[{"href":"https:\/\/www.autonvaraosahaku.fi\/index.php?rest_route=\/wp\/v2\/types\/product"}],"wp:attachment":[{"href":"https:\/\/www.autonvaraosahaku.fi\/index.php?rest_route=%2Fwp%2Fv2%2Fmedia&parent=30412"}],"wp:term":[{"taxonomy":"pwb-brand","embeddable":true,"href":"https:\/\/www.autonvaraosahaku.fi\/index.php?rest_route=%2Fwp%2Fv2%2Fpwb-brand&post=30412"},{"taxonomy":"product_cat","embeddable":true,"href":"https:\/\/www.autonvaraosahaku.fi\/index.php?rest_route=%2Fwp%2Fv2%2Fproduct_cat&post=30412"},{"taxonomy":"product_tag","embeddable":true,"href":"https:\/\/www.autonvaraosahaku.fi\/index.php?rest_route=%2Fwp%2Fv2%2Fproduct_tag&post=30412"}],"curies":[{"name":"wp","href":"https:\/\/api.w.org\/{rel}","templated":true}]}}