{"id":30422,"date":"2021-02-21T16:06:02","date_gmt":"2021-02-21T16:06:02","guid":{"rendered":"https:\/\/www.autonvaraosahaku.fi\/?product=ridex-70b0006-jarrukengat"},"modified":"2021-02-21T16:06:02","modified_gmt":"2021-02-21T16:06:02","slug":"ridex-70b0006-jarrukengat","status":"publish","type":"product","link":"https:\/\/www.autonvaraosahaku.fi\/?product=ridex-70b0006-jarrukengat","title":{"rendered":"RIDEX 70B0006 Jarrukeng\u00e4t"},"content":{"rendered":"<p>L\u00e4pimitta [mm]: 180; Leveys (mm): 32; Jarruj\u00e4rjestelm\u00e4: TRW; Korvaava tuote\/korvaava tiedote 2: Seisontajarrukahvalla; Asennuspuoli: Taka-akseli, Hinterachse; MAZDA: 121 III JASM, JBSM; FORD: FIESTA IV JA_, JB_,KA RB_,PUMA EC_,FIESTA Kasten J5_, J3_,FIESTA Kasten JV_,KA Van RB; 1005960, 1005970, 1059500, 1101838, 1104127, 1104128, 1104130, 1316961, 1473068, 95AB2200AA, 96FB2200AA, 96FB2200AC, 96FX2200AA, 96FX2200AB, YS512200AC, 1E002628Z, 1E002638Z, 1E012638Z, 1E012638ZA; Jarrukenk\u00e4sarja<\/p>\n","protected":false},"excerpt":{"rendered":"<p>RIDEX Jarrukeng\u00e4t 70B0006 Jarrukenk\u00e4sarja MAZDA,FORD,121 III JASM, JBSM,FIESTA IV JA_, JB_,KA RB_,PUMA EC_,FIESTA Kasten J5_, J3_,FIESTA Kasten JV_<\/p>\n","protected":false},"featured_media":0,"template":"","meta":{"site-sidebar-layout":"default","site-content-layout":"default","ast-global-header-display":"","ast-main-header-display":"","ast-hfb-above-header-display":"","ast-hfb-below-header-display":"","ast-hfb-mobile-header-display":"","site-post-title":"","ast-breadcrumbs-content":"","ast-featured-img":"","footer-sml-layout":"","theme-transparent-header-meta":"","adv-header-id-meta":"","stick-header-meta":"","header-above-stick-meta":"","header-main-stick-meta":"","header-below-stick-meta":""},"pwb-brand":[157],"product_cat":[176],"product_tag":[],"class_list":{"0":"post-30422","1":"product","2":"type-product","3":"status-publish","5":"pwb-brand-ridex","6":"product_cat-jarrukengat","7":"desktop-align-left","8":"tablet-align-left","9":"mobile-align-left","11":"first","12":"instock","13":"product-type-external"},"brands":[{"id":157,"name":"RIDEX","slug":"ridex"}],"_links":{"self":[{"href":"https:\/\/www.autonvaraosahaku.fi\/index.php?rest_route=\/wp\/v2\/product\/30422","targetHints":{"allow":["GET"]}}],"collection":[{"href":"https:\/\/www.autonvaraosahaku.fi\/index.php?rest_route=\/wp\/v2\/product"}],"about":[{"href":"https:\/\/www.autonvaraosahaku.fi\/index.php?rest_route=\/wp\/v2\/types\/product"}],"wp:attachment":[{"href":"https:\/\/www.autonvaraosahaku.fi\/index.php?rest_route=%2Fwp%2Fv2%2Fmedia&parent=30422"}],"wp:term":[{"taxonomy":"pwb-brand","embeddable":true,"href":"https:\/\/www.autonvaraosahaku.fi\/index.php?rest_route=%2Fwp%2Fv2%2Fpwb-brand&post=30422"},{"taxonomy":"product_cat","embeddable":true,"href":"https:\/\/www.autonvaraosahaku.fi\/index.php?rest_route=%2Fwp%2Fv2%2Fproduct_cat&post=30422"},{"taxonomy":"product_tag","embeddable":true,"href":"https:\/\/www.autonvaraosahaku.fi\/index.php?rest_route=%2Fwp%2Fv2%2Fproduct_tag&post=30422"}],"curies":[{"name":"wp","href":"https:\/\/api.w.org\/{rel}","templated":true}]}}