{"id":30484,"date":"2021-02-21T16:06:16","date_gmt":"2021-02-21T16:06:16","guid":{"rendered":"https:\/\/www.autonvaraosahaku.fi\/?product=eberspacher-8-93-7-41-pakoputken-asennussarja"},"modified":"2021-02-21T16:06:17","modified_gmt":"2021-02-21T16:06:17","slug":"eberspacher-8-93-7-41-pakoputken-asennussarja","status":"publish","type":"product","link":"https:\/\/www.autonvaraosahaku.fi\/?product=eberspacher-8-93-7-41-pakoputken-asennussarja","title":{"rendered":"EBERSP\u00c4CHER 8.93.7.41 Pakoputken asennussarja"},"content":{"rendered":"<p>Tarvittava kappalem\u00e4\u00e4r\u00e4: 2; RENAULT: TWINGO I C06_,KANGOO KC0\/1_,KANGOO Express FC0\/1_,LAGUNA I B56_, 556_,CLIO I B\/C57_, 5\/357_,LAGUNA I Grandtour K56_,RAPID Kasten F40_, G40_,21 Stufenheck L48_,21 Kombi K48_,21 B48_; FIAT: SCUDO Kasten 220L,SCUDO Combinato 220P; PEUGEOT: EXPERT Kasten 222,EXPERT 224,EXPERT Pritsche\/Fahrgestell 223; CITRO\u00cbN: JUMPY U6U,JUMPY Kasten BS_, BT_, BY_, BZ_<\/p>\n","protected":false},"excerpt":{"rendered":"<p>EBERSP\u00c4CHER Kiinnitin, \u00c4\u00e4nenvaimentaja 8.93.7.41  RENAULT,FIAT,PEUGEOT,TWINGO I C06_,KANGOO KC0\/1_,KANGOO Express FC0\/1_,LAGUNA I B56_, 556_<\/p>\n","protected":false},"featured_media":0,"template":"","meta":{"site-sidebar-layout":"default","site-content-layout":"default","ast-global-header-display":"","ast-main-header-display":"","ast-hfb-above-header-display":"","ast-hfb-below-header-display":"","ast-hfb-mobile-header-display":"","site-post-title":"","ast-breadcrumbs-content":"","ast-featured-img":"","footer-sml-layout":"","theme-transparent-header-meta":"","adv-header-id-meta":"","stick-header-meta":"","header-above-stick-meta":"","header-main-stick-meta":"","header-below-stick-meta":""},"pwb-brand":[487],"product_cat":[101],"product_tag":[],"class_list":{"0":"post-30484","1":"product","2":"type-product","3":"status-publish","5":"pwb-brand-eberspacher","6":"product_cat-pakoputken-asennussarja","7":"desktop-align-left","8":"tablet-align-left","9":"mobile-align-left","11":"first","12":"instock","13":"product-type-external"},"brands":[{"id":487,"name":"EBERSP\u00c4CHER","slug":"eberspacher"}],"_links":{"self":[{"href":"https:\/\/www.autonvaraosahaku.fi\/index.php?rest_route=\/wp\/v2\/product\/30484","targetHints":{"allow":["GET"]}}],"collection":[{"href":"https:\/\/www.autonvaraosahaku.fi\/index.php?rest_route=\/wp\/v2\/product"}],"about":[{"href":"https:\/\/www.autonvaraosahaku.fi\/index.php?rest_route=\/wp\/v2\/types\/product"}],"wp:attachment":[{"href":"https:\/\/www.autonvaraosahaku.fi\/index.php?rest_route=%2Fwp%2Fv2%2Fmedia&parent=30484"}],"wp:term":[{"taxonomy":"pwb-brand","embeddable":true,"href":"https:\/\/www.autonvaraosahaku.fi\/index.php?rest_route=%2Fwp%2Fv2%2Fpwb-brand&post=30484"},{"taxonomy":"product_cat","embeddable":true,"href":"https:\/\/www.autonvaraosahaku.fi\/index.php?rest_route=%2Fwp%2Fv2%2Fproduct_cat&post=30484"},{"taxonomy":"product_tag","embeddable":true,"href":"https:\/\/www.autonvaraosahaku.fi\/index.php?rest_route=%2Fwp%2Fv2%2Fproduct_tag&post=30484"}],"curies":[{"name":"wp","href":"https:\/\/api.w.org\/{rel}","templated":true}]}}