{"id":30485,"date":"2021-02-21T16:06:16","date_gmt":"2021-02-21T16:06:16","guid":{"rendered":"https:\/\/www.autonvaraosahaku.fi\/?product=vegaz-fd-122-pakosarjan-tiivisteet"},"modified":"2021-02-21T16:06:17","modified_gmt":"2021-02-21T16:06:17","slug":"vegaz-fd-122-pakosarjan-tiivisteet","status":"publish","type":"product","link":"https:\/\/www.autonvaraosahaku.fi\/?product=vegaz-fd-122-pakosarjan-tiivisteet","title":{"rendered":"VEGAZ FD-122 Pakosarjan tiivisteet"},"content":{"rendered":"<p>Paino [kg]: 0,01; Reik\u00e4lukum\u00e4\u00e4r\u00e4 2: 2; L\u00e4pimitta 1 [mm]: 62; L\u00e4pimitta 2 [mm]: 11,5; Valmistusvuoteen: 08\/1996; VW: GOLF IV 1J1,GOLF IV Variant 1J5,BORA 1J2,BORA Kombi 1J6; AUDI: A2 8Z0; NISSAN: QASHQAI \/ QASHQAI +2 J10, JJ10,X-TRAIL T30; FORD: MONDEO III Kombi BWY,MONDEO III B5Y,MONDEO III Stufenheck B4Y,MONDEO II Kombi BNP,MONDEO II BAP,ESCORT VII GAL, AAL, ABL,MONDEO II Stufenheck BFP,MONDEO I Kombi BNP,MONDEO I GBP,ESCORT VII Kombi GAL, ANL,TRANSIT  MK-5 Bus E_ _,ESCORT VII Cabriolet ALL,ESCORT VI GAL,TRANSIT MK-5 Pritsche\/Fahrgestell E_ _,MONDEO I Stufenheck GBP,TRANSIT MK-5 Kasten E_ _,ESCORT VII Stufenheck GAL, AFL,ESCORT VI Kombi GAL,ESCORT CLASSIC AAL, ABL,ESCORT CLASSIC Turnier ANL,ESCORT VI Stufenheck GAL,TRANSIT TOURNEO E_,ORION III GAL; RENAULT: KOLEOS HY_; 60816127, 1J0253115N, 46533338, 1066769, 1097215, 1132359, 6692784, 6797187, 6993854, 206928H300, 1J0253115N; Tiiviste, Pakoputki<\/p>\n","protected":false},"excerpt":{"rendered":"<p>VEGAZ Pakoputken Tiiviste FD-122 Tiiviste, Pakoputki VW,AUDI,NISSAN,GOLF IV 1J1,GOLF IV Variant 1J5,BORA 1J2,BORA Kombi 1J6,A2 8Z0<\/p>\n","protected":false},"featured_media":0,"template":"","meta":{"site-sidebar-layout":"default","site-content-layout":"default","ast-global-header-display":"","ast-main-header-display":"","ast-hfb-above-header-display":"","ast-hfb-below-header-display":"","ast-hfb-mobile-header-display":"","site-post-title":"","ast-breadcrumbs-content":"","ast-featured-img":"","footer-sml-layout":"","theme-transparent-header-meta":"","adv-header-id-meta":"","stick-header-meta":"","header-above-stick-meta":"","header-main-stick-meta":"","header-below-stick-meta":""},"pwb-brand":[306],"product_cat":[123],"product_tag":[],"class_list":{"0":"post-30485","1":"product","2":"type-product","3":"status-publish","5":"pwb-brand-vegaz","6":"product_cat-pakosarjan-tiivisteet","7":"desktop-align-left","8":"tablet-align-left","9":"mobile-align-left","11":"first","12":"instock","13":"product-type-external"},"brands":[{"id":306,"name":"VEGAZ","slug":"vegaz"}],"_links":{"self":[{"href":"https:\/\/www.autonvaraosahaku.fi\/index.php?rest_route=\/wp\/v2\/product\/30485","targetHints":{"allow":["GET"]}}],"collection":[{"href":"https:\/\/www.autonvaraosahaku.fi\/index.php?rest_route=\/wp\/v2\/product"}],"about":[{"href":"https:\/\/www.autonvaraosahaku.fi\/index.php?rest_route=\/wp\/v2\/types\/product"}],"wp:attachment":[{"href":"https:\/\/www.autonvaraosahaku.fi\/index.php?rest_route=%2Fwp%2Fv2%2Fmedia&parent=30485"}],"wp:term":[{"taxonomy":"pwb-brand","embeddable":true,"href":"https:\/\/www.autonvaraosahaku.fi\/index.php?rest_route=%2Fwp%2Fv2%2Fpwb-brand&post=30485"},{"taxonomy":"product_cat","embeddable":true,"href":"https:\/\/www.autonvaraosahaku.fi\/index.php?rest_route=%2Fwp%2Fv2%2Fproduct_cat&post=30485"},{"taxonomy":"product_tag","embeddable":true,"href":"https:\/\/www.autonvaraosahaku.fi\/index.php?rest_route=%2Fwp%2Fv2%2Fproduct_tag&post=30485"}],"curies":[{"name":"wp","href":"https:\/\/api.w.org\/{rel}","templated":true}]}}