{"id":30509,"date":"2021-02-21T16:06:20","date_gmt":"2021-02-21T16:06:20","guid":{"rendered":"https:\/\/www.autonvaraosahaku.fi\/?product=triscan-8540-24401-abs-keha"},"modified":"2021-02-21T16:06:22","modified_gmt":"2021-02-21T16:06:22","slug":"triscan-8540-24401-abs-keha","status":"publish","type":"product","link":"https:\/\/www.autonvaraosahaku.fi\/?product=triscan-8540-24401-abs-keha","title":{"rendered":"TRISCAN 8540 24401 ABS keh\u00e4"},"content":{"rendered":"<p>Sis\u00e4l\u00e4pimitta [mm]: 67; Leveys (mm): 11,3; Hammasluku, ABS-keh\u00e4: 29; Ulkol\u00e4pimitta [mm]: 78; Asennuspuoli: Vorderachse; OPEL: CORSA C F08, F68,MERIVA,VECTRA B 36_,TIGRA TwinTop,VECTRA B Caravan 31_,COMBO Kasten\/Kombi,VECTRA B CC 38_,COMBO Tour,VECTRA A 86_, 87_,ASTRA F 56_, 57_,TIGRA 95_,CORSA C Kasten F08, W5L,VECTRA A CC 88_, 89_,COMBO 71_; VAUXHALL: CORSA Mk II C W5L, F08,CORSAVAN Mk II C,MERIVA Mk I A,TIGRA Convertible,VECTRA B CC,VECTRA B,TIGRA Mk I F07,COMBO TOUR Mk II C F25,COMBO Mk II C Kasten\/Kombi F25; 374213, 90345303, 374213, 90345303; ABS Hammaskeh\u00e4,ABS Rengas,Anturirengas, ABS<\/p>\n","protected":false},"excerpt":{"rendered":"<p>TRISCAN ABS Keh\u00e4 8540 24401 ABS Hammaskeh\u00e4,ABS Rengas OPEL,VAUXHALL,CORSA C F08, F68,MERIVA,VECTRA B 36_,TIGRA TwinTop,VECTRA B Caravan 31_<\/p>\n","protected":false},"featured_media":0,"template":"","meta":{"site-sidebar-layout":"default","site-content-layout":"default","ast-global-header-display":"","ast-main-header-display":"","ast-hfb-above-header-display":"","ast-hfb-below-header-display":"","ast-hfb-mobile-header-display":"","site-post-title":"","ast-breadcrumbs-content":"","ast-featured-img":"","footer-sml-layout":"","theme-transparent-header-meta":"","adv-header-id-meta":"","stick-header-meta":"","header-above-stick-meta":"","header-main-stick-meta":"","header-below-stick-meta":""},"pwb-brand":[337],"product_cat":[273],"product_tag":[],"class_list":{"0":"post-30509","1":"product","2":"type-product","3":"status-publish","5":"pwb-brand-triscan","6":"product_cat-abs-keha","7":"desktop-align-left","8":"tablet-align-left","9":"mobile-align-left","11":"first","12":"instock","13":"product-type-external"},"brands":[{"id":337,"name":"TRISCAN","slug":"triscan"}],"_links":{"self":[{"href":"https:\/\/www.autonvaraosahaku.fi\/index.php?rest_route=\/wp\/v2\/product\/30509","targetHints":{"allow":["GET"]}}],"collection":[{"href":"https:\/\/www.autonvaraosahaku.fi\/index.php?rest_route=\/wp\/v2\/product"}],"about":[{"href":"https:\/\/www.autonvaraosahaku.fi\/index.php?rest_route=\/wp\/v2\/types\/product"}],"wp:attachment":[{"href":"https:\/\/www.autonvaraosahaku.fi\/index.php?rest_route=%2Fwp%2Fv2%2Fmedia&parent=30509"}],"wp:term":[{"taxonomy":"pwb-brand","embeddable":true,"href":"https:\/\/www.autonvaraosahaku.fi\/index.php?rest_route=%2Fwp%2Fv2%2Fpwb-brand&post=30509"},{"taxonomy":"product_cat","embeddable":true,"href":"https:\/\/www.autonvaraosahaku.fi\/index.php?rest_route=%2Fwp%2Fv2%2Fproduct_cat&post=30509"},{"taxonomy":"product_tag","embeddable":true,"href":"https:\/\/www.autonvaraosahaku.fi\/index.php?rest_route=%2Fwp%2Fv2%2Fproduct_tag&post=30509"}],"curies":[{"name":"wp","href":"https:\/\/api.w.org\/{rel}","templated":true}]}}