{"id":30510,"date":"2021-02-21T16:06:20","date_gmt":"2021-02-21T16:06:20","guid":{"rendered":"https:\/\/www.autonvaraosahaku.fi\/?product=swf-119272-pyyhkijansulat"},"modified":"2021-02-21T16:06:22","modified_gmt":"2021-02-21T16:06:22","slug":"swf-119272-pyyhkijansulat","status":"publish","type":"product","link":"https:\/\/www.autonvaraosahaku.fi\/?product=swf-119272-pyyhkijansulat","title":{"rendered":"SWF 119272 Pyyhkij\u00e4nsulat"},"content":{"rendered":"<p>Vasen \/ oikea liikenne: Ohjaus vasemmalla; Asennuspuoli: Edess\u00e4; M\u00e4\u00e4r\u00e4: 2; Korvaava tuote\/korvaava tiedote 2: L\u00e4mmitt\u00e4m\u00e4t\u00f6n; Pituus 1 (mm): 650; Pituus 2 (mm): 450; Pituus1\/pituus2 [tuuma]: 26\/18; Muotoilu: Spoilerilla; Paino [kg]: 0,31, 0,31; Tuotelinja: VisioFlex; Pyyhkij\u00e4nsulkatyyppi: Rungottomat; Valmistusvuosi alkaen: 05\/2013; VW: GOLF VII 5G1, BE1,GOLF VII Kombi BA5,POLO AW1, BZ1,GOLF ALLTRACK BA5; AUDI: A3 Sportback 8VA,A3 Limousine 8VS,A3 8V1,A3 Cabriolet 8V7; SKODA: SUPERB Kombi 3V5,SUPERB 3V3,KAROQ NU7; SEAT: ATECA KH7; ALFA ROMEO: STELVIO 949_; 6000625962, 82B998002, 8V1998002A, 8V1998002B, 576955425, 576955426, 3V1998001, 576955425, 576955426, 5G1998002, 5G1998002A; Tuulilasinpyyhkimet,Pyyhkij\u00e4t,Pyyhkij\u00e4nsulka<\/p>\n","protected":false},"excerpt":{"rendered":"<p>SWF Pyyhkij\u00e4nsulat 119272 Tuulilasinpyyhkimet,Pyyhkij\u00e4t VW,AUDI,SKODA,GOLF VII 5G1, BE1,GOLF VII Kombi BA5,POLO AW1, BZ1,GOLF ALLTRACK BA5<\/p>\n","protected":false},"featured_media":0,"template":"","meta":{"site-sidebar-layout":"default","site-content-layout":"default","ast-global-header-display":"","ast-main-header-display":"","ast-hfb-above-header-display":"","ast-hfb-below-header-display":"","ast-hfb-mobile-header-display":"","site-post-title":"","ast-breadcrumbs-content":"","ast-featured-img":"","footer-sml-layout":"","theme-transparent-header-meta":"","adv-header-id-meta":"","stick-header-meta":"","header-above-stick-meta":"","header-main-stick-meta":"","header-below-stick-meta":""},"pwb-brand":[204],"product_cat":[33],"product_tag":[],"class_list":{"0":"post-30510","1":"product","2":"type-product","3":"status-publish","5":"pwb-brand-swf","6":"product_cat-pyyhkijansulat","7":"desktop-align-left","8":"tablet-align-left","9":"mobile-align-left","11":"first","12":"instock","13":"product-type-external"},"brands":[{"id":204,"name":"SWF","slug":"swf"}],"_links":{"self":[{"href":"https:\/\/www.autonvaraosahaku.fi\/index.php?rest_route=\/wp\/v2\/product\/30510","targetHints":{"allow":["GET"]}}],"collection":[{"href":"https:\/\/www.autonvaraosahaku.fi\/index.php?rest_route=\/wp\/v2\/product"}],"about":[{"href":"https:\/\/www.autonvaraosahaku.fi\/index.php?rest_route=\/wp\/v2\/types\/product"}],"wp:attachment":[{"href":"https:\/\/www.autonvaraosahaku.fi\/index.php?rest_route=%2Fwp%2Fv2%2Fmedia&parent=30510"}],"wp:term":[{"taxonomy":"pwb-brand","embeddable":true,"href":"https:\/\/www.autonvaraosahaku.fi\/index.php?rest_route=%2Fwp%2Fv2%2Fpwb-brand&post=30510"},{"taxonomy":"product_cat","embeddable":true,"href":"https:\/\/www.autonvaraosahaku.fi\/index.php?rest_route=%2Fwp%2Fv2%2Fproduct_cat&post=30510"},{"taxonomy":"product_tag","embeddable":true,"href":"https:\/\/www.autonvaraosahaku.fi\/index.php?rest_route=%2Fwp%2Fv2%2Fproduct_tag&post=30510"}],"curies":[{"name":"wp","href":"https:\/\/api.w.org\/{rel}","templated":true}]}}