{"id":30528,"date":"2021-02-21T16:06:25","date_gmt":"2021-02-21T16:06:25","guid":{"rendered":"https:\/\/www.autonvaraosahaku.fi\/?product=mahle-original-kl-83-polttoainesuodatin"},"modified":"2021-02-21T16:06:27","modified_gmt":"2021-02-21T16:06:27","slug":"mahle-original-kl-83-polttoainesuodatin","status":"publish","type":"product","link":"https:\/\/www.autonvaraosahaku.fi\/?product=mahle-original-kl-83-polttoainesuodatin","title":{"rendered":"MAHLE ORIGINAL KL 83 Polttoainesuodatin"},"content":{"rendered":"<p>Suodatintyyppi: Letkusuodatin; L\u00e4pimitta [mm]: 59,5; Kopan l\u00e4pimitta (mm): 54,4; Korkeus 1 (mm): 79,5, 80,5; Korkeus (mm): 160,5, 160,5, 163,0, 163,0; L\u00e4pimitta 2 [mm]: 7,89, 7,89; L\u00e4pimitta 3 [mm]: 7,89, 7,89; Valmistusvuosi alkaen: 10\/1995; DAEWOO: REZZO KLAU,LEGANZA KLAV,NUBIRA Stufenheck KLAJ,TICO KLY3; LADA: KALINA Kombi 1117,KALINA Schr\u00e4gheck 1119,PRIORA Kombi 2171,KALINA Stufenheck 1118,GRANTA 2190,PRIORA Schr\u00e4gheck 2172,GRANTA Schr\u00e4gheck 2191; CHEVROLET: SPARK M300,LACETTI Kombi J200,TRAILBLAZER 31UX; JAGUAR: X-TYPE CF1,X-TYPE Estate; LANCIA: Y 840A,DELTA II 836,DEDRA 835,DEDRA SW 835; OPEL: CORSA C F08, F68,ZAFIRA B A05,MERIVA,ZAFIRA A F75_,ASTRA G CC F48_, F08_,ASTRA H L48,ASTRA G Caravan F35_,CORSA B 73_, 78_, 79_,VECTRA C Caravan,ASTRA H GTC L08,SIGNUM,VECTRA C,VECTRA B 36_,OMEGA B Caravan 21_, 22_, 23_,OMEGA B 25_, 26_, 27_,VECTRA C GTS,TIGRA TwinTop,VECTRA B Caravan 31_,ASTRA G Cabriolet F67,ASTRA G Coupe F07_,COMBO Kasten\/Kombi,ASTRA G Stufenheck F69_,VECTRA B CC 38_,COMBO Tour,CORSA CLASSIC Stufenheck,TIGRA 95_,CORSA C Kasten F08, W5L,COMBO 71_,CORSA C Utility Pick-up,CORSA B Kasten 73_,ASTRA G Kasten F70,CORSA B Kombi F35,CORSA B Utility Pick-up,ASTRA G CLASSIC Caravan F35,ASTRA CLASSIC Caravan,ASTRA CLASSIC L48,ASTRA G CLASSIC T98,ASTRA G CLASSIC Stufenheck T98; TOYOTA: COROLLA Stufenheck E15_; SAAB: 9-3 YS3F,9-5 Kombi YS3E,9-3 Kombi YS3F,9-5 YS3E,9-3 Cabriolet YS3F,9-3X; ALFA ROMEO: 145 930,146 930; FIAT: DUCATO Pritsche\/Fahrgestell 230,BARCHETTA 183,PUNTO 176,DUCATO Kasten 230L,COUPE FA\/175,STRADA Pick-up 178E,BRAVO I 182,BRAVA 182,PUNTO Cabriolet 176C,MAREA Weekend 185,PALIO Weekend 178DX,MAREA 185,PUNTO Van 176L,PALIO 178BX,SIENA 178_; 46403933, 46523087, 60811822, 60811904, 60812738, 60813741, 71736100, 25126130, 25164443, 25164444, 25313359, 25320277, 52255325, 90486292, 93370527, 93370527, 96335719, 0000007787063, 0000046441236, 0000060811904, 0000060813871, 0060811822, 0060812738, 0060813741, 46403932, 46403933, 46441236, 46523087, 46769601, 51714397, 51806073, 60811822, 60811904, 60812738, 60813741, 60813871, 71736100, 7787063, 25121074, 25126113, 25160729, 25161333, 25164444, 25313359, 7527873, 90486292, 93281612, C2S20906, C2S2768, C2S40500, C2S43206, C2S45278, 212301117010, 21230111701000, 21230111701002, 21230111701080, 21231117010, 2123111701001, 2123111701002, 46403933, 46441236, 46523087, 60812738, 71736100, 7787063, 0818568, 0824742, 0824753, 25121074, 25161333, 25164443, 25164444, 25313359, 25320277, 808568, 818505, 818508, 818509, 818510, 818514, 818568, 818658, 824742, 824753, 90486292, 90512991, SA808568, 25313359, 25164443, 25164444, 25313359, 25320277, 90486292, VFF634<\/p>\n","protected":false},"excerpt":{"rendered":"<p>MAHLE ORIGINAL Polttoainesuodatin KL 83  DAEWOO,LADA,CHEVROLET,REZZO KLAU,LEGANZA KLAV,NUBIRA Stufenheck KLAJ,TICO KLY3,KALINA Kombi 1117<\/p>\n","protected":false},"featured_media":0,"template":"","meta":{"site-sidebar-layout":"default","site-content-layout":"default","ast-global-header-display":"","ast-main-header-display":"","ast-hfb-above-header-display":"","ast-hfb-below-header-display":"","ast-hfb-mobile-header-display":"","site-post-title":"","ast-breadcrumbs-content":"","ast-featured-img":"","footer-sml-layout":"","theme-transparent-header-meta":"","adv-header-id-meta":"","stick-header-meta":"","header-above-stick-meta":"","header-main-stick-meta":"","header-below-stick-meta":""},"pwb-brand":[153],"product_cat":[29],"product_tag":[],"class_list":{"0":"post-30528","1":"product","2":"type-product","3":"status-publish","5":"pwb-brand-mahle-original","6":"product_cat-polttoainesuodatin","7":"desktop-align-left","8":"tablet-align-left","9":"mobile-align-left","11":"first","12":"instock","13":"product-type-external"},"brands":[{"id":153,"name":"MAHLE ORIGINAL","slug":"mahle-original"}],"_links":{"self":[{"href":"https:\/\/www.autonvaraosahaku.fi\/index.php?rest_route=\/wp\/v2\/product\/30528","targetHints":{"allow":["GET"]}}],"collection":[{"href":"https:\/\/www.autonvaraosahaku.fi\/index.php?rest_route=\/wp\/v2\/product"}],"about":[{"href":"https:\/\/www.autonvaraosahaku.fi\/index.php?rest_route=\/wp\/v2\/types\/product"}],"wp:attachment":[{"href":"https:\/\/www.autonvaraosahaku.fi\/index.php?rest_route=%2Fwp%2Fv2%2Fmedia&parent=30528"}],"wp:term":[{"taxonomy":"pwb-brand","embeddable":true,"href":"https:\/\/www.autonvaraosahaku.fi\/index.php?rest_route=%2Fwp%2Fv2%2Fpwb-brand&post=30528"},{"taxonomy":"product_cat","embeddable":true,"href":"https:\/\/www.autonvaraosahaku.fi\/index.php?rest_route=%2Fwp%2Fv2%2Fproduct_cat&post=30528"},{"taxonomy":"product_tag","embeddable":true,"href":"https:\/\/www.autonvaraosahaku.fi\/index.php?rest_route=%2Fwp%2Fv2%2Fproduct_tag&post=30528"}],"curies":[{"name":"wp","href":"https:\/\/api.w.org\/{rel}","templated":true}]}}