{"id":30547,"date":"2021-02-21T16:06:30","date_gmt":"2021-02-21T16:06:30","guid":{"rendered":"https:\/\/www.autonvaraosahaku.fi\/?product=ridex-3213b0002-kampiakselin-hihnapyora"},"modified":"2021-02-21T16:06:31","modified_gmt":"2021-02-21T16:06:31","slug":"ridex-3213b0002-kampiakselin-hihnapyora","status":"publish","type":"product","link":"https:\/\/www.autonvaraosahaku.fi\/?product=ridex-3213b0002-kampiakselin-hihnapyora","title":{"rendered":"RIDEX 3213B0002 Kampiakselin hihnapy\u00f6r\u00e4"},"content":{"rendered":"<p>Paksuus [mm]: 37,0; Sis\u00e4l\u00e4pimitta [mm]: 30,0; Ulkol\u00e4pimitta [mm]: 162,0; kiiloja: 5, ; Tunnusluku: 6PK; Organisaationumeroon: 10247; LANCIA: PHEDRA 179,ZETA 220; FIAT: DUCATO Pritsche\/Fahrgestell 230,DUCATO Kasten 244,DUCATO Pritsche\/Fahrgestell 244,DUCATO Kasten 230L,ULYSSE 179AX,DUCATO Bus 244, Z_,ULYSSE 220,SCUDO Kasten 220L,SCUDO Combinato 220P,SCUDO Pritsche\/Fahrgestell 220_; CITRO\u00cbN: BERLINGO MF,XSARA PICASSO N68,C8 EA_, EB_,BERLINGO Kasten M_,C5 II Break RE_,C5 I DC_,C5 I Break DE_,XSARA N1,C5 II RC_,XSARA Break N2,JUMPER Kasten 244,XANTIA X2,XSARA Coupe N0,EVASION 22, U6,XANTIA Break X2,JUMPY U6U,JUMPY Kasten BS_, BT_, BY_, BZ_,JUMPER Bus 244, Z_,JUMPER Pritsche\/Fahrgestell 244,JUMPY Pritsche\/Fahrgestell BU_, BV_, BW_, BX_,XSARA Kasten,XSARA Kasten\/Schr\u00e4gheck; PEUGEOT: 206 Schr\u00e4gheck 2A\/C,307 SW 3H,307 3A\/C,206 SW 2E\/K,807 E,307 Break 3E,306 Schr\u00e4gheck 7A, 7C, N3, N5,607 9D, 9U,406 Break 8E\/F,PARTNER Combispace 5F,PARTNER Kasten 5,406 Coupe 8C,306 Break 7E, N3, N5,406 8B,806 221,BOXER Kasten 244,306 7B, N3, N5,307 Stufenheck,EXPERT Kasten 222,BOXER Bus 244, Z_,206 Van,EXPERT 224,306 Van N_, 7_,BOXER Pritsche\/Fahrgestell 244,EXPERT Pritsche\/Fahrgestell 223,306 Kasten\/Schr\u00e4gheck; 0515L8, 0515L9, 0515P2, 515L8, 515L9, 515P2, 9641548980, 9630647180, 9641548980, 0515P2, 515P2; Hihnapy\u00f6r\u00e4, Kampiakseli<\/p>\n","protected":false},"excerpt":{"rendered":"<p>RIDEX Kampiakselin Hihnapy\u00f6r\u00e4 3213B0002 Hihnapy\u00f6r\u00e4, Kampiakseli LANCIA,FIAT,CITRO\u00cbN,PHEDRA 179,ZETA 220,DUCATO Pritsche\/Fahrgestell 230<\/p>\n","protected":false},"featured_media":0,"template":"","meta":{"site-sidebar-layout":"default","site-content-layout":"default","ast-global-header-display":"","ast-main-header-display":"","ast-hfb-above-header-display":"","ast-hfb-below-header-display":"","ast-hfb-mobile-header-display":"","site-post-title":"","ast-breadcrumbs-content":"","ast-featured-img":"","footer-sml-layout":"","theme-transparent-header-meta":"","adv-header-id-meta":"","stick-header-meta":"","header-above-stick-meta":"","header-main-stick-meta":"","header-below-stick-meta":""},"pwb-brand":[157],"product_cat":[219],"product_tag":[],"class_list":{"0":"post-30547","1":"product","2":"type-product","3":"status-publish","5":"pwb-brand-ridex","6":"product_cat-kampiakselin-hihnapyora","7":"desktop-align-left","8":"tablet-align-left","9":"mobile-align-left","11":"first","12":"instock","13":"product-type-external"},"brands":[{"id":157,"name":"RIDEX","slug":"ridex"}],"_links":{"self":[{"href":"https:\/\/www.autonvaraosahaku.fi\/index.php?rest_route=\/wp\/v2\/product\/30547","targetHints":{"allow":["GET"]}}],"collection":[{"href":"https:\/\/www.autonvaraosahaku.fi\/index.php?rest_route=\/wp\/v2\/product"}],"about":[{"href":"https:\/\/www.autonvaraosahaku.fi\/index.php?rest_route=\/wp\/v2\/types\/product"}],"wp:attachment":[{"href":"https:\/\/www.autonvaraosahaku.fi\/index.php?rest_route=%2Fwp%2Fv2%2Fmedia&parent=30547"}],"wp:term":[{"taxonomy":"pwb-brand","embeddable":true,"href":"https:\/\/www.autonvaraosahaku.fi\/index.php?rest_route=%2Fwp%2Fv2%2Fpwb-brand&post=30547"},{"taxonomy":"product_cat","embeddable":true,"href":"https:\/\/www.autonvaraosahaku.fi\/index.php?rest_route=%2Fwp%2Fv2%2Fproduct_cat&post=30547"},{"taxonomy":"product_tag","embeddable":true,"href":"https:\/\/www.autonvaraosahaku.fi\/index.php?rest_route=%2Fwp%2Fv2%2Fproduct_tag&post=30547"}],"curies":[{"name":"wp","href":"https:\/\/api.w.org\/{rel}","templated":true}]}}