{"id":30550,"date":"2021-02-21T16:06:30","date_gmt":"2021-02-21T16:06:30","guid":{"rendered":"https:\/\/www.autonvaraosahaku.fi\/?product=brembo-l-05-005-jarruneste"},"modified":"2021-02-21T16:06:32","modified_gmt":"2021-02-21T16:06:32","slug":"brembo-l-05-005-jarruneste","status":"publish","type":"product","link":"https:\/\/www.autonvaraosahaku.fi\/?product=brembo-l-05-005-jarruneste","title":{"rendered":"BREMBO L 05 005 Jarruneste"},"content":{"rendered":"<p>Tuotenumerolle: L 05 005; Laatu: DOT 5.1; Sis\u00e4lt\u00f6 [ml]: 500; Pakkaustyyppi: Pullo; Kuivakiehumispiste [\u00b0C]: 260; M\u00e4rk\u00e4n\u00e4kiehumispiste [\u00b0C]: 180; DOT mukaisuus: DOT 5.1; Tuotelinja: DOT 5.1 Premium Brake Fluid<\/p>\n","protected":false},"excerpt":{"rendered":"<p>BREMBO Jarruneste L 05 005<\/p>\n","protected":false},"featured_media":0,"template":"","meta":{"site-sidebar-layout":"default","site-content-layout":"default","ast-global-header-display":"","ast-main-header-display":"","ast-hfb-above-header-display":"","ast-hfb-below-header-display":"","ast-hfb-mobile-header-display":"","site-post-title":"","ast-breadcrumbs-content":"","ast-featured-img":"","footer-sml-layout":"","theme-transparent-header-meta":"","adv-header-id-meta":"","stick-header-meta":"","header-above-stick-meta":"","header-main-stick-meta":"","header-below-stick-meta":""},"pwb-brand":[146],"product_cat":[142],"product_tag":[],"class_list":{"0":"post-30550","1":"product","2":"type-product","3":"status-publish","5":"pwb-brand-brembo","6":"product_cat-jarruneste","7":"desktop-align-left","8":"tablet-align-left","9":"mobile-align-left","11":"first","12":"instock","13":"product-type-external"},"brands":[{"id":146,"name":"BREMBO","slug":"brembo"}],"_links":{"self":[{"href":"https:\/\/www.autonvaraosahaku.fi\/index.php?rest_route=\/wp\/v2\/product\/30550","targetHints":{"allow":["GET"]}}],"collection":[{"href":"https:\/\/www.autonvaraosahaku.fi\/index.php?rest_route=\/wp\/v2\/product"}],"about":[{"href":"https:\/\/www.autonvaraosahaku.fi\/index.php?rest_route=\/wp\/v2\/types\/product"}],"wp:attachment":[{"href":"https:\/\/www.autonvaraosahaku.fi\/index.php?rest_route=%2Fwp%2Fv2%2Fmedia&parent=30550"}],"wp:term":[{"taxonomy":"pwb-brand","embeddable":true,"href":"https:\/\/www.autonvaraosahaku.fi\/index.php?rest_route=%2Fwp%2Fv2%2Fpwb-brand&post=30550"},{"taxonomy":"product_cat","embeddable":true,"href":"https:\/\/www.autonvaraosahaku.fi\/index.php?rest_route=%2Fwp%2Fv2%2Fproduct_cat&post=30550"},{"taxonomy":"product_tag","embeddable":true,"href":"https:\/\/www.autonvaraosahaku.fi\/index.php?rest_route=%2Fwp%2Fv2%2Fproduct_tag&post=30550"}],"curies":[{"name":"wp","href":"https:\/\/api.w.org\/{rel}","templated":true}]}}