{"id":30564,"date":"2021-02-21T16:06:34","date_gmt":"2021-02-21T16:06:34","guid":{"rendered":"https:\/\/www.autonvaraosahaku.fi\/?product=ridex-3946s0008-kampiakselin-asentotunnistin"},"modified":"2021-02-21T16:06:35","modified_gmt":"2021-02-21T16:06:35","slug":"ridex-3946s0008-kampiakselin-asentotunnistin","status":"publish","type":"product","link":"https:\/\/www.autonvaraosahaku.fi\/?product=ridex-3946s0008-kampiakselin-asentotunnistin","title":{"rendered":"RIDEX 3946S0008 Kampiakselin asentotunnistin"},"content":{"rendered":"<p>Tunnistinmalli: Hall-anturi, aktiivisensori; Liittimi\u00e4: 3; Asennuspuoli: Poistopuoli; Korvaava tuote\/korvaava tiedote 2: nokka-akselille, ilman kaapelia; Tarvittava kappalem\u00e4\u00e4r\u00e4: 1; Lis\u00e4tarvike\/lis\u00e4tieto: Tiivisteill\u00e4; Nimellisj\u00e4nnite (V): 12; Asennussyvyys (mm): 24; Kopan v\u00e4ri: Musta; Pistokkeen kotelon muoto: Soikea; Moottorinumero: 119982; MERCEDES-BENZ: C-CLASS W203,E-CLASS W211,C-CLASS W204,A-CLASS W169,B-CLASS W245,C-CLASS T-Model S204,C-CLASS T-Model S203,C-CLASS W202,E-CLASS T-Model S211,SLK R170,E-CLASS W210,E-CLASS W212,VIANO W639,M-CLASS W164,C-CLASS Coupe CL203,M-CLASS W163,E-CLASS T-Model S212,GLK-CLASS X204,E-CLASS Kombi S210,VITO Bus W639,SLK R171,CLK C208,SL R129,CLK C209,C-CLASS Kombi S202,S-CLASS W220,VITO \/ MIXTO Kasten W639,SPRINTER 3,5-t Kasten 906,S-CLASS W221,CLS C219,SL R230,R-CLASS W251, V251,G-CLASS W463,E-CLASS Coupe C207,CLK Cabriolet A208,CLK Cabriolet A209,S-CLASS W140,C-CLASS Coupe C204,SPRINTER 3,5-t Bus 906,SPRINTER 3-t Kasten 906,SLK R172,E-CLASS Cabriolet A207,CLC-CLASS CL203,GL-CLASS X164,SPRINTER 3,5-t Pritsche\/Fahrgestell 906,S-CLASS Coupe C215,S-CLASS Coupe C216,SPRINTER 3-t Bus 906,S-CLASS W222, V222, X222,SPRINTER 5-t Kasten 906,S-CLASS Coupe C140,SPRINTER 5-t Pritsche\/Fahrgestell 906,SL R231,G-CLASS Cabrio W463,SPRINTER 3-t Pritsche\/Fahrgestell 906,SPRINTER 4,6-t Pri; PORSCHE: BOXSTER 986,911 996,911 Targa 996; CHRYSLER: CROSSFIRE,CROSSFIRE Roadster; 0B8927321, 5101122AA, K05101122AA, 37840PDFE01, 0031538328, 0041530728, 0041536928, A0031538328, A0041530728, A0041536928, 99660610601, 99660610602, 0B8927321, B8927321, 0B8927321, B8927321, 0041530728, 0B8927321, B8927321; Nokka Akselin Anturi,Nokka Akselin Tunnistin,Tunnistin, Nokka-Akselin Ajoitus<\/p>\n","protected":false},"excerpt":{"rendered":"<p>RIDEX Nokka Akselin Asentotunnistin 3946S0008 Nokka Akselin Anturi,Nokka Akselin Tunnistin MERCEDES-BENZ,PORSCHE,CHRYSLER,C-CLASS W203,E-CLASS W211<\/p>\n","protected":false},"featured_media":0,"template":"","meta":{"site-sidebar-layout":"default","site-content-layout":"default","ast-global-header-display":"","ast-main-header-display":"","ast-hfb-above-header-display":"","ast-hfb-below-header-display":"","ast-hfb-mobile-header-display":"","site-post-title":"","ast-breadcrumbs-content":"","ast-featured-img":"","footer-sml-layout":"","theme-transparent-header-meta":"","adv-header-id-meta":"","stick-header-meta":"","header-above-stick-meta":"","header-main-stick-meta":"","header-below-stick-meta":""},"pwb-brand":[157],"product_cat":[184],"product_tag":[],"class_list":{"0":"post-30564","1":"product","2":"type-product","3":"status-publish","5":"pwb-brand-ridex","6":"product_cat-kampiakselin-asentotunnistin","7":"desktop-align-left","8":"tablet-align-left","9":"mobile-align-left","11":"first","12":"instock","13":"product-type-external"},"brands":[{"id":157,"name":"RIDEX","slug":"ridex"}],"_links":{"self":[{"href":"https:\/\/www.autonvaraosahaku.fi\/index.php?rest_route=\/wp\/v2\/product\/30564","targetHints":{"allow":["GET"]}}],"collection":[{"href":"https:\/\/www.autonvaraosahaku.fi\/index.php?rest_route=\/wp\/v2\/product"}],"about":[{"href":"https:\/\/www.autonvaraosahaku.fi\/index.php?rest_route=\/wp\/v2\/types\/product"}],"wp:attachment":[{"href":"https:\/\/www.autonvaraosahaku.fi\/index.php?rest_route=%2Fwp%2Fv2%2Fmedia&parent=30564"}],"wp:term":[{"taxonomy":"pwb-brand","embeddable":true,"href":"https:\/\/www.autonvaraosahaku.fi\/index.php?rest_route=%2Fwp%2Fv2%2Fpwb-brand&post=30564"},{"taxonomy":"product_cat","embeddable":true,"href":"https:\/\/www.autonvaraosahaku.fi\/index.php?rest_route=%2Fwp%2Fv2%2Fproduct_cat&post=30564"},{"taxonomy":"product_tag","embeddable":true,"href":"https:\/\/www.autonvaraosahaku.fi\/index.php?rest_route=%2Fwp%2Fv2%2Fproduct_tag&post=30564"}],"curies":[{"name":"wp","href":"https:\/\/api.w.org\/{rel}","templated":true}]}}